

{"id":6138,"date":"2025-03-14T08:58:28","date_gmt":"2025-03-14T07:58:28","guid":{"rendered":"https:\/\/blackviewphones.com\/?post_type=product&#038;p=6138"},"modified":"2025-08-28T18:16:11","modified_gmt":"2025-08-28T16:16:11","slug":"capa-protetora-para-blackview-tab","status":"publish","type":"product","link":"https:\/\/blackviewphones.com\/pt\/product\/funda-protectora-tab-blackview\/","title":{"rendered":"Capa protetora para Blackview Tab"},"content":{"rendered":"<h1>Capa protetora para Blackview Tab<\/h1>\n<p>A capa protetora Blackview Tab \u00e9 essencial se voc\u00ea quer se movimentar e sempre carregar seu Tab 8 ou Tab 10 Pro com voc\u00ea. Ela tem dobras que permitir\u00e3o que voc\u00ea apoie-a em mesas ou escrivaninhas sem usar as m\u00e3os. Ela tamb\u00e9m tem os furos necess\u00e1rios para fones de ouvido e um carregador.<\/p>\n<p>Explicamos melhor suas caracter\u00edsticas a seguir:<\/p>\n<ul class=\"a-unordered-list a-vertical a-spacing-mini\">\n<li><span class=\"a-list-item\">Projetado especialmente para o Blackview Tab.<\/span><\/li>\n<li><span class=\"a-list-item\">MATERIAL DE ALTA CALIDAD \u2013 Fabricado con material de alta calidad por fuera e interior de silicona para un c\u00f3modo sentido del tacto y un prop\u00f3sito duradero, mientras proporciona una protecci\u00f3n definitiva.<\/span><\/li>\n<li><span class=\"a-list-item\">IDEAL PARA SOSTENERLA \u2013<\/span>Dobre para criar um suporte para assistir v\u00eddeos, jogar ou trabalhar<\/li>\n<li><span class=\"a-list-item\">ACCESO F\u00c1CIL A TODOS LOS BOTONES \u2013 Ultra compacto y cortado con precisi\u00f3n para preservar el acceso completo a todos los botones sin quitar el caso como cargar, escuchar m\u00fasica, etc.<\/span><\/li>\n<\/ul>","protected":false},"excerpt":{"rendered":"<p>Funda protectora Tab Blackview La Funda protectora Tab Blackview es indispensable si quieres moverte y llevar contigo siempre tu Tab 8 o Tab 10 Pro, tiene pliegues que ter permitir\u00e1n tenerla apoyada en mesas o escritorios sin utilizar las manos, tambi\u00e9n cuenta con los orificios necesarios para auriculares y cargador. Te explicamos mejor sus caracter\u00edsticas<\/p>\n<div class=\"klb-readmore entry-button\"><a class=\"btn read-more\" href=\"https:\/\/blackviewphones.com\/pt\/product\/funda-protectora-tab-blackview\/\">Ler mais<\/a><\/div>","protected":false},"featured_media":3202,"comment_status":"open","ping_status":"closed","template":"","meta":{"_acf_changed":false},"product_brand":[],"product_cat":[154],"product_tag":[],"class_list":{"0":"post-6138","1":"product","2":"type-product","3":"status-publish","4":"has-post-thumbnail","6":"product_cat-accesorios-blackview","8":"first","9":"outofstock","10":"shipping-taxable","11":"purchasable","12":"product-type-variable"},"acf":[],"_links":{"self":[{"href":"https:\/\/blackviewphones.com\/pt\/wp-json\/wp\/v2\/product\/6138","targetHints":{"allow":["GET"]}}],"collection":[{"href":"https:\/\/blackviewphones.com\/pt\/wp-json\/wp\/v2\/product"}],"about":[{"href":"https:\/\/blackviewphones.com\/pt\/wp-json\/wp\/v2\/types\/product"}],"replies":[{"embeddable":true,"href":"https:\/\/blackviewphones.com\/pt\/wp-json\/wp\/v2\/comments?post=6138"}],"version-history":[{"count":0,"href":"https:\/\/blackviewphones.com\/pt\/wp-json\/wp\/v2\/product\/6138\/revisions"}],"wp:featuredmedia":[{"embeddable":true,"href":"https:\/\/blackviewphones.com\/pt\/wp-json\/wp\/v2\/media\/3202"}],"wp:attachment":[{"href":"https:\/\/blackviewphones.com\/pt\/wp-json\/wp\/v2\/media?parent=6138"}],"wp:term":[{"taxonomy":"product_brand","embeddable":true,"href":"https:\/\/blackviewphones.com\/pt\/wp-json\/wp\/v2\/product_brand?post=6138"},{"taxonomy":"product_cat","embeddable":true,"href":"https:\/\/blackviewphones.com\/pt\/wp-json\/wp\/v2\/product_cat?post=6138"},{"taxonomy":"product_tag","embeddable":true,"href":"https:\/\/blackviewphones.com\/pt\/wp-json\/wp\/v2\/product_tag?post=6138"}],"curies":[{"name":"wp","href":"https:\/\/api.w.org\/{rel}","templated":true}]}}