

{"id":6098,"date":"2025-03-14T08:57:19","date_gmt":"2025-03-14T07:57:19","guid":{"rendered":"https:\/\/blackviewphones.com\/?post_type=product&#038;p=6098"},"modified":"2026-04-30T15:11:27","modified_gmt":"2026-04-30T13:11:27","slug":"cabo-micro-usb-blackview","status":"publish","type":"product","link":"https:\/\/blackviewphones.com\/pt\/product\/blackview-cable-micro-usb\/","title":{"rendered":"Cabo de carregamento USB para Micro-USB da Blackview"},"content":{"rendered":"<h1 id=\"title\" class=\"a-size-large a-spacing-none\">Cabo de carregamento USB para Micro-USB da Blackview<\/h1>\n<p class=\"a-size-large a-spacing-none\"><span id=\"productTitle\" class=\"a-size-large\">Cabo de carregamento micro-USB de diferentes tamanhos para diferentes celulares Blackview.<\/span><\/p>\n<p>Antes de selecionar um cabo, voc\u00ea deve saber qual \u00e9 o modelo do seu terminal para poder obter o cabo ideal para ele.<\/p>","protected":false},"excerpt":{"rendered":"<p>Cabo de carregamento USB para Micro-USB da Blackview. Cabos de carregamento Micro-USB de diferentes tamanhos para v\u00e1rios celulares Blackview. Antes de escolher um cabo, voc\u00ea deve saber o modelo do seu celular para garantir que est\u00e1 comprando o cabo correto.<\/p>","protected":false},"featured_media":3111,"comment_status":"closed","ping_status":"closed","template":"","meta":{"_acf_changed":false},"product_brand":[],"product_cat":[154,330],"product_tag":[],"class_list":{"0":"post-6098","1":"product","2":"type-product","3":"status-publish","4":"has-post-thumbnail","6":"product_cat-accesorios-blackview","7":"product_cat-accesorios-blackview-accesorios-para-moviles","9":"first","10":"instock","11":"purchasable","12":"product-type-variable"},"acf":[],"_links":{"self":[{"href":"https:\/\/blackviewphones.com\/pt\/wp-json\/wp\/v2\/product\/6098","targetHints":{"allow":["GET"]}}],"collection":[{"href":"https:\/\/blackviewphones.com\/pt\/wp-json\/wp\/v2\/product"}],"about":[{"href":"https:\/\/blackviewphones.com\/pt\/wp-json\/wp\/v2\/types\/product"}],"replies":[{"embeddable":true,"href":"https:\/\/blackviewphones.com\/pt\/wp-json\/wp\/v2\/comments?post=6098"}],"version-history":[{"count":0,"href":"https:\/\/blackviewphones.com\/pt\/wp-json\/wp\/v2\/product\/6098\/revisions"}],"wp:featuredmedia":[{"embeddable":true,"href":"https:\/\/blackviewphones.com\/pt\/wp-json\/wp\/v2\/media\/3111"}],"wp:attachment":[{"href":"https:\/\/blackviewphones.com\/pt\/wp-json\/wp\/v2\/media?parent=6098"}],"wp:term":[{"taxonomy":"product_brand","embeddable":true,"href":"https:\/\/blackviewphones.com\/pt\/wp-json\/wp\/v2\/product_brand?post=6098"},{"taxonomy":"product_cat","embeddable":true,"href":"https:\/\/blackviewphones.com\/pt\/wp-json\/wp\/v2\/product_cat?post=6098"},{"taxonomy":"product_tag","embeddable":true,"href":"https:\/\/blackviewphones.com\/pt\/wp-json\/wp\/v2\/product_tag?post=6098"}],"curies":[{"name":"wp","href":"https:\/\/api.w.org\/{rel}","templated":true}]}}