

{"id":6095,"date":"2025-03-14T08:57:15","date_gmt":"2025-03-14T07:57:15","guid":{"rendered":"https:\/\/blackviewphones.com\/?post_type=product&#038;p=6095"},"modified":"2026-04-02T13:21:36","modified_gmt":"2026-04-02T11:21:36","slug":"cartoes-de-memoria-micro-sd","status":"publish","type":"product","link":"https:\/\/blackviewphones.com\/pt\/product\/tarjetas-de-memoria-micro-sd\/","title":{"rendered":"Cart\u00f5es de mem\u00f3ria Micro SD"},"content":{"rendered":"<h1>Cart\u00f5es de mem\u00f3ria Micro SD<\/h1>\n<p>Para compradores de celulares de nossa loja ou qualquer tablet, oferecemos Cart\u00f5es de Mem\u00f3ria Micro SD a um pre\u00e7o muito acess\u00edvel.<\/p>\n<p>O pacote cont\u00e9m um cart\u00e3o de mem\u00f3ria Micro SD.<\/p>\n<p>(*) Os pre\u00e7os incluem IVA. Os custos de envio n\u00e3o s\u00e3o adicionados se forem combinados com a compra de outro produto.<\/p>\n<p>Caso contr\u00e1rio, adicione \u20ac 3,99 para custos de envio.<\/p>","protected":false},"excerpt":{"rendered":"<p>Para compradores de celulares de nossa loja ou qualquer tablet, oferecemos cart\u00f5es Micro SD a um pre\u00e7o muito acess\u00edvel!<\/p>","protected":false},"featured_media":3097,"comment_status":"closed","ping_status":"closed","template":"","meta":{"_acf_changed":false},"product_brand":[],"product_cat":[154,330,331],"product_tag":[],"class_list":{"0":"post-6095","1":"product","2":"type-product","3":"status-publish","4":"has-post-thumbnail","6":"product_cat-accesorios-blackview","7":"product_cat-accesorios-blackview-accesorios-para-moviles","8":"product_cat-accesorios-blackview-accesorios-para-tablets","10":"first","11":"outofstock","12":"sale","13":"purchasable","14":"product-type-variable"},"acf":[],"_links":{"self":[{"href":"https:\/\/blackviewphones.com\/pt\/wp-json\/wp\/v2\/product\/6095","targetHints":{"allow":["GET"]}}],"collection":[{"href":"https:\/\/blackviewphones.com\/pt\/wp-json\/wp\/v2\/product"}],"about":[{"href":"https:\/\/blackviewphones.com\/pt\/wp-json\/wp\/v2\/types\/product"}],"replies":[{"embeddable":true,"href":"https:\/\/blackviewphones.com\/pt\/wp-json\/wp\/v2\/comments?post=6095"}],"version-history":[{"count":0,"href":"https:\/\/blackviewphones.com\/pt\/wp-json\/wp\/v2\/product\/6095\/revisions"}],"wp:featuredmedia":[{"embeddable":true,"href":"https:\/\/blackviewphones.com\/pt\/wp-json\/wp\/v2\/media\/3097"}],"wp:attachment":[{"href":"https:\/\/blackviewphones.com\/pt\/wp-json\/wp\/v2\/media?parent=6095"}],"wp:term":[{"taxonomy":"product_brand","embeddable":true,"href":"https:\/\/blackviewphones.com\/pt\/wp-json\/wp\/v2\/product_brand?post=6095"},{"taxonomy":"product_cat","embeddable":true,"href":"https:\/\/blackviewphones.com\/pt\/wp-json\/wp\/v2\/product_cat?post=6095"},{"taxonomy":"product_tag","embeddable":true,"href":"https:\/\/blackviewphones.com\/pt\/wp-json\/wp\/v2\/product_tag?post=6095"}],"curies":[{"name":"wp","href":"https:\/\/api.w.org\/{rel}","templated":true}]}}