

{"id":5020,"date":"2025-01-17T16:43:41","date_gmt":"2025-01-17T15:43:41","guid":{"rendered":"https:\/\/blackviewphones.com\/?product=blackview-bv8200-36-gb-ram-256-gb-rom-ai-brillo-linterna-negro"},"modified":"2026-04-14T12:37:08","modified_gmt":"2026-04-14T10:37:08","slug":"blackview-bv8200-36gb-ram-256gb-rom-lanterna","status":"publish","type":"product","link":"https:\/\/blackviewphones.com\/pt\/product\/blackview-bv8200-36-gb-ram-256-gb-rom-linterna\/","title":{"rendered":"Blackview BV8200 | 36 GB (12 GB + 24 GB) de RAM 256 GB de ROM"},"content":{"rendered":"<h1>Blackview BV8200 | 36 GB (12 GB + 24 GB) de RAM 256 GB de ROM<\/h1>\n<p>Apresentamos o\u00a0<strong>BV8200, um telefone robusto.<\/strong>\u00a0Projetado para suportar os ambientes mais desafiadores com uma lanterna de at\u00e9 170 l\u00famens. Equipado com um processador potente\u00a0<strong>MediaTek Helio G100<\/strong>\u00a0e\u00a0<strong>Androide 14<\/strong>. Com\u00a0<strong>12 GB<\/strong>\u00a0<strong>de RAM<\/strong>\u00a0at\u00e9\u00a0<strong>24 GB<\/strong><strong>\u00a0avan\u00e7ar<\/strong>\u00a0expans\u00e3o, este dispositivo oferece desempenho r\u00e1pido e suave em todas as suas tarefas. Com uma capacidade de armazenamento interno de\u00a0<strong>256 GB<\/strong>\u00a0e a capacidade de expans\u00e3o de at\u00e9 2 TB adicionais via cart\u00e3o microSD, voc\u00ea ter\u00e1 espa\u00e7o mais que suficiente para armazenar seus arquivos, aplicativos e m\u00eddia.<\/p>\n<p>Sua tela dupla\u00a0<strong>VIDRO CORNING \u00ae GORILLA \u00ae 5, l<\/strong>uma frente de 6,5 polegadas,\u00a0<strong>120 Hz<\/strong>, oferece uma experi\u00eancia visual envolvente e vibrante, enquanto sua bateria de longa dura\u00e7\u00e3o\u00a0<strong>8800 mAh<\/strong>\u00a0permite que voc\u00ea aproveite o uso prolongado sem se preocupar em ficar sem energia. Ele tamb\u00e9m tem uma tela traseira de 1,3\u2033 e 60Hz.<\/p>\n<p>O BV8200 possui uma c\u00e2mera traseira\u00a0<strong>C\u00e2mera Samsung\u00ae ISOCELL GN5 de 50 MP<\/strong>, que permite capturar imagens e v\u00eddeos de alta qualidade mesmo em condi\u00e7\u00f5es de pouca luz. Al\u00e9m disso, sua c\u00e2mera frontal de 32 MPx \u00e9 perfeita para tirar selfies incr\u00edveis e conta com um editor de fotos com IA.<\/p>\n<p>Al\u00e9m disso, possui desempenho e capacidade de armazenamento poderosos. O BV8200, tem\u00a0<strong>Certifica\u00e7\u00f5es IP68 e IP69K<\/strong>, o que significa que \u00e9 resistente \u00e0 \u00e1gua doce e \u00e0 poeira. Ele tamb\u00e9m atende aos padr\u00f5es militares.\u00a0<strong>Norma MIL-STD-810H<\/strong>, o que garante sua resist\u00eancia a condi\u00e7\u00f5es extremas como quedas, vibra\u00e7\u00f5es e temperaturas extremas.<\/p>\n<h2><span style=\"font-size: 16px;\">N\u00e3o perca a oportunidade de adquirir o BV8200, um telefone robusto e confi\u00e1vel que o acompanhar\u00e1 em suas aventuras mais extremas. Desfrute de desempenho excepcional, bateria de longa dura\u00e7\u00e3o, lanterna potente e excelente qualidade de c\u00e2mera. Prepare-se para levar sua experi\u00eancia m\u00f3vel para o pr\u00f3ximo n\u00edvel com o Blackview BV8200!<\/span><\/h2>\n<h3>IP68: O QUE VOC\u00ca PODE E N\u00c3O PODE FAZER<\/h3>\n<p>Se um dispositivo tiver certifica\u00e7\u00e3o IP68, isso significa que ele pode ser submerso em \u00e1gua.\u00a0<strong>\u00e1gua doce<\/strong>\u00a0<strong>em profundidades de at\u00e9 um metro por um per\u00edodo m\u00e1ximo de 30 minutos, desde que as prote\u00e7\u00f5es terminais permane\u00e7am devidamente seladas.<\/strong><\/p>\n<p><strong>Deixamos-lhe algumas dicas<\/strong>\u00a0<strong>para qualquer terminal com certifica\u00e7\u00e3o IP68<\/strong>:<\/p>\n<ul>\n<li>N\u00e3o exponha o smartphone IP68 a correntes de \u00e1gua, como \u00e1gua da torneira, ondas do mar ou cachoeiras.<\/li>\n<li>Al\u00e9m disso, se o seu smartphone IP68 tiver sido exposto \u00e0 \u00e1gua doce, seque-o cuidadosamente com um pano limpo e macio.<\/li>\n<li>Se o smartphone IP68 tiver sido exposto a qualquer tipo de l\u00edquido que n\u00e3o seja \u00e1gua doce (como \u00e1gua do mar), enx\u00e1gue imediatamente o dispositivo com cuidado em \u00e1gua doce e seque bem com um pano macio e limpo.<\/li>\n<li>Caso tenha alguma d\u00favida sobre se as prote\u00e7\u00f5es est\u00e3o devidamente fechadas.\u00a0<strong>N\u00e3o\u00a0<\/strong>voc\u00ea o molha.<\/li>\n<li>Evite testes agressivos para demonstrar sua resist\u00eancia<\/li>\n<li>N\u00e3o \u00e9 aconselh\u00e1vel manipular os bot\u00f5es do aparelho na \u00e1gua.<\/li>\n<li>\u00c9 recomend\u00e1vel N\u00c3O molhar o dispositivo em \u00e1gua salgada, pois a certifica\u00e7\u00e3o IP se aplica somente \u00e0 \u00e1gua doce.<\/li>\n<\/ul>","protected":false},"excerpt":{"rendered":"<p>Celular robusto com NFC<\/p>\n<p>MediaTek Helio G100<\/p>\n<p>12 GB + 24 GB de RAM 256 GB de ROM<\/p>\n<p>Androide 14 | Lanterna 170 LM<\/p>\n<p>174,6*81,1*16,5 mil\u00edmetros<\/p>\n<p>Tela de 6,5\u2033 e 500 nits<\/p>\n<p>8800 mAh Peso 370 g<\/p>\n<div id=\"gtx-trans\" style=\"position: absolute; left: 675px; top: 276.99px;\">\n<div class=\"gtx-trans-icon\"><\/div>\n<\/div>","protected":false},"featured_media":12571,"comment_status":"open","ping_status":"closed","template":"","meta":{"_acf_changed":false},"product_brand":[287],"product_cat":[42,136,166,159],"product_tag":[298],"class_list":{"0":"post-5020","1":"product","2":"type-product","3":"status-publish","4":"has-post-thumbnail","6":"product_brand-blackview","7":"product_cat-moviles-blackview","8":"product_cat-moviles-resistentes-rugerizados","9":"product_cat-moviles-resistentes-rugerizados-nuevos-modelos","10":"product_cat-ofertas","11":"product_tag-linterna","13":"first","14":"outofstock","15":"sale","16":"shipping-taxable","17":"purchasable","18":"product-type-variable"},"acf":[],"_links":{"self":[{"href":"https:\/\/blackviewphones.com\/pt\/wp-json\/wp\/v2\/product\/5020","targetHints":{"allow":["GET"]}}],"collection":[{"href":"https:\/\/blackviewphones.com\/pt\/wp-json\/wp\/v2\/product"}],"about":[{"href":"https:\/\/blackviewphones.com\/pt\/wp-json\/wp\/v2\/types\/product"}],"replies":[{"embeddable":true,"href":"https:\/\/blackviewphones.com\/pt\/wp-json\/wp\/v2\/comments?post=5020"}],"version-history":[{"count":0,"href":"https:\/\/blackviewphones.com\/pt\/wp-json\/wp\/v2\/product\/5020\/revisions"}],"wp:featuredmedia":[{"embeddable":true,"href":"https:\/\/blackviewphones.com\/pt\/wp-json\/wp\/v2\/media\/12571"}],"wp:attachment":[{"href":"https:\/\/blackviewphones.com\/pt\/wp-json\/wp\/v2\/media?parent=5020"}],"wp:term":[{"taxonomy":"product_brand","embeddable":true,"href":"https:\/\/blackviewphones.com\/pt\/wp-json\/wp\/v2\/product_brand?post=5020"},{"taxonomy":"product_cat","embeddable":true,"href":"https:\/\/blackviewphones.com\/pt\/wp-json\/wp\/v2\/product_cat?post=5020"},{"taxonomy":"product_tag","embeddable":true,"href":"https:\/\/blackviewphones.com\/pt\/wp-json\/wp\/v2\/product_tag?post=5020"}],"curies":[{"name":"wp","href":"https:\/\/api.w.org\/{rel}","templated":true}]}}