

{"id":4986,"date":"2025-01-17T16:43:29","date_gmt":"2025-01-17T15:43:29","guid":{"rendered":"https:\/\/blackviewphones.com\/?product=portatil-blackview-acebook-12-10th-16-gb-ram-512-gb-rom-gris"},"modified":"2026-01-07T10:46:50","modified_gmt":"2026-01-07T09:46:50","slug":"notebook-blackview-acebook-12-10th-16-gb-ram-512-gb-rom","status":"publish","type":"product","link":"https:\/\/blackviewphones.com\/pt\/product\/portatil-blackview-acebook-12-10th-16-gb-ram-512-gb-rom\/","title":{"rendered":"Blackview Acebook 12 10\u00ba port\u00e1til | 16 GB de RAM 512 GB de ROM"},"content":{"rendered":"<h1>Blackview Acebook 12 10\u00ba port\u00e1til | 16 GB de RAM 512 GB de ROM<\/h1>\n<p>Descubra o\u00a0<strong>Caderno Blackview Acebook 12<\/strong>\u00a0O 10\u00ba com processador Core i5 1030 NG7 chegou para revolucionar sua experi\u00eancia tecnol\u00f3gica. Com um design elegante e recursos inovadores, este tablet oferece pot\u00eancia, versatilidade e desempenho excepcional. Ele tem uma tela de 16\u2033 60Hz, 16GB de RAM e 512GB de ROM. Al\u00e9m disso, ele vem com o Windows 11 pr\u00e9-instalado com tecnologia de IA.<\/p>\n<h2><strong>Laptop com rota\u00e7\u00e3o de 180\u00ba: flexibilidade incompar\u00e1vel, sempre pronto<\/strong><\/h2>\n<p>O Apple 12 possui uma dobradi\u00e7a girat\u00f3ria de 180\u00b0, permitindo que voc\u00ea ajuste a tela em qualquer \u00e2ngulo entre 0\u00b0 e 180\u00b0, adaptando-se perfeitamente \u00e0s suas necessidades. Quer voc\u00ea esteja compartilhando telas, colaborando com colegas ou fazendo apresenta\u00e7\u00f5es para um grupo, voc\u00ea sempre encontrar\u00e1 o \u00e2ngulo perfeito.<\/p>\n<h2><strong>Som surround 3D, imers\u00e3o 360\u00ba: melhor experi\u00eancia de \u00e1udio<\/strong><\/h2>\n<p>Sinta a profundidade, vivencie o som. Usando algoritmos avan\u00e7ados de processamento de \u00e1udio e simulando som multicanal, o Apple 12 oferece imers\u00e3o com qualidade de cinema por meio de alto-falantes est\u00e9reo ou fones de ouvido. Cada nota ganha vida e cada detalhe \u00e9 cristalino.<\/p>\n<p><strong data-start=\"132\" data-end=\"175\">Informa\u00e7\u00f5es importantes sobre o teclado<\/strong><br data-start=\"175\" data-end=\"178\" \/>Este produto \u00e9 um <strong data-start=\"198\" data-end=\"235\">teclado QWERTY externo (separado)<\/strong>, por isso <strong data-start=\"248\" data-end=\"275\">n\u00e3o inclui a tecla \u201c\u00d1\u201d<\/strong>.<\/p>\n<p><strong style=\"font-size: 16px;\">Laptop da marca Blackview, mas n\u00e3o \u00e9 IP68, n\u00e3o pode molhar nem bater.<\/strong><\/p>\n<p>\u00a0<\/p>","protected":false},"excerpt":{"rendered":"<p><strong data-start=\"132\" data-end=\"175\">Informa\u00e7\u00f5es importantes sobre o teclado<\/strong><br data-start=\"175\" data-end=\"178\" \/>Este produto \u00e9 um <strong data-start=\"198\" data-end=\"235\">teclado QWERTY externo (separado)<\/strong>, por isso <strong data-start=\"248\" data-end=\"275\">n\u00e3o inclui a tecla \u201c\u00d1\u201d<\/strong>.<\/p>\n<p>Processador Intel\u00ae Core i5 \u2013 1030 NG7<\/p>\n<p>Poderosa placa de v\u00eddeo Intel\u00ae Iris\u00ae Plus<\/p>\n<p>359,52*233,83*18 mil\u00edmetros<\/p>\n<p>Tela de 16\u2033 | Peso 1,6 kg<\/p>\n<p>5000 mAh | Windows 11 Pro pr\u00e9-instalado<\/p>\n<p>16 GB de RAM 512 GB de ROM<\/p>","protected":false},"featured_media":4982,"comment_status":"open","ping_status":"closed","template":"","meta":{"_acf_changed":false},"product_brand":[287],"product_cat":[349],"product_tag":[],"class_list":{"0":"post-4986","1":"product","2":"type-product","3":"status-publish","4":"has-post-thumbnail","6":"product_brand-blackview","7":"product_cat-sin-categoria","9":"first","10":"outofstock","11":"sale","12":"featured","13":"shipping-taxable","14":"purchasable","15":"product-type-variable","16":"has-default-attributes"},"acf":[],"_links":{"self":[{"href":"https:\/\/blackviewphones.com\/pt\/wp-json\/wp\/v2\/product\/4986","targetHints":{"allow":["GET"]}}],"collection":[{"href":"https:\/\/blackviewphones.com\/pt\/wp-json\/wp\/v2\/product"}],"about":[{"href":"https:\/\/blackviewphones.com\/pt\/wp-json\/wp\/v2\/types\/product"}],"replies":[{"embeddable":true,"href":"https:\/\/blackviewphones.com\/pt\/wp-json\/wp\/v2\/comments?post=4986"}],"version-history":[{"count":0,"href":"https:\/\/blackviewphones.com\/pt\/wp-json\/wp\/v2\/product\/4986\/revisions"}],"wp:featuredmedia":[{"embeddable":true,"href":"https:\/\/blackviewphones.com\/pt\/wp-json\/wp\/v2\/media\/4982"}],"wp:attachment":[{"href":"https:\/\/blackviewphones.com\/pt\/wp-json\/wp\/v2\/media?parent=4986"}],"wp:term":[{"taxonomy":"product_brand","embeddable":true,"href":"https:\/\/blackviewphones.com\/pt\/wp-json\/wp\/v2\/product_brand?post=4986"},{"taxonomy":"product_cat","embeddable":true,"href":"https:\/\/blackviewphones.com\/pt\/wp-json\/wp\/v2\/product_cat?post=4986"},{"taxonomy":"product_tag","embeddable":true,"href":"https:\/\/blackviewphones.com\/pt\/wp-json\/wp\/v2\/product_tag?post=4986"}],"curies":[{"name":"wp","href":"https:\/\/api.w.org\/{rel}","templated":true}]}}