

{"id":4788,"date":"2025-01-17T16:42:29","date_gmt":"2025-01-17T15:42:29","guid":{"rendered":"https:\/\/blackviewphones.com\/?product=blackview-mini-pc-mp100-gaming-16-gb-ram-512-gb-rom-negro"},"modified":"2026-02-25T08:52:36","modified_gmt":"2026-02-25T07:52:36","slug":"mini-pc-blackview-mp100-16gb-ram-512gb-rom","status":"publish","type":"product","link":"https:\/\/blackviewphones.com\/pt\/product\/blackview-mini-pc-mp100-16-gb-ram-512-gb-rom\/","title":{"rendered":"Blackview Mini PC MP100 Gaming | 16 GB de RAM 512 GB\/1 TB de ROM"},"content":{"rendered":"<h1>Blackview Mini PC MP100 Gaming | 16 GB de RAM 512 GB\/1 TB de ROM<\/h1>\n<p><strong>Dispon\u00edvel em breve<\/strong><\/p>\n<p>Conhe\u00e7a o Blackview MP100 Mini Gaming PC. Liberte o poder do MP100, que apresenta um perfil fino de 45 mm e pesa apenas 492 g, oferecendo m\u00e1xima conveni\u00eancia e portabilidade para suas necessidades di\u00e1rias de computa\u00e7\u00e3o em casa, no escrit\u00f3rio ou em tr\u00e2nsito. Com desempenho compar\u00e1vel ao de alguns computadores de mesa, ele oferece mais pot\u00eancia e velocidade do que nunca.<\/p>\n<p><strong>Potencialize seu dia a dia, potencialize seus jogos: AMD Ryzen\u2122 7 5825U para jogos<\/strong><\/p>\n<p>Equipado com seu processador AMD Ryzen\u2122 7 5825U de n\u00edvel gamer, o Blackview MP100 atinge uma frequ\u00eancia turbo m\u00e1xima de 4,5 GHz, tornando-o ideal para uma ampla gama de usos di\u00e1rios, situa\u00e7\u00f5es de trabalho e jogos, garantindo desempenho de alto n\u00edvel e experi\u00eancias imersivas.<\/p>\n<p><strong>Festa visual \u00e9pica: tela 4K UHD de 144 Hz<\/strong><\/p>\n<p>Prepare-se para um banquete visual com a tela 4K UHD do MP100 e a taxa de atualiza\u00e7\u00e3o \u00e9pica de 144 Hz. Espere nada menos do que detalhes v\u00edvidos e gr\u00e1ficos fluidos que ir\u00e3o acelerar seu tempo de jogo e entretenimento.<\/p>\n<p><strong>Conecte-se mais, fa\u00e7a o que quiser, sem esfor\u00e7o: 12 interfaces inteligentes e bem organizadas<\/strong><\/p>\n<p>Equipado com 12 interfaces inteligentes e bem organizadas, o mini PC MP100 transforma sua \u00e1rea de trabalho em um centro de comando: conecte tudo, de fones de ouvido a teclados, em um piscar de olhos. Ele se adapta perfeitamente a at\u00e9 991 perif\u00e9ricos TP3T do mercado, proporcionando \u00f3tima funcionalidade e facilidade de uso.<\/p>\n<p><strong>Pot\u00eancia para trabalho e lazer: Windows 11 Pro pr\u00e9-instalado<\/strong><\/p>\n<p>Aproveite aplicativos de n\u00edvel profissional, privacidade, design elegante e visuais realistas com o Windows 11 Pro pr\u00e9-instalado neste mini PC MP100, que \u00e9 adequado para tarefas de escrit\u00f3rio, jogos e entretenimento dom\u00e9stico.<\/p>\n<p><strong>RECOMENDA\u00c7\u00d5ES:<\/strong><\/p>\n<p>Este Mini PC vem com o Windows 11 Student pr\u00e9-instalado. Se voc\u00ea tiver uma conta, insira-a quando solicitado pelo programa. Caso voc\u00ea n\u00e3o tenha uma conta de Estudante, para evitar a reformata\u00e7\u00e3o ou reinstala\u00e7\u00e3o do Windows, recomendamos iniciar as configura\u00e7\u00f5es COM O CABO ETHERNET DESCONECTADO para que voc\u00ea possa realizar uma instala\u00e7\u00e3o de conta local.<br \/>\nCaso contr\u00e1rio, voc\u00ea precisar\u00e1 reinstalar o Windows de sua escolha, que pode ser baixado do site da Microsoft (e talvez precise dos drivers gen\u00e9ricos). Para entrar no BIOS, use a tecla DEL durante a inicializa\u00e7\u00e3o.<\/p>","protected":false},"excerpt":{"rendered":"<p><strong>Dispon\u00edvel em breve<\/strong><\/p>\n<p>Windows 11 Pro pr\u00e9-instalado<\/p>\n<p>16 GB de RAM 512 GB\/1 TB de ROM<\/p>\n<p>AMD Ryzen\u2122 7 5825U<\/p>\n<p>Placa de v\u00eddeo AMD Radeon\u2122 4K UHD<\/p>\n<p>127*127*45 mil\u00edmetros<\/p>\n<p>&nbsp;<\/p>","protected":false},"featured_media":8389,"comment_status":"open","ping_status":"closed","template":"","meta":{"_acf_changed":false},"product_brand":[287],"product_cat":[349],"product_tag":[],"class_list":{"0":"post-4788","1":"product","2":"type-product","3":"status-publish","4":"has-post-thumbnail","6":"product_brand-blackview","7":"product_cat-sin-categoria","9":"first","10":"outofstock","11":"sale","12":"shipping-taxable","13":"purchasable","14":"product-type-variable","15":"has-default-attributes"},"acf":[],"_links":{"self":[{"href":"https:\/\/blackviewphones.com\/pt\/wp-json\/wp\/v2\/product\/4788","targetHints":{"allow":["GET"]}}],"collection":[{"href":"https:\/\/blackviewphones.com\/pt\/wp-json\/wp\/v2\/product"}],"about":[{"href":"https:\/\/blackviewphones.com\/pt\/wp-json\/wp\/v2\/types\/product"}],"replies":[{"embeddable":true,"href":"https:\/\/blackviewphones.com\/pt\/wp-json\/wp\/v2\/comments?post=4788"}],"version-history":[{"count":0,"href":"https:\/\/blackviewphones.com\/pt\/wp-json\/wp\/v2\/product\/4788\/revisions"}],"wp:featuredmedia":[{"embeddable":true,"href":"https:\/\/blackviewphones.com\/pt\/wp-json\/wp\/v2\/media\/8389"}],"wp:attachment":[{"href":"https:\/\/blackviewphones.com\/pt\/wp-json\/wp\/v2\/media?parent=4788"}],"wp:term":[{"taxonomy":"product_brand","embeddable":true,"href":"https:\/\/blackviewphones.com\/pt\/wp-json\/wp\/v2\/product_brand?post=4788"},{"taxonomy":"product_cat","embeddable":true,"href":"https:\/\/blackviewphones.com\/pt\/wp-json\/wp\/v2\/product_cat?post=4788"},{"taxonomy":"product_tag","embeddable":true,"href":"https:\/\/blackviewphones.com\/pt\/wp-json\/wp\/v2\/product_tag?post=4788"}],"curies":[{"name":"wp","href":"https:\/\/api.w.org\/{rel}","templated":true}]}}