

{"id":4656,"date":"2025-01-17T16:41:53","date_gmt":"2025-01-17T15:41:53","guid":{"rendered":"https:\/\/blackviewphones.com\/?product=blackview-bl9000-pro-36-gb-ram-12gb-24-gb-512-gb-rom-negro"},"modified":"2026-04-13T15:14:38","modified_gmt":"2026-04-13T13:14:38","slug":"blackview-bl9000-pro-36gb-ram-512gb-rom","status":"publish","type":"product","link":"https:\/\/blackviewphones.com\/pt\/product\/blackview-bl9000-pro-36gb-ram-512gb-rom\/","title":{"rendered":"Blackview BL9000 PRO (Recondicionado) | 36 GB de RAM 512 GB de ROM"},"content":{"rendered":"<h1>Blackview BL9000 PRO 5G \u2013 C\u00e2mera t\u00e9rmica | 36 GB de RAM (12 GB + 24 GB) 512 GB de ROM<\/h1>\n<p>Apresentamos a voc\u00ea o <strong>Blackview BL9000 Pro 5G<\/strong> com <strong>c\u00e2mera t\u00e9rmica <em>Meu Flir\u00ae Pro<\/em><\/strong>, chega ao mercado com uma tela dupla integrada. Tem capacidade para at\u00e9 <strong>36 GB de RAM e 512 GB de ROM<\/strong>, com o processador MediaTek Dimensity 8020 (MT6891Z) de \u00faltima gera\u00e7\u00e3o, que permitir\u00e1 que voc\u00ea execute v\u00e1rias tarefas ao mesmo tempo e alterne facilmente entre aplicativos. Al\u00e9m disso, possui tela de 6,78\u2033 de at\u00e9 500 nits, bateria de <strong>8800 mAh<\/strong> de <strong>Carregamento r\u00e1pido de 120 W<\/strong>, e com um sistema operacional Android 14.<\/p>\n<p>\u00c9 tamb\u00e9m um dispositivo que possui <strong>C\u00e2mera dupla de 50MP (Samsung\u00ae ISOCELL GN5) e 13MP<\/strong> (120\u00b0 Ultra-wide e at\u00e9 2 cm Ultra-macro). Al\u00e9m disso, uma c\u00e2mera frontal de 50 MP (SK Hynix 5022Q). Dispositivo testado com certifica\u00e7\u00e3o IP68 e IP69K.<\/p>\n<p>E se voc\u00ea \u00e9 daqueles que prefere entretenimento, esse celular tem tecnologia gamer <strong>MediaTek HyperEngine Lite<\/strong> com motor linear de eixo X. Mergulhe em uma experi\u00eancia de jogo \u00fanica com um motor linear de eixo X avan\u00e7ado, proporcionando feedback t\u00e1til extraordin\u00e1rio. Com Wi-Fi 6 de banda dupla.<\/p>\n<h2><span style=\"font-size: 16px;\">IP68: O QUE VOC\u00ca PODE E N\u00c3O PODE FAZER<\/span><\/h2>\n<p>Se um dispositivo tiver certifica\u00e7\u00e3o IP68, isso significa que ele pode ser submerso em \u00e1gua. <strong>\u00e1gua doce<\/strong>\u00a0<strong>em profundidades de at\u00e9 um metro por um per\u00edodo m\u00e1ximo de 30 minutos, desde que as prote\u00e7\u00f5es terminais permane\u00e7am devidamente seladas.<\/strong><\/p>\n<p><strong>Deixamos-lhe algumas dicas<\/strong>\u00a0<strong>para qualquer terminal com certifica\u00e7\u00e3o IP68<\/strong>:<\/p>\n<ul>\n<li>N\u00e3o exponha o smartphone IP68 a correntes de \u00e1gua, como \u00e1gua da torneira, ondas do mar ou cachoeiras.<\/li>\n<li>Se o seu smartphone IP68 tiver sido exposto \u00e0 \u00e1gua doce, seque-o cuidadosamente com um pano limpo e macio.<\/li>\n<li>Se o smartphone IP68 tiver sido exposto a qualquer tipo de l\u00edquido que n\u00e3o seja \u00e1gua doce (como \u00e1gua do mar), enx\u00e1gue imediatamente o dispositivo com cuidado em \u00e1gua doce e seque bem com um pano macio e limpo.<\/li>\n<li>Caso tenha alguma d\u00favida sobre se as prote\u00e7\u00f5es est\u00e3o devidamente fechadas.\u00a0<strong>N\u00c3O <\/strong>voc\u00ea o molha.<\/li>\n<li>N\u00e3o recomendamos realizar testes agressivos para demonstrar sua resist\u00eancia.<\/li>\n<li>N\u00e3o \u00e9 aconselh\u00e1vel manipular os bot\u00f5es do aparelho na \u00e1gua.<\/li>\n<li>N\u00e3o \u00e9 recomendado mergulhar o dispositivo em \u00e1gua salgada, pois a certifica\u00e7\u00e3o IP se aplica somente \u00e0 \u00e1gua doce.<\/li>\n<\/ul>","protected":false},"excerpt":{"rendered":"<p><strong>Celular robusto com NFC (Recondicionado)<\/strong><\/p>","protected":false},"featured_media":8357,"comment_status":"open","ping_status":"closed","template":"","meta":{"_acf_changed":false},"product_brand":[287],"product_cat":[42,136,159],"product_tag":[184],"class_list":{"0":"post-4656","1":"product","2":"type-product","3":"status-publish","4":"has-post-thumbnail","6":"product_brand-blackview","7":"product_cat-moviles-blackview","8":"product_cat-moviles-resistentes-rugerizados","9":"product_cat-ofertas","10":"product_tag-camara-termica","12":"first","13":"instock","14":"sale","15":"shipping-taxable","16":"purchasable","17":"product-type-variable","18":"has-default-attributes"},"acf":[],"_links":{"self":[{"href":"https:\/\/blackviewphones.com\/pt\/wp-json\/wp\/v2\/product\/4656","targetHints":{"allow":["GET"]}}],"collection":[{"href":"https:\/\/blackviewphones.com\/pt\/wp-json\/wp\/v2\/product"}],"about":[{"href":"https:\/\/blackviewphones.com\/pt\/wp-json\/wp\/v2\/types\/product"}],"replies":[{"embeddable":true,"href":"https:\/\/blackviewphones.com\/pt\/wp-json\/wp\/v2\/comments?post=4656"}],"version-history":[{"count":0,"href":"https:\/\/blackviewphones.com\/pt\/wp-json\/wp\/v2\/product\/4656\/revisions"}],"wp:featuredmedia":[{"embeddable":true,"href":"https:\/\/blackviewphones.com\/pt\/wp-json\/wp\/v2\/media\/8357"}],"wp:attachment":[{"href":"https:\/\/blackviewphones.com\/pt\/wp-json\/wp\/v2\/media?parent=4656"}],"wp:term":[{"taxonomy":"product_brand","embeddable":true,"href":"https:\/\/blackviewphones.com\/pt\/wp-json\/wp\/v2\/product_brand?post=4656"},{"taxonomy":"product_cat","embeddable":true,"href":"https:\/\/blackviewphones.com\/pt\/wp-json\/wp\/v2\/product_cat?post=4656"},{"taxonomy":"product_tag","embeddable":true,"href":"https:\/\/blackviewphones.com\/pt\/wp-json\/wp\/v2\/product_tag?post=4656"}],"curies":[{"name":"wp","href":"https:\/\/api.w.org\/{rel}","templated":true}]}}