

{"id":4595,"date":"2025-01-17T16:41:36","date_gmt":"2025-01-17T15:41:36","guid":{"rendered":"https:\/\/blackviewphones.com\/?product=tablet-blackview-mega-1-16-gb-8gb8gb-ram-256-gb-rom-gris"},"modified":"2025-11-20T14:55:31","modified_gmt":"2025-11-20T13:55:31","slug":"tablet-blackview-mega-2-36gb-ram-256gb-rom","status":"publish","type":"product","link":"https:\/\/blackviewphones.com\/pt\/product\/tablet-blackview-mega-2-36gb-ram-256gb-rom\/","title":{"rendered":"Tablet Blackview MEGA 2 | 36 GB de RAM 256 GB de ROM"},"content":{"rendered":"<h1>Tablet Blackview MEGA 2 | 36 GB de RAM 256 GB de ROM<\/h1>\n<p><strong>\ud83c\udf81Acompanha carregador, caneta stylus, pel\u00edcula protetora de vidro temperado e capa. \ud83c\udf81<\/strong><\/p>\n<p>O novo Tablet\u00a0<strong>Blackview Mega 2<\/strong>\u00a0chegou para revolucionar sua experi\u00eancia tecnol\u00f3gica. Apresentando um design elegante, uma bateria de 9000mAh e compatibilidade com Wideline L1. Ele tem tela de 12\u2033 e Android 15. Al\u00e9m disso, conta com fun\u00e7\u00f5es de desbloqueio facial, anti-impress\u00e3o digital e Smart Google Lens.<\/p>\n<h2>Adicione widgets rapidamente: sem arrastar, com toda a facilidade<\/h2>\n<p>O novo bot\u00e3o \u201cadicionar\u201d torna a coloca\u00e7\u00e3o de widgets mais r\u00e1pida do que nunca \u2013 n\u00e3o \u00e9 necess\u00e1rio arrastar! Com um \u00fanico toque, voc\u00ea pode adicionar rapidamente seus widgets favoritos diretamente \u00e0 sua tela inicial, economizando tempo e esfor\u00e7o.<\/p>\n<h2>Espa\u00e7o Privado: Mantenha o que \u00e9 importante s\u00f3 para voc\u00ea<\/h2>\n<p>Seu mundo digital est\u00e1 seguro. O Private Space cria um ref\u00fagio seguro para seus aplicativos confidenciais, incluindo redes sociais, namoro e servi\u00e7os banc\u00e1rios. Uma vez bloqueados, esses aplicativos ficam invis\u00edveis na lista de aplicativos, na visualiza\u00e7\u00e3o de aplicativos recentes, nas notifica\u00e7\u00f5es e at\u00e9 nas configura\u00e7\u00f5es.<\/p>\n<p><strong>Tablet da marca Blackview, mas n\u00e3o \u00e9 IP68, n\u00e3o pode molhar nem bater.<\/strong><\/p>\n<p><strong>O teclado est\u00e1 inclu\u00eddo no pre\u00e7o<\/strong><\/p>","protected":false},"excerpt":{"rendered":"<p><strong>\ud83c\udf81Acompanha carregador, caneta stylus, mouse, pel\u00edcula de vidro temperado para a tela e capa. \ud83c\udf81<\/strong><\/p>\n<p>Tablet convencional com ponteiro, mouse, fones de ouvido e teclado<br \/>\nUnisoc T615<br \/>\nCompat\u00edvel com Wideline L1<br \/>\nAndroide 15 | 9000 mAh<br \/>\nSuporta cart\u00e3o SIM<br \/>\n281,7*177,2*8,0 mil\u00edmetros<br \/>\nPeso 615 g | Tela de 12\u2033<br \/>\n12 GB + 24 GB de RAM 256 GB de ROM<\/p>","protected":false},"featured_media":8348,"comment_status":"open","ping_status":"closed","template":"","meta":{"_acf_changed":false},"product_brand":[287],"product_cat":[42],"product_tag":[306],"class_list":{"0":"post-4595","1":"product","2":"type-product","3":"status-publish","4":"has-post-thumbnail","6":"product_brand-blackview","7":"product_cat-moviles-blackview","8":"product_tag-306","10":"first","11":"outofstock","12":"sale","13":"shipping-taxable","14":"purchasable","15":"product-type-variable"},"acf":[],"_links":{"self":[{"href":"https:\/\/blackviewphones.com\/pt\/wp-json\/wp\/v2\/product\/4595","targetHints":{"allow":["GET"]}}],"collection":[{"href":"https:\/\/blackviewphones.com\/pt\/wp-json\/wp\/v2\/product"}],"about":[{"href":"https:\/\/blackviewphones.com\/pt\/wp-json\/wp\/v2\/types\/product"}],"replies":[{"embeddable":true,"href":"https:\/\/blackviewphones.com\/pt\/wp-json\/wp\/v2\/comments?post=4595"}],"version-history":[{"count":0,"href":"https:\/\/blackviewphones.com\/pt\/wp-json\/wp\/v2\/product\/4595\/revisions"}],"wp:featuredmedia":[{"embeddable":true,"href":"https:\/\/blackviewphones.com\/pt\/wp-json\/wp\/v2\/media\/8348"}],"wp:attachment":[{"href":"https:\/\/blackviewphones.com\/pt\/wp-json\/wp\/v2\/media?parent=4595"}],"wp:term":[{"taxonomy":"product_brand","embeddable":true,"href":"https:\/\/blackviewphones.com\/pt\/wp-json\/wp\/v2\/product_brand?post=4595"},{"taxonomy":"product_cat","embeddable":true,"href":"https:\/\/blackviewphones.com\/pt\/wp-json\/wp\/v2\/product_cat?post=4595"},{"taxonomy":"product_tag","embeddable":true,"href":"https:\/\/blackviewphones.com\/pt\/wp-json\/wp\/v2\/product_tag?post=4595"}],"curies":[{"name":"wp","href":"https:\/\/api.w.org\/{rel}","templated":true}]}}