

{"id":12841,"date":"2026-03-25T15:36:55","date_gmt":"2026-03-25T14:36:55","guid":{"rendered":"https:\/\/blackviewphones.com\/?post_type=product&#038;p=12841"},"modified":"2026-05-06T10:54:26","modified_gmt":"2026-05-06T08:54:26","slug":"camera-blackview-fort-200-de-108-mp-e-carregamento-sem-fio","status":"publish","type":"product","link":"https:\/\/blackviewphones.com\/pt\/product\/blackview-fort-200-108-mpx-camara-y-carga-inalambrica\/","title":{"rendered":"Blackview FORT 200 com c\u00e2mera de 108 MP e carregamento sem fio."},"content":{"rendered":"<h1 class=\"product_title entry-title\">Blackview FORT 200 com c\u00e2mera de 108 MP e carregamento sem fio.<\/h1>\n<p data-start=\"666\" data-end=\"976\"><strong>O modelo mais avan\u00e7ado e robusto da s\u00e9rie Blackview FORT.<\/strong><\/p>\n<p data-start=\"666\" data-end=\"976\">O novo FORT 200 \u00e9 um celular resistente e leve que voc\u00ea pode levar facilmente para qualquer lugar. Ele apresenta um design moderno e...<strong> C\u00e2mera principal Samsung\u00ae HM6 de 108 MP<\/strong>, fun\u00e7\u00e3o de\u00a0<strong>controle remoto<\/strong> Infravermelho para que voc\u00ea possa controlar seus dispositivos do conforto do seu sof\u00e1.<\/p>\n<p data-start=\"978\" data-end=\"1222\">Com <strong>5000 mAh<\/strong> alimentado por bateria e com <strong>carregamento sem fio<\/strong>, c\u00e2meras de alta resolu\u00e7\u00e3o <strong>C\u00e2mera frontal de 50 MP Samsung\u00ae JN1 AI<\/strong> e suporte para 4G. Portanto, \u00e9 um dispositivo projetado para durar, ter um \u00f3timo desempenho e se adaptar a condi\u00e7\u00f5es extremas. Um verdadeiro &quot;dispositivo multifuncional&quot; para profissionais e aventureiros.<\/p>\n<p><strong>\ud83d\udcfa Tela grande de 6,78\u2033 com taxa de atualiza\u00e7\u00e3o de 120Hz<\/strong><\/p>\n<p>Sua tela de 6,78 polegadas com taxa de atualiza\u00e7\u00e3o de 120Hz oferece uma experi\u00eancia visual fluida, ideal para trabalho, navega\u00e7\u00e3o e multim\u00eddia.<\/p>\n<p><strong>\u2728 Design robusto premium<\/strong><\/p>\n<p>O FORT 200 combina extrema durabilidade com um design moderno inspirado em smartphones de \u00faltima gera\u00e7\u00e3o, oferecendo uma est\u00e9tica robusta e elegante.<\/p>\n<h3><b>IP68: O QUE VOC\u00ca PODE E N\u00c3O PODE FAZER<\/b><\/h3>\n<p><span style=\"font-weight: 400;\">Se um dispositivo tiver certifica\u00e7\u00e3o IP68, isso significa que ele pode ser submerso em \u00e1gua. <\/span><b>\u00e1gua doce<\/b> <b>em profundidades de at\u00e9 um metro por um per\u00edodo m\u00e1ximo de 30 minutos, desde que as prote\u00e7\u00f5es terminais permane\u00e7am devidamente seladas.<\/b><\/p>\n<p><b>Deixamos-lhe algumas dicas<\/b> <b>para qualquer terminal com certifica\u00e7\u00e3o IP68<\/b><span style=\"font-weight: 400;\">:<\/span><\/p>\n<ul>\n<li style=\"font-weight: 400;\" aria-level=\"1\"><span style=\"font-weight: 400;\">N\u00e3o exponha o smartphone IP68 a correntes de \u00e1gua, como \u00e1gua da torneira, ondas do mar ou cachoeiras.<\/span><\/li>\n<li style=\"font-weight: 400;\" aria-level=\"1\"><span style=\"font-weight: 400;\">Al\u00e9m disso, se o seu smartphone IP68 tiver sido exposto \u00e0 \u00e1gua doce, seque-o cuidadosamente com um pano limpo e macio.<\/span><\/li>\n<li style=\"font-weight: 400;\" aria-level=\"1\"><span style=\"font-weight: 400;\">Se o smartphone IP68 tiver sido exposto a qualquer tipo de l\u00edquido que n\u00e3o seja \u00e1gua doce (como \u00e1gua do mar), enx\u00e1gue imediatamente o dispositivo com cuidado em \u00e1gua doce e seque bem com um pano macio e limpo.<\/span><\/li>\n<li style=\"font-weight: 400;\" aria-level=\"1\"><span style=\"font-weight: 400;\">Caso tenha alguma d\u00favida sobre se as prote\u00e7\u00f5es est\u00e3o devidamente fechadas. <\/span><b>N\u00e3o <\/b><span style=\"font-weight: 400;\">voc\u00ea o molha.<\/span><\/li>\n<li style=\"font-weight: 400;\" aria-level=\"1\"><span style=\"font-weight: 400;\">Evite testes agressivos para demonstrar sua resist\u00eancia<\/span><\/li>\n<li style=\"font-weight: 400;\" aria-level=\"1\"><span style=\"font-weight: 400;\">N\u00e3o \u00e9 aconselh\u00e1vel manipular os bot\u00f5es do aparelho na \u00e1gua.<\/span><\/li>\n<li style=\"font-weight: 400;\" aria-level=\"1\"><span style=\"font-weight: 400;\">\u00c9 recomend\u00e1vel N\u00c3O molhar o dispositivo em \u00e1gua salgada, pois a certifica\u00e7\u00e3o IP se aplica somente \u00e0 \u00e1gua doce.<\/span><\/li>\n<\/ul>\n<p><strong>IP69K + MIL-STD-810H: O QUE VOC\u00ca PODE E N\u00c3O PODE FAZER<\/strong><\/p>\n<p>Um dispositivo com certifica\u00e7\u00e3o IP69K e aprovado em testes de acordo com o padr\u00e3o militar MIL-STD-810H oferece um n\u00edvel superior de resist\u00eancia \u00e0 \u00e1gua de alta press\u00e3o, poeira, choques, vibra\u00e7\u00f5es e temperaturas extremas.<\/p>\n<p><strong>Esta norma militar americana avalia o desempenho de um dispositivo em condi\u00e7\u00f5es reais de uso exigente, embora n\u00e3o garanta indestrutibilidade. Aqui est\u00e3o algumas dicas para qualquer dispositivo com certifica\u00e7\u00f5es IP69K e MIL-STD-810H:<\/strong><\/p>\n<ul>\n<li>N\u00e3o presuma que o padr\u00e3o militar permita impactos extremos ou quedas de qualquer altura. O dispositivo \u00e9 resistente, mas n\u00e3o indestrut\u00edvel.<\/li>\n<li>Evite expor seu smartphone a press\u00f5es, temperaturas ou for\u00e7as que excedam os limites indicados pelo fabricante.<\/li>\n<li>Embora suporte \u00e1gua em alta press\u00e3o, n\u00e3o a submerja por per\u00edodos prolongados nem manipule os bot\u00f5es debaixo d&#039;\u00e1gua ou durante jatos diretos.<\/li>\n<li>Caso o terminal tenha entrado em contato com \u00e1gua doce, seque-o cuidadosamente com um pano macio.<\/li>\n<li>Caso tenha sido exposto a \u00e1gua salgada, lama, produtos qu\u00edmicos ou qualquer l\u00edquido que n\u00e3o seja \u00e1gua doce, enx\u00e1gue-o delicadamente com \u00e1gua doce e, em seguida, seque-o completamente.<\/li>\n<li>N\u00e3o realize testes extremos com fogo, impactos deliberados ou quedas desnecess\u00e1rias apenas para demonstrar durabilidade.<\/li>\n<li>Certifique-se de que todas as tampas, prote\u00e7\u00f5es ou veda\u00e7\u00f5es estejam completamente fechadas antes de expor o dispositivo a poeira, press\u00e3o ou umidade.<\/li>\n<li>Embora suporte vibra\u00e7\u00f5es e temperaturas extremas, evite o uso prolongado em m\u00e1quinas pesadas que excedam os limites certificados.<\/li>\n<\/ul>","protected":false},"excerpt":{"rendered":"<p data-start=\"1124\" data-end=\"1311\">Ele <strong data-start=\"1127\" data-end=\"1149\">Blackview FORT 200<\/strong> \u00c9 o modelo robusto mais avan\u00e7ado da s\u00e9rie FORT, destacando-se por sua <strong data-start=\"1212\" data-end=\"1251\">C\u00e2mera de 108 MP e carregamento sem fio de 15 W.<\/strong>, duas caracter\u00edsticas incomuns em celulares robustos.<\/p>\n<p data-start=\"1313\" data-end=\"1450\">Com <strong data-start=\"1317\" data-end=\"1379\">6 GB\/12 GB de RAM, virtualmente expans\u00edvel at\u00e9 24 GB\/48 GB, 256 GB de armazenamento e bateria de 5.000 mAh.<\/strong>, Oferece pot\u00eancia, autonomia e tecnologia de ponta em qualquer ambiente.<\/p>","protected":false},"featured_media":13627,"comment_status":"open","ping_status":"closed","template":"","meta":{"_acf_changed":false},"product_brand":[287],"product_cat":[42,136,159],"product_tag":[364],"class_list":{"0":"post-12841","1":"product","2":"type-product","3":"status-publish","4":"has-post-thumbnail","6":"product_brand-blackview","7":"product_cat-moviles-blackview","8":"product_cat-moviles-resistentes-rugerizados","9":"product_cat-ofertas","10":"product_tag-fort-5","12":"first","13":"instock","14":"sale","15":"shipping-taxable","16":"purchasable","17":"product-type-variable","18":"has-default-attributes"},"acf":[],"_links":{"self":[{"href":"https:\/\/blackviewphones.com\/pt\/wp-json\/wp\/v2\/product\/12841","targetHints":{"allow":["GET"]}}],"collection":[{"href":"https:\/\/blackviewphones.com\/pt\/wp-json\/wp\/v2\/product"}],"about":[{"href":"https:\/\/blackviewphones.com\/pt\/wp-json\/wp\/v2\/types\/product"}],"replies":[{"embeddable":true,"href":"https:\/\/blackviewphones.com\/pt\/wp-json\/wp\/v2\/comments?post=12841"}],"version-history":[{"count":0,"href":"https:\/\/blackviewphones.com\/pt\/wp-json\/wp\/v2\/product\/12841\/revisions"}],"wp:featuredmedia":[{"embeddable":true,"href":"https:\/\/blackviewphones.com\/pt\/wp-json\/wp\/v2\/media\/13627"}],"wp:attachment":[{"href":"https:\/\/blackviewphones.com\/pt\/wp-json\/wp\/v2\/media?parent=12841"}],"wp:term":[{"taxonomy":"product_brand","embeddable":true,"href":"https:\/\/blackviewphones.com\/pt\/wp-json\/wp\/v2\/product_brand?post=12841"},{"taxonomy":"product_cat","embeddable":true,"href":"https:\/\/blackviewphones.com\/pt\/wp-json\/wp\/v2\/product_cat?post=12841"},{"taxonomy":"product_tag","embeddable":true,"href":"https:\/\/blackviewphones.com\/pt\/wp-json\/wp\/v2\/product_tag?post=12841"}],"curies":[{"name":"wp","href":"https:\/\/api.w.org\/{rel}","templated":true}]}}