

{"id":12830,"date":"2026-03-25T15:14:41","date_gmt":"2026-03-25T14:14:41","guid":{"rendered":"https:\/\/blackviewphones.com\/?post_type=product&#038;p=12830"},"modified":"2026-05-09T13:32:19","modified_gmt":"2026-05-09T11:32:19","slug":"mini-pc-blackview-mp100-pro-amd-ryzen-5-7430u","status":"publish","type":"product","link":"https:\/\/blackviewphones.com\/pt\/product\/mini-pc-blackview-mp100-pro-amd-ryzen-5-7430u\/","title":{"rendered":"Mini PC Blackview MP100 Pro \u2013 AMD Ryzen 5 (7430U)"},"content":{"rendered":"<h1>Mini PC Blackview MP100 Pro \u2013 AMD Ryzen 5 (7430U)<\/h1>\n<h2>O poder de um PC de mesa no tamanho da sua m\u00e3o<\/h2>\n<p>Ele <strong>Mini PC Blackview MP100 Pro<\/strong> Prova que voc\u00ea n\u00e3o precisa de uma torre gigante para desfrutar de um computador potente e vers\u00e1til. Com um design ultracompacto, elegante e silencioso, este minicomputador concentra tudo o que voc\u00ea precisa para <strong>trabalhar, estudar, criar conte\u00fado ou aproveitar seu tempo livre<\/strong>. Dispon\u00edvel em duas vers\u00f5es, com <strong>16 GB de RAM + 512 GB de SSD<\/strong>, voc\u00ea sempre ter\u00e1 op\u00e7\u00f5es de desempenho e armazenamento adequadas \u00e0s suas necessidades.<\/p>\n<p><em>Este terminal vem com o Windows 11 PRO com uma licen\u00e7a OEM vital\u00edcia; esta licen\u00e7a est\u00e1 vinculada ao hardware do computador e n\u00e3o pode ser transferida para outro computador.<\/em><\/p>","protected":false},"excerpt":{"rendered":"<p>Pot\u00eancia impressionante em um tamanho compacto: o MP100 Blackview possui um processador Ryzen 5, at\u00e9 2 TB de armazenamento SSD e 16 GB de RAM! Diversas portas e desempenho para trabalho, entretenimento e muito mais.<\/p>\n<p><strong>Este terminal vem com o Windows 11 PRO com uma licen\u00e7a OEM vital\u00edcia; esta licen\u00e7a est\u00e1 vinculada ao hardware do computador e n\u00e3o pode ser transferida para outro computador.<\/strong><\/p>","protected":false},"featured_media":13607,"comment_status":"open","ping_status":"closed","template":"","meta":{"_acf_changed":false},"product_brand":[],"product_cat":[153,159,151,338],"product_tag":[],"class_list":{"0":"post-12830","1":"product","2":"type-product","3":"status-publish","4":"has-post-thumbnail","6":"product_cat-equipos-blackview-mini-pc","7":"product_cat-ofertas","8":"product_cat-equipos-blackview","9":"product_cat-productos","11":"first","12":"instock","13":"sale","14":"shipping-taxable","15":"purchasable","16":"product-type-variable","17":"has-default-attributes"},"acf":[],"_links":{"self":[{"href":"https:\/\/blackviewphones.com\/pt\/wp-json\/wp\/v2\/product\/12830","targetHints":{"allow":["GET"]}}],"collection":[{"href":"https:\/\/blackviewphones.com\/pt\/wp-json\/wp\/v2\/product"}],"about":[{"href":"https:\/\/blackviewphones.com\/pt\/wp-json\/wp\/v2\/types\/product"}],"replies":[{"embeddable":true,"href":"https:\/\/blackviewphones.com\/pt\/wp-json\/wp\/v2\/comments?post=12830"}],"version-history":[{"count":1,"href":"https:\/\/blackviewphones.com\/pt\/wp-json\/wp\/v2\/product\/12830\/revisions"}],"predecessor-version":[{"id":13923,"href":"https:\/\/blackviewphones.com\/pt\/wp-json\/wp\/v2\/product\/12830\/revisions\/13923"}],"wp:featuredmedia":[{"embeddable":true,"href":"https:\/\/blackviewphones.com\/pt\/wp-json\/wp\/v2\/media\/13607"}],"wp:attachment":[{"href":"https:\/\/blackviewphones.com\/pt\/wp-json\/wp\/v2\/media?parent=12830"}],"wp:term":[{"taxonomy":"product_brand","embeddable":true,"href":"https:\/\/blackviewphones.com\/pt\/wp-json\/wp\/v2\/product_brand?post=12830"},{"taxonomy":"product_cat","embeddable":true,"href":"https:\/\/blackviewphones.com\/pt\/wp-json\/wp\/v2\/product_cat?post=12830"},{"taxonomy":"product_tag","embeddable":true,"href":"https:\/\/blackviewphones.com\/pt\/wp-json\/wp\/v2\/product_tag?post=12830"}],"curies":[{"name":"wp","href":"https:\/\/api.w.org\/{rel}","templated":true}]}}