

{"id":12801,"date":"2026-03-25T13:37:22","date_gmt":"2026-03-25T12:37:22","guid":{"rendered":"https:\/\/blackviewphones.com\/?post_type=product&#038;p=12801"},"modified":"2026-05-06T15:35:10","modified_gmt":"2026-05-06T13:35:10","slug":"blackview-de-tela-dupla-dcm8-tamanho-153","status":"publish","type":"product","link":"https:\/\/blackviewphones.com\/pt\/product\/blackview-pantalla-doble-dcm8-tamano-153\/","title":{"rendered":"Blackview DCM8 Dual Notebook com tela de 15,3 polegadas."},"content":{"rendered":"<h1>Blackview DCM8 Dual Notebook com tela de 15,3 polegadas.<\/h1>\n<p data-start=\"2472\" data-end=\"2758\">Cansado de ficar alternando entre abas ou janelas em uma \u00fanica tela pequena? O DCM8 triplica sua vis\u00e3o: voc\u00ea pode realizar multitarefas sem interrup\u00e7\u00f5es.<\/p>\n<p data-start=\"2760\" data-end=\"3081\">Com duas telas de 15,3 polegadas para laptop, cada uma com resolu\u00e7\u00e3o de 1920 x 1200 e brilho de 300 nits, todos os detalhes aparecem n\u00edtidos, suaves e vibrantes. Seja para trabalhar ou para curtir filmes e jogos, a configura\u00e7\u00e3o de tela dupla oferece o dobro de efici\u00eancia e imers\u00e3o.<\/p>\n<p><strong>Precis\u00e3o de cores sRGB 100%: Cores intensas para imagens precisas.<\/strong><\/p>\n<p>Desfrute de cores realistas com cobertura de 100% do espa\u00e7o de cores sRGB %. Cada matiz, tom e gradiente \u00e9 reproduzido fielmente para uma precis\u00e3o de cores incompar\u00e1vel. Ideal para profissionais: designers, fot\u00f3grafos e criadores que exigem precis\u00e3o perfeita em cada pixel.<\/p>\n<p><strong>Design elegante para liberdade criativa<\/strong><\/p>\n<p>Experimente o futuro da portabilidade com o DCM8. Com apenas 4,6 mm de espessura e pesando apenas 1,2 kg, ele redefine leveza e conforto. Guarde-o facilmente na sua bolsa, leve-o para qualquer lugar e desfrute de uma experi\u00eancia impec\u00e1vel e sem concess\u00f5es em tela grande.<\/p>\n<p><strong>Portas USB-C universais: Configura\u00e7\u00e3o f\u00e1cil para qualquer laptop<\/strong><\/p>\n<p>Gra\u00e7as \u00e0s portas USB-C universais, a configura\u00e7\u00e3o nunca foi t\u00e3o f\u00e1cil. N\u00e3o s\u00e3o necess\u00e1rios drivers nem software adicional \u2014 basta conectar e usar. Seja para trabalho, estudo ou entretenimento, desfrute de conectividade instant\u00e2nea e desempenho impec\u00e1vel em qualquer notebook.<\/p>\n<p><strong>*Para uso com fio, recomenda-se uma fonte de alimenta\u00e7\u00e3o de 65W ou superior.<\/strong><\/p>","protected":false},"excerpt":{"rendered":"<p>Ele <strong data-start=\"1955\" data-end=\"1973\">Blackview DCM8<\/strong>\u00a0Transforme seu laptop em uma esta\u00e7\u00e3o de trabalho multitarefa completa onde quer que voc\u00ea esteja. Com <strong data-start=\"2054\" data-end=\"2090\">duas telas IPS Full HD de 15,3 polegadas<\/strong> com <strong data-start=\"2095\" data-end=\"2117\">300 nits de brilho<\/strong> E sua propor\u00e7\u00e3o de tela 16:9 oferece uma \u00e1rea de visualiza\u00e7\u00e3o expandida, perfeita para trabalhar com v\u00e1rias janelas, editar documentos, programar ou consumir conte\u00fado multim\u00eddia. Seu design dobr\u00e1vel \u00e9 fino (aproximadamente 4,5 mm de espessura) e quase... <strong data-start=\"2333\" data-end=\"2341\">1 kg<\/strong> Isso o torna extremamente port\u00e1til, ideal para trabalhadores que se deslocam frequentemente, estudantes ou criativos.<\/p>\n<p><strong>*Imagem de refer\u00eancia: Monitores com suporte, n\u00e3o inclui laptop ou outros dispositivos.<\/strong><\/p>","protected":false},"featured_media":13368,"comment_status":"open","ping_status":"closed","template":"","meta":{"_acf_changed":false},"product_brand":[],"product_cat":[349],"product_tag":[],"class_list":{"0":"post-12801","1":"product","2":"type-product","3":"status-publish","4":"has-post-thumbnail","6":"product_cat-sin-categoria","8":"first","9":"outofstock","10":"sale","11":"shipping-taxable","12":"purchasable","13":"product-type-variable","14":"has-default-attributes"},"acf":[],"_links":{"self":[{"href":"https:\/\/blackviewphones.com\/pt\/wp-json\/wp\/v2\/product\/12801","targetHints":{"allow":["GET"]}}],"collection":[{"href":"https:\/\/blackviewphones.com\/pt\/wp-json\/wp\/v2\/product"}],"about":[{"href":"https:\/\/blackviewphones.com\/pt\/wp-json\/wp\/v2\/types\/product"}],"replies":[{"embeddable":true,"href":"https:\/\/blackviewphones.com\/pt\/wp-json\/wp\/v2\/comments?post=12801"}],"version-history":[{"count":0,"href":"https:\/\/blackviewphones.com\/pt\/wp-json\/wp\/v2\/product\/12801\/revisions"}],"wp:featuredmedia":[{"embeddable":true,"href":"https:\/\/blackviewphones.com\/pt\/wp-json\/wp\/v2\/media\/13368"}],"wp:attachment":[{"href":"https:\/\/blackviewphones.com\/pt\/wp-json\/wp\/v2\/media?parent=12801"}],"wp:term":[{"taxonomy":"product_brand","embeddable":true,"href":"https:\/\/blackviewphones.com\/pt\/wp-json\/wp\/v2\/product_brand?post=12801"},{"taxonomy":"product_cat","embeddable":true,"href":"https:\/\/blackviewphones.com\/pt\/wp-json\/wp\/v2\/product_cat?post=12801"},{"taxonomy":"product_tag","embeddable":true,"href":"https:\/\/blackviewphones.com\/pt\/wp-json\/wp\/v2\/product_tag?post=12801"}],"curies":[{"name":"wp","href":"https:\/\/api.w.org\/{rel}","templated":true}]}}