

{"id":12790,"date":"2026-03-25T12:58:52","date_gmt":"2026-03-25T11:58:52","guid":{"rendered":"https:\/\/blackviewphones.com\/?post_type=product&#038;p=12790"},"modified":"2026-05-06T09:40:59","modified_gmt":"2026-05-06T07:40:59","slug":"blackview-mp100-pro-mini-pc-i5-12450h","status":"publish","type":"product","link":"https:\/\/blackviewphones.com\/pt\/product\/blackview-mp100-pro-mini-pc-i5-12450h\/","title":{"rendered":"Mini PC Blackview MP100 Pro (i5-12450H) 4,4 GHz 45 W, 16 GB de RAM, SSD de 512 GB"},"content":{"rendered":"<h1>Mini PC Blackview MP100 Pro (i5-12450H) 4,4 GHz 45 W, 16 GB de RAM, SSD de 512 GB<\/h1>\n<h2 data-path-to-node=\"8\"><b data-path-to-node=\"8\" data-index-in-node=\"0\">Mini PC Intel i5-12450H: Desempenho de alta voltagem para o seu desktop<\/b><\/h2>\n<p data-path-to-node=\"9\">Se voc\u00ea busca a pot\u00eancia de um computador desktop convencional, mas sem o volume de uma torre gigante, este Mini PC \u00e9 seu melhor aliado. Gra\u00e7as ao seu processador de alto desempenho, ele oferece a pot\u00eancia necess\u00e1ria para um desempenho excepcional. <b data-path-to-node=\"9\" data-index-in-node=\"187\">Intel\u00ae Core\u2122 i5-12450H (S\u00e9rie H)<\/b>, Com 8 n\u00facleos e 12 threads, voc\u00ea pode executar fluxos de trabalho pesados, softwares de gerenciamento e aplicativos de design com total fluidez.<\/p>\n<p data-path-to-node=\"10\"><b data-path-to-node=\"10\" data-index-in-node=\"0\">Velocidade de armazenamento e mem\u00f3ria de elite<\/b> N\u00e3o perca tempo esperando. Com o seu <b data-path-to-node=\"10\" data-index-in-node=\"83\">SSD M.2 de 512 GB com tecnologia PCIe 4.0<\/b>, A transfer\u00eancia de dados e a inicializa\u00e7\u00e3o do sistema s\u00e3o incrivelmente r\u00e1pidas. <b data-path-to-node=\"10\" data-index-in-node=\"210\">16 GB de RAM DDR4<\/b> Eles permitem multitarefa intensiva sem atrasos e, se precisar de mais, voc\u00ea pode facilmente expandir at\u00e9 <b data-path-to-node=\"10\" data-index-in-node=\"333\">64 GB<\/b>.<\/p>\n<p data-path-to-node=\"11\"><b data-path-to-node=\"11\" data-index-in-node=\"0\">Conectividade de \u00faltima gera\u00e7\u00e3o e v\u00eddeo triplo<\/b> Maximize seu espa\u00e7o de trabalho conectando-se a at\u00e9 <b data-path-to-node=\"11\" data-index-in-node=\"94\">Tr\u00eas monitores simult\u00e2neos com resolu\u00e7\u00e3o 4K a 60Hz<\/b> atrav\u00e9s de suas portas HDMI 2.0, DisplayPort 1.4 e vers\u00e1teis portas USB-C frontais. Al\u00e9m disso, a integra\u00e7\u00e3o de <b data-path-to-node=\"11\" data-index-in-node=\"256\">Wi-Fi 6<\/b> O Bluetooth garante uma conex\u00e3o sem fio est\u00e1vel e r\u00e1pida, enquanto suas seis portas USB permitem conectar todos os seus perif\u00e9ricos sem limita\u00e7\u00f5es. Tudo \u00e9 gerenciado pelo sistema operacional. <b data-path-to-node=\"11\" data-index-in-node=\"462\">Windows 11 Pro<\/b>, Pronto para trabalhar em ambientes profissionais desde o primeiro minuto.<\/p>\n<p><em>Este terminal vem com o Windows 11 Pro com uma licen\u00e7a OEM vital\u00edcia; esta licen\u00e7a est\u00e1 vinculada ao hardware do computador e n\u00e3o pode ser transferida para outro computador.<\/em><\/p>","protected":false},"excerpt":{"rendered":"<p><b data-path-to-node=\"6\" data-index-in-node=\"0\">Pot\u00eancia profissional de alto n\u00edvel em um formato mini.<\/b> Equipado com o processador <b data-path-to-node=\"6\" data-index-in-node=\"79\">Intel Core i5-12450H<\/b> 8 n\u00facleos e <b data-path-to-node=\"6\" data-index-in-node=\"115\">16 GB de RAM<\/b>, Este Mini PC foi projetado para usu\u00e1rios exigentes que precisam de velocidade para multitarefa, edi\u00e7\u00e3o e tarefas avan\u00e7adas de escrit\u00f3rio. <b data-path-to-node=\"6\" data-index-in-node=\"250\">SSD PCIe 4.0<\/b>, Com Wi-Fi 6 e suporte para tr\u00eas monitores 4K, ele oferece o equil\u00edbrio perfeito entre pot\u00eancia bruta e economia de espa\u00e7o.<\/p>\n<p><strong>Este terminal vem com o Windows 11 Pro com uma licen\u00e7a OEM vital\u00edcia; esta licen\u00e7a est\u00e1 vinculada ao hardware do computador e n\u00e3o pode ser transferida para outro computador.<\/strong><\/p>","protected":false},"featured_media":13390,"comment_status":"open","ping_status":"closed","template":"","meta":{"_acf_changed":false},"product_brand":[],"product_cat":[153,159,151,332,338],"product_tag":[],"class_list":{"0":"post-12790","1":"product","2":"type-product","3":"status-publish","4":"has-post-thumbnail","6":"product_cat-equipos-blackview-mini-pc","7":"product_cat-ofertas","8":"product_cat-equipos-blackview","9":"product_cat-reservar-moviles-blackview","10":"product_cat-productos","12":"first","13":"instock","14":"sale","15":"shipping-taxable","16":"purchasable","17":"product-type-variable","18":"has-default-attributes"},"acf":[],"_links":{"self":[{"href":"https:\/\/blackviewphones.com\/pt\/wp-json\/wp\/v2\/product\/12790","targetHints":{"allow":["GET"]}}],"collection":[{"href":"https:\/\/blackviewphones.com\/pt\/wp-json\/wp\/v2\/product"}],"about":[{"href":"https:\/\/blackviewphones.com\/pt\/wp-json\/wp\/v2\/types\/product"}],"replies":[{"embeddable":true,"href":"https:\/\/blackviewphones.com\/pt\/wp-json\/wp\/v2\/comments?post=12790"}],"version-history":[{"count":0,"href":"https:\/\/blackviewphones.com\/pt\/wp-json\/wp\/v2\/product\/12790\/revisions"}],"wp:featuredmedia":[{"embeddable":true,"href":"https:\/\/blackviewphones.com\/pt\/wp-json\/wp\/v2\/media\/13390"}],"wp:attachment":[{"href":"https:\/\/blackviewphones.com\/pt\/wp-json\/wp\/v2\/media?parent=12790"}],"wp:term":[{"taxonomy":"product_brand","embeddable":true,"href":"https:\/\/blackviewphones.com\/pt\/wp-json\/wp\/v2\/product_brand?post=12790"},{"taxonomy":"product_cat","embeddable":true,"href":"https:\/\/blackviewphones.com\/pt\/wp-json\/wp\/v2\/product_cat?post=12790"},{"taxonomy":"product_tag","embeddable":true,"href":"https:\/\/blackviewphones.com\/pt\/wp-json\/wp\/v2\/product_tag?post=12790"}],"curies":[{"name":"wp","href":"https:\/\/api.w.org\/{rel}","templated":true}]}}