

{"id":12777,"date":"2026-03-25T12:47:50","date_gmt":"2026-03-25T11:47:50","guid":{"rendered":"https:\/\/blackviewphones.com\/?post_type=product&#038;p=12777"},"modified":"2026-05-04T10:56:36","modified_gmt":"2026-05-04T08:56:36","slug":"blackview-mp100-pro-mini-pc-i3-1215u","status":"publish","type":"product","link":"https:\/\/blackviewphones.com\/pt\/product\/blackview-mp100-pro-mini-pc-i3-1215u\/","title":{"rendered":"Mini PC Blackview MP100 Pro (i3-1215U) 4,4 GHz 28 W, 16 GB de RAM, SSD de 512 GB"},"content":{"rendered":"<h1>Mini PC Blackview MP100 Pro (i3-1215U) 4,4 GHz 28 W, 16 GB de RAM, SSD de 512 GB<\/h1>\n<p data-path-to-node=\"8\"><b data-path-to-node=\"8\" data-index-in-node=\"0\">Mini PC de alto desempenho: o c\u00e9rebro do seu computador, em vers\u00e3o miniaturizada.<\/b><\/p>\n<p data-path-to-node=\"9\">Leve sua produtividade para o pr\u00f3ximo n\u00edvel com este Mini PC de \u00faltima gera\u00e7\u00e3o. Gra\u00e7as ao seu processador <b data-path-to-node=\"9\" data-index-in-node=\"105\">Intel\u00ae Core\u2122 i3-1215U (Alder Lake)<\/b> Com seu processador de 6 n\u00facleos, este computador lida com tarefas complexas, navega\u00e7\u00e3o intensiva e aplicativos de escrit\u00f3rio com uma fluidez surpreendente. Ele vem equipado com <b data-path-to-node=\"9\" data-index-in-node=\"289\">16 GB de mem\u00f3ria DDR4<\/b> (expans\u00edvel at\u00e9 64 GB) e armazenamento <b data-path-to-node=\"9\" data-index-in-node=\"353\">SSD M.2 NVMe PCIe 4.0 de 512 GB<\/b>, Isso garante tempos de inicializa\u00e7\u00e3o quase instant\u00e2neos e transfer\u00eancia de arquivos ultrarr\u00e1pida.<\/p>\n<p data-path-to-node=\"10\"><b data-path-to-node=\"10\" data-index-in-node=\"0\">Conectividade incompar\u00e1vel e tela tripla.<\/b> Apesar do seu tamanho reduzido (apenas 14,7 cm de cada lado), oferece versatilidade profissional. Gra\u00e7as \u00e0s suas portas. <b data-path-to-node=\"10\" data-index-in-node=\"154\">HDMI 2.0, DisplayPort 1.4 e USB-C completo.<\/b>, Voc\u00ea pode conectar at\u00e9 <b data-path-to-node=\"10\" data-index-in-node=\"225\">Tr\u00eas monitores simult\u00e2neos com resolu\u00e7\u00e3o 4K a 60Hz<\/b>, Ideal para negocia\u00e7\u00e3o, design ou multitarefa avan\u00e7ada.<\/p>\n<p data-path-to-node=\"11\"><b data-path-to-node=\"11\" data-index-in-node=\"0\">Tecnologia de ponta<\/b> Mantenha-se conectado na velocidade m\u00e1xima gra\u00e7as ao padr\u00e3o <b data-path-to-node=\"11\" data-index-in-node=\"96\">Wi-Fi 6<\/b> e sua porta Gigabit Ethernet. Inclui <b data-path-to-node=\"11\" data-index-in-node=\"142\">Windows 11 Pro<\/b> Pr\u00e9-instalado, oferece todas as ferramentas de seguran\u00e7a e gerenciamento necess\u00e1rias para o ambiente empresarial. Seu chassi cinza n\u00e3o \u00e9 apenas elegante e minimalista, como tamb\u00e9m ocupa pouco espa\u00e7o na sua mesa, permitindo um ambiente de trabalho limpo e eficiente.<\/p>\n<p data-start=\"1783\" data-end=\"1855\"><strong data-start=\"1791\" data-end=\"1855\">Windows 11 Pro: <\/strong>Com o Windows 11 Pro pr\u00e9-instalado, o MP100 Pro oferece acesso a recursos profissionais, seguran\u00e7a aprimorada e uma experi\u00eancia moderna e fluida, ideal tanto para trabalho intenso quanto para entretenimento.<\/p>","protected":false},"excerpt":{"rendered":"<h3><b data-path-to-node=\"6\" data-index-in-node=\"0\">Pot\u00eancia Intel de 12\u00aa gera\u00e7\u00e3o em um formato ultracompacto.<\/b><\/h3>\n<p>Este Mini PC est\u00e1 equipado com o processador <b data-path-to-node=\"6\" data-index-in-node=\"100\">Intel Core i3-1215U<\/b>, <b data-path-to-node=\"6\" data-index-in-node=\"121\">16 GB de RAM<\/b> e muito r\u00e1pido <b data-path-to-node=\"6\" data-index-in-node=\"149\">SSD Gen4 de 512 GB<\/b>, \u00c9 a solu\u00e7\u00e3o perfeita para escrit\u00f3rios modernos e entretenimento dom\u00e9stico. Com suporte para at\u00e9 <b data-path-to-node=\"6\" data-index-in-node=\"265\">3 monitores 4K<\/b>, Com Wi-Fi 6 e Windows 11 Pro, voc\u00ea obt\u00e9m o desempenho de um computador torre profissional em menos de 500 gramas.<\/p>","protected":false},"featured_media":13382,"comment_status":"open","ping_status":"closed","template":"","meta":{"_acf_changed":false},"product_brand":[287],"product_cat":[153,159,151,332,338],"product_tag":[],"class_list":{"0":"post-12777","1":"product","2":"type-product","3":"status-publish","4":"has-post-thumbnail","6":"product_brand-blackview","7":"product_cat-equipos-blackview-mini-pc","8":"product_cat-ofertas","9":"product_cat-equipos-blackview","10":"product_cat-reservar-moviles-blackview","11":"product_cat-productos","13":"first","14":"instock","15":"sale","16":"shipping-taxable","17":"purchasable","18":"product-type-variable","19":"has-default-attributes"},"acf":[],"_links":{"self":[{"href":"https:\/\/blackviewphones.com\/pt\/wp-json\/wp\/v2\/product\/12777","targetHints":{"allow":["GET"]}}],"collection":[{"href":"https:\/\/blackviewphones.com\/pt\/wp-json\/wp\/v2\/product"}],"about":[{"href":"https:\/\/blackviewphones.com\/pt\/wp-json\/wp\/v2\/types\/product"}],"replies":[{"embeddable":true,"href":"https:\/\/blackviewphones.com\/pt\/wp-json\/wp\/v2\/comments?post=12777"}],"version-history":[{"count":0,"href":"https:\/\/blackviewphones.com\/pt\/wp-json\/wp\/v2\/product\/12777\/revisions"}],"wp:featuredmedia":[{"embeddable":true,"href":"https:\/\/blackviewphones.com\/pt\/wp-json\/wp\/v2\/media\/13382"}],"wp:attachment":[{"href":"https:\/\/blackviewphones.com\/pt\/wp-json\/wp\/v2\/media?parent=12777"}],"wp:term":[{"taxonomy":"product_brand","embeddable":true,"href":"https:\/\/blackviewphones.com\/pt\/wp-json\/wp\/v2\/product_brand?post=12777"},{"taxonomy":"product_cat","embeddable":true,"href":"https:\/\/blackviewphones.com\/pt\/wp-json\/wp\/v2\/product_cat?post=12777"},{"taxonomy":"product_tag","embeddable":true,"href":"https:\/\/blackviewphones.com\/pt\/wp-json\/wp\/v2\/product_tag?post=12777"}],"curies":[{"name":"wp","href":"https:\/\/api.w.org\/{rel}","templated":true}]}}