

{"id":12687,"date":"2026-03-24T13:41:03","date_gmt":"2026-03-24T12:41:03","guid":{"rendered":"https:\/\/blackviewphones.com\/?post_type=product&#038;p=12687"},"modified":"2026-05-07T12:39:51","modified_gmt":"2026-05-07T10:39:51","slug":"monitor-para-laptop-blackview-scm8-de-15","status":"publish","type":"product","link":"https:\/\/blackviewphones.com\/pt\/product\/blackview-pantalla-portatil-scm8-15\/","title":{"rendered":"Monitor port\u00e1til Blackview SCM8 de 15 polegadas"},"content":{"rendered":"<h1>Monitor port\u00e1til Blackview SCM8 de 15 polegadas<\/h1>\n<p><span style=\"color: #000000;\">Ele <strong data-start=\"1740\" data-end=\"1758\">Blackview SCM8<\/strong> \u00c9 um monitor port\u00e1til Full HD de 15,3&quot; que transforma seu laptop, PC ou tablet em uma esta\u00e7\u00e3o de trabalho com v\u00e1rias telas, ideal para produtividade, edi\u00e7\u00e3o, programa\u00e7\u00e3o ou entretenimento. Ele tem apenas a espessura de... <strong data-start=\"1970\" data-end=\"1981\">9,1 mm<\/strong> e um peso de <strong data-start=\"1995\" data-end=\"2004\">800 g<\/strong>, Destaca-se por sua <strong data-start=\"2021\" data-end=\"2045\">extrema portabilidade, <\/strong>Voc\u00ea pode carreg\u00e1-lo facilmente em sua mochila ou pasta sem ocupar muito espa\u00e7o.\u00a0<\/span><\/p>\n<p><strong>Seu centro de produtividade port\u00e1til. Multitarefa sem comprometer a vis\u00e3o, onde quer que voc\u00ea esteja.<\/strong><\/p>\n<p>Com um visor profissional aprimorado, o SCM8 oferece imagens n\u00edtidas e vibrantes em qualquer ambiente. Compacto e com cores precisas, ele permite que voc\u00ea realize v\u00e1rias tarefas simultaneamente sem problemas, seja trabalhando, estudando ou criando em qualquer lugar.<\/p>","protected":false},"excerpt":{"rendered":"<p>O Blackview SCM8 \u00e9 um monitor port\u00e1til ultraleve de 15 polegadas com resolu\u00e7\u00e3o Full HD.<span style=\"color: #000000;\"> (800 g) e compacto, com painel IPS, USB-C plug-and-play e alto-falante integrado.<\/span><\/p>\n<p><em><strong>Imagem meramente ilustrativa, inclui apenas a tela do laptop, n\u00e3o o computador.<\/strong><\/em><\/p>","protected":false},"featured_media":12694,"comment_status":"open","ping_status":"closed","template":"","meta":{"_acf_changed":false},"product_brand":[287],"product_cat":[154,61,159,339,151,332,338],"product_tag":[],"class_list":{"0":"post-12687","1":"product","2":"type-product","3":"status-publish","4":"has-post-thumbnail","6":"product_brand-blackview","7":"product_cat-accesorios-blackview","8":"product_cat-equipos-blackview-portatiles","9":"product_cat-ofertas","10":"product_cat-otros-productos","11":"product_cat-equipos-blackview","12":"product_cat-reservar-moviles-blackview","13":"product_cat-productos","15":"first","16":"instock","17":"sale","18":"shipping-taxable","19":"purchasable","20":"product-type-variable","21":"has-default-attributes"},"acf":[],"_links":{"self":[{"href":"https:\/\/blackviewphones.com\/pt\/wp-json\/wp\/v2\/product\/12687","targetHints":{"allow":["GET"]}}],"collection":[{"href":"https:\/\/blackviewphones.com\/pt\/wp-json\/wp\/v2\/product"}],"about":[{"href":"https:\/\/blackviewphones.com\/pt\/wp-json\/wp\/v2\/types\/product"}],"replies":[{"embeddable":true,"href":"https:\/\/blackviewphones.com\/pt\/wp-json\/wp\/v2\/comments?post=12687"}],"version-history":[{"count":1,"href":"https:\/\/blackviewphones.com\/pt\/wp-json\/wp\/v2\/product\/12687\/revisions"}],"predecessor-version":[{"id":13924,"href":"https:\/\/blackviewphones.com\/pt\/wp-json\/wp\/v2\/product\/12687\/revisions\/13924"}],"wp:featuredmedia":[{"embeddable":true,"href":"https:\/\/blackviewphones.com\/pt\/wp-json\/wp\/v2\/media\/12694"}],"wp:attachment":[{"href":"https:\/\/blackviewphones.com\/pt\/wp-json\/wp\/v2\/media?parent=12687"}],"wp:term":[{"taxonomy":"product_brand","embeddable":true,"href":"https:\/\/blackviewphones.com\/pt\/wp-json\/wp\/v2\/product_brand?post=12687"},{"taxonomy":"product_cat","embeddable":true,"href":"https:\/\/blackviewphones.com\/pt\/wp-json\/wp\/v2\/product_cat?post=12687"},{"taxonomy":"product_tag","embeddable":true,"href":"https:\/\/blackviewphones.com\/pt\/wp-json\/wp\/v2\/product_tag?post=12687"}],"curies":[{"name":"wp","href":"https:\/\/api.w.org\/{rel}","templated":true}]}}