

{"id":12673,"date":"2026-03-24T12:17:35","date_gmt":"2026-03-24T11:17:35","guid":{"rendered":"https:\/\/blackviewphones.com\/?post_type=product&#038;p=12673"},"modified":"2026-05-11T10:35:04","modified_gmt":"2026-05-11T08:35:04","slug":"capa-resistente-blackview-para-fort100-2","status":"publish","type":"product","link":"https:\/\/blackviewphones.com\/pt\/product\/blackview-rugged-funda-para-fort100\/","title":{"rendered":"Capa resistente Blackview para Fort100"},"content":{"rendered":"<h1 data-spm-anchor-id=\"a2g0o.detail.1000016.i4.6bb25b43f3exZP\">Estojo resistente Blackview para Fort 100<\/h1>\n<p data-spm-anchor-id=\"a2g0o.detail.1000016.i4.6bb25b43f3exZP\">Proteja seu smartphone com a capa original Blackview para o FORT100, projetada para oferecer durabilidade superior, uma pegada segura e prote\u00e7\u00e3o contra impactos e arranh\u00f5es. Feita com materiais resistentes que se encaixam perfeitamente no aparelho sem comprometer o uso di\u00e1rio. Descubra a capa Blackview Rugged para o celular robusto Fort 100. Ela possui um anel que tamb\u00e9m funciona como suporte ou encaixe de mesa, oferecendo mais praticidade ao assistir v\u00eddeos ou realizar outras atividades.<\/p>\n<p><strong>Prote\u00e7\u00e3o m\u00e1xima para o seu FORT 100<\/strong><\/p>\n<p>Projetada especificamente para o robusto celular FORT100, esta capa de precis\u00e3o eleva a durabilidade a um novo patamar. Quando a prote\u00e7\u00e3o extrema \u00e9 o que importa, n\u00e3o se contente com nada menos do que uma capa feita exclusivamente para o seu aparelho.<\/p>\n<p><strong>Projetado para o FORT 100<\/strong><\/p>\n<p>Esta n\u00e3o \u00e9 uma capa gen\u00e9rica adaptada; ela foi projetada especificamente para o FORT100. Seu encaixe perfeito e preciso envolve seu telefone em uma camada extra de prote\u00e7\u00e3o sem adicionar volume desnecess\u00e1rio, oferecendo prote\u00e7\u00e3o aprimorada contra quedas e resist\u00eancia a impactos exatamente onde voc\u00ea precisa.<\/p>\n<h2>Principais caracter\u00edsticas da capa Blackview FORT100:<\/h2>\n<ul>\n<li>Garantia de encaixe perfeito: Projetado exclusivamente para as dimens\u00f5es do FORT100, com recortes precisos para todas as portas e bot\u00f5es.<\/li>\n<li>Maior durabilidade: Adicione uma camada extra de prote\u00e7\u00e3o ao seu telefone, que j\u00e1 \u00e9 resistente, para m\u00e1xima tranquilidade.<\/li>\n<li>Suporte de anel integrado: O suporte de anel integrado proporciona uma fixa\u00e7\u00e3o segura e visualiza\u00e7\u00e3o com as m\u00e3os livres em v\u00e1rios \u00e2ngulos.<\/li>\n<li>Constru\u00e7\u00e3o robusta: permanece firme no lugar, sem escorregar ou se deslocar durante o uso.<\/li>\n<li>Op\u00e7\u00f5es de cores combinando: Dispon\u00edvel em preto e branco lunar para combinar perfeitamente com o seu FORT100.<\/li>\n<li>Funcionalidade intacta: acesso total a todas as fun\u00e7\u00f5es, c\u00e2meras e portas sem necessidade de remover a capa.<\/li>\n<li>Projetado para o seu estilo de vida.<\/li>\n<li>Seja em um canteiro de obras, explorando a natureza ou simplesmente buscando a m\u00e1xima prote\u00e7\u00e3o para seu investimento, esta capa oferece tudo isso. O anel de suporte integrado proporciona uma pegada segura para uso com uma s\u00f3 m\u00e3o e tamb\u00e9m funciona como um pr\u00e1tico apoio para assistir a v\u00eddeos ou fazer videochamadas. Desfrute da tranquilidade de saber que seu FORT100 est\u00e1 protegido por uma capa projetada sob medida.<\/li>\n<li>Dispon\u00edvel em dois acabamentos premium: preto cl\u00e1ssico ou branco lunar elegante. Escolha a cor que melhor combina com o seu FORT100.<\/li>\n<\/ul>\n<p>\u00a0<\/p>","protected":false},"excerpt":{"rendered":"<p>Proteja seu smartphone com a capa. <strong>original<\/strong> A capa Blackview Rugged para FORT100 foi projetada para oferecer durabilidade superior, uma pegada segura e prote\u00e7\u00e3o contra impactos e arranh\u00f5es. Feita com materiais resistentes que se encaixam perfeitamente no aparelho sem comprometer o uso di\u00e1rio. Conhe\u00e7a a capa Blackview Rugged para celulares robustos, como o Fort 100. Ela possui um anel que funciona como suporte ou apoio para mesa, proporcionando mais praticidade ao assistir v\u00eddeos ou realizar outras atividades.<\/p>","protected":false},"featured_media":12680,"comment_status":"open","ping_status":"closed","template":"","meta":{"_acf_changed":false},"product_brand":[],"product_cat":[154,330,159,338],"product_tag":[],"class_list":{"0":"post-12673","1":"product","2":"type-product","3":"status-publish","4":"has-post-thumbnail","6":"product_cat-accesorios-blackview","7":"product_cat-accesorios-blackview-accesorios-para-moviles","8":"product_cat-ofertas","9":"product_cat-productos","11":"first","12":"instock","13":"sale","14":"shipping-taxable","15":"purchasable","16":"product-type-variable","17":"has-default-attributes"},"acf":[],"_links":{"self":[{"href":"https:\/\/blackviewphones.com\/pt\/wp-json\/wp\/v2\/product\/12673","targetHints":{"allow":["GET"]}}],"collection":[{"href":"https:\/\/blackviewphones.com\/pt\/wp-json\/wp\/v2\/product"}],"about":[{"href":"https:\/\/blackviewphones.com\/pt\/wp-json\/wp\/v2\/types\/product"}],"replies":[{"embeddable":true,"href":"https:\/\/blackviewphones.com\/pt\/wp-json\/wp\/v2\/comments?post=12673"}],"version-history":[{"count":0,"href":"https:\/\/blackviewphones.com\/pt\/wp-json\/wp\/v2\/product\/12673\/revisions"}],"wp:featuredmedia":[{"embeddable":true,"href":"https:\/\/blackviewphones.com\/pt\/wp-json\/wp\/v2\/media\/12680"}],"wp:attachment":[{"href":"https:\/\/blackviewphones.com\/pt\/wp-json\/wp\/v2\/media?parent=12673"}],"wp:term":[{"taxonomy":"product_brand","embeddable":true,"href":"https:\/\/blackviewphones.com\/pt\/wp-json\/wp\/v2\/product_brand?post=12673"},{"taxonomy":"product_cat","embeddable":true,"href":"https:\/\/blackviewphones.com\/pt\/wp-json\/wp\/v2\/product_cat?post=12673"},{"taxonomy":"product_tag","embeddable":true,"href":"https:\/\/blackviewphones.com\/pt\/wp-json\/wp\/v2\/product_tag?post=12673"}],"curies":[{"name":"wp","href":"https:\/\/api.w.org\/{rel}","templated":true}]}}