

{"id":12262,"date":"2026-02-10T10:21:25","date_gmt":"2026-02-10T09:21:25","guid":{"rendered":"https:\/\/blackviewphones.com\/?post_type=product&#038;p=12262"},"modified":"2026-05-04T13:30:21","modified_gmt":"2026-05-04T11:30:21","slug":"mini-pc-blackview-mp50-com-amd-ryzen-5-3500u","status":"publish","type":"product","link":"https:\/\/blackviewphones.com\/pt\/product\/blackview-mp50-mini-pc-amd-ryzen-5-3500u\/","title":{"rendered":"Mini PC Blackview MP50 AMD Ryzen 5 (3500U)"},"content":{"rendered":"<h1>Mini PC Blackview MP50 AMD Ryzen 5 (3500U)<\/h1>\n<p data-start=\"247\" data-end=\"508\">O Blackview MP50 Mini PC \u00e9 um computador de mesa compacto e potente, projetado para oferecer desempenho profissional em um formato ultracompacto. Ele possui um processador. <strong>AMD Ryzen 5 3500U<\/strong> Com placa gr\u00e1fica Radeon Vega integrada, ideal para multitarefa, produtividade, edi\u00e7\u00e3o leve e entretenimento em alta defini\u00e7\u00e3o. <strong>16 GB de RAM DDR4 e 512 GB de armazenamento SSD M.2.<\/strong>, Garante inicializa\u00e7\u00e3o r\u00e1pida, carregamento de aplicativos sem problemas e ampla capacidade para arquivos grandes. Inclui <strong>Windows 11 Pro <\/strong>\u00a0Para uma experi\u00eancia moderna e segura desde o primeiro uso. Seu chassi \u00e9 apenas <strong>100 \u00d7 100 \u00d7 33 mm<\/strong> e <strong>Wi-Fi 5 + Bluetooth 4.2<\/strong> Eles garantem conectividade sem fio est\u00e1vel sem ocupar espa\u00e7o, enquanto a sa\u00edda <strong>HDMI 2.0 com suporte para 4K a 60 Hz<\/strong> Permite desfrutar de conte\u00fado de alta resolu\u00e7\u00e3o em monitores externos. Um mini PC vers\u00e1til e eficiente, ideal para escrit\u00f3rios, trabalho remoto, salas de aula e entretenimento dom\u00e9stico.<\/p>\n<p data-start=\"247\" data-end=\"508\"><strong>Este terminal vem com o Windows 11 PRO com uma licen\u00e7a OEM vital\u00edcia; esta licen\u00e7a est\u00e1 vinculada ao hardware do computador e n\u00e3o pode ser transferida para outro computador.<\/strong><\/p>","protected":false},"excerpt":{"rendered":"<p data-start=\"0\" data-end=\"333\">Ele <strong data-start=\"3\" data-end=\"19\">Mini PC MP50<\/strong> Oferece pot\u00eancia e desempenho em um formato ultracompacto. Equipado com um processador. <strong data-start=\"103\" data-end=\"124\">AMD Ryzen 5 3500U<\/strong>, Garante um desempenho impec\u00e1vel para tarefas de escrit\u00f3rio, multim\u00eddia e trabalho profissional. Incorpora <strong data-start=\"212\" data-end=\"259\">16 GB de RAM e 512 GB de armazenamento SSD<\/strong>, Proporcionando velocidade e amplo espa\u00e7o para seus arquivos e programas. Al\u00e9m disso,<strong> Inclui teclado e mouse gr\u00e1tis.<\/strong><\/p>\n<p data-start=\"335\" data-end=\"633\">Com <strong data-start=\"339\" data-end=\"370\">Windows 11 Pro<\/strong>, Est\u00e1 pronto para usar assim que sai da caixa. Seu design compacto. <strong data-start=\"444\" data-end=\"465\">100 x 100 x 33 mm<\/strong> Isso o torna ideal para qualquer mesa ou instala\u00e7\u00e3o discreta. Al\u00e9m disso, ele apresenta <strong data-start=\"549\" data-end=\"575\">Wi-Fi 5 e Bluetooth 4.2<\/strong>, Garantir conectividade sem fio est\u00e1vel e eficiente.<\/p>\n<p data-start=\"335\" data-end=\"633\"><em>Este terminal vem com o Windows 11 PRO com uma licen\u00e7a OEM vital\u00edcia; esta licen\u00e7a est\u00e1 vinculada ao hardware do computador e n\u00e3o pode ser transferida para outro computador.<\/em><\/p>","protected":false},"featured_media":12619,"comment_status":"open","ping_status":"closed","template":"","meta":{"_acf_changed":false},"product_brand":[287],"product_cat":[153,159,339,151],"product_tag":[],"class_list":{"0":"post-12262","1":"product","2":"type-product","3":"status-publish","4":"has-post-thumbnail","6":"product_brand-blackview","7":"product_cat-equipos-blackview-mini-pc","8":"product_cat-ofertas","9":"product_cat-otros-productos","10":"product_cat-equipos-blackview","12":"first","13":"instock","14":"sale","15":"shipping-taxable","16":"purchasable","17":"product-type-variable","18":"has-default-attributes"},"acf":[],"_links":{"self":[{"href":"https:\/\/blackviewphones.com\/pt\/wp-json\/wp\/v2\/product\/12262","targetHints":{"allow":["GET"]}}],"collection":[{"href":"https:\/\/blackviewphones.com\/pt\/wp-json\/wp\/v2\/product"}],"about":[{"href":"https:\/\/blackviewphones.com\/pt\/wp-json\/wp\/v2\/types\/product"}],"replies":[{"embeddable":true,"href":"https:\/\/blackviewphones.com\/pt\/wp-json\/wp\/v2\/comments?post=12262"}],"version-history":[{"count":0,"href":"https:\/\/blackviewphones.com\/pt\/wp-json\/wp\/v2\/product\/12262\/revisions"}],"wp:featuredmedia":[{"embeddable":true,"href":"https:\/\/blackviewphones.com\/pt\/wp-json\/wp\/v2\/media\/12619"}],"wp:attachment":[{"href":"https:\/\/blackviewphones.com\/pt\/wp-json\/wp\/v2\/media?parent=12262"}],"wp:term":[{"taxonomy":"product_brand","embeddable":true,"href":"https:\/\/blackviewphones.com\/pt\/wp-json\/wp\/v2\/product_brand?post=12262"},{"taxonomy":"product_cat","embeddable":true,"href":"https:\/\/blackviewphones.com\/pt\/wp-json\/wp\/v2\/product_cat?post=12262"},{"taxonomy":"product_tag","embeddable":true,"href":"https:\/\/blackviewphones.com\/pt\/wp-json\/wp\/v2\/product_tag?post=12262"}],"curies":[{"name":"wp","href":"https:\/\/api.w.org\/{rel}","templated":true}]}}