

{"id":12212,"date":"2026-02-06T15:33:22","date_gmt":"2026-02-06T14:33:22","guid":{"rendered":"https:\/\/blackviewphones.com\/?post_type=product&#038;p=12212"},"modified":"2026-05-09T20:00:52","modified_gmt":"2026-05-09T18:00:52","slug":"relogio-inteligente-blackview-z30-para-criancas","status":"publish","type":"product","link":"https:\/\/blackviewphones.com\/pt\/product\/blackview-z30-smartwatch-para-ninos\/","title":{"rendered":"Blackview Z30 \u2013 Smartwatch para crian\u00e7as"},"content":{"rendered":"<h1>Blackview Z30 \u2013 Smartwatch para crian\u00e7as<\/h1>\n<p data-start=\"256\" data-end=\"794\">Ele <strong data-start=\"259\" data-end=\"276\">Blackview Z30<\/strong> \u00c9 um smartwatch projetado para a seguran\u00e7a e comunica\u00e7\u00e3o infantil, combinando tecnologia avan\u00e7ada, rastreamento preciso de localiza\u00e7\u00e3o e recursos pr\u00e1ticos para o dia a dia. Gra\u00e7as \u00e0 sua <strong data-start=\"460\" data-end=\"506\">Posicionamento triplo (GPS + LBS + Wi-Fi)<\/strong> e seu <strong data-start=\"512\" data-end=\"540\">Tela sens\u00edvel ao toque de 1,75\u201d<\/strong>, Crian\u00e7as e pais podem permanecer conectados o tempo todo por meio de videochamadas em HD, chamadas de voz e mensagens. Tamb\u00e9m inclui ferramentas de seguran\u00e7a, como... <strong data-start=\"712\" data-end=\"725\">Bot\u00e3o SOS<\/strong>, <strong data-start=\"727\" data-end=\"758\">zonas seguras configur\u00e1veis<\/strong> e <strong data-start=\"761\" data-end=\"791\">Modo escolar \u201cn\u00e3o perturbe\u201d<\/strong>.<\/p>\n<ul data-start=\"796\" data-end=\"1495\">\n<li data-start=\"796\" data-end=\"918\">\n<p data-start=\"798\" data-end=\"918\"><strong data-start=\"798\" data-end=\"831\">C\u00e2mera HD ultra grande angular:<\/strong> Capture os melhores momentos da vida de qualquer \u00e2ngulo, em qualquer lugar.<\/p>\n<\/li>\n<li data-start=\"919\" data-end=\"1000\">\n<p data-start=\"921\" data-end=\"1000\"><strong data-start=\"921\" data-end=\"958\">Lanterna LED de alto brilho:<\/strong> Luz constante ideal para uso noturno.<\/p>\n<\/li>\n<li data-start=\"1001\" data-end=\"1152\">\n<p data-start=\"1003\" data-end=\"1152\"><strong data-start=\"1003\" data-end=\"1036\">Chamada SOS com um clique:<\/strong> Em caso de emerg\u00eancia, o rel\u00f3gio faz automaticamente uma chamada SOS e notifica os contatos de emerg\u00eancia.<\/p>\n<\/li>\n<li data-start=\"1153\" data-end=\"1276\">\n<p data-start=\"1155\" data-end=\"1276\"><strong data-start=\"1155\" data-end=\"1183\">Conectividade 4G est\u00e1vel:<\/strong> Permite chamadas, chats de voz e videochamadas em HD para uma comunica\u00e7\u00e3o clara e confi\u00e1vel.<\/p>\n<\/li>\n<li data-start=\"1153\" data-end=\"1276\">\n<p data-start=\"1155\" data-end=\"1276\"><strong data-start=\"1279\" data-end=\"1329\">Chamadas de v\u00eddeo em HD e bate-papo por voz em tempo real:<\/strong> Os pais conseguem visualizar claramente o ambiente ao redor da crian\u00e7a, verificar sua seguran\u00e7a e manter uma comunica\u00e7\u00e3o direta e constante, fortalecendo o v\u00ednculo familiar.<\/p>\n<div id=\"gtx-trans\" style=\"position: absolute; left: 677px; top: 1329.41px;\">\n<div class=\"gtx-trans-icon\"><\/div>\n<\/div>\n<p><em><strong>Instru\u00e7\u00f5es do fabricante:<\/strong><\/em><\/p>\n<p>1. Tela HD de 1,75 polegadas, design flex\u00edvel e intuitivo do aplicativo integrado ao rel\u00f3gio, exibi\u00e7\u00e3o simples com mais informa\u00e7\u00f5es em um relance.<br \/>\n2. Resist\u00eancia \u00e0 \u00e1gua IP68, atende \u00e0s necessidades di\u00e1rias de resist\u00eancia \u00e0 \u00e1gua, sem necessidade de se preocupar com chuva ou lavagem r\u00e1pida das m\u00e3os, desde que as portas estejam fechadas.<br \/>\n3. Os usu\u00e1rios podem carreg\u00e1-lo com uma al\u00e7a ou uma capa de silicone espec\u00edfica. Al\u00e9m de atender \u00e0s diferentes necessidades de uso das crian\u00e7as, o material e a fabrica\u00e7\u00e3o da al\u00e7a e da capa protetora tamb\u00e9m levam em considera\u00e7\u00e3o a seguran\u00e7a e s\u00e3o adequados para a pele sens\u00edvel das crian\u00e7as.<br \/>\n4. O aplicativo desenvolvido para crian\u00e7as permite que os pais definam limites de atividade por meio da cerca eletr\u00f4nica do aplicativo, rastreiem a localiza\u00e7\u00e3o da crian\u00e7a em tempo real e a mantenham segura o tempo todo. Os dados s\u00e3o criptografados para proteger a privacidade do usu\u00e1rio.<br \/>\n5. Lanterna LED branca de alto brilho e baixo consumo, que pode ser ligada via software para uso di\u00e1rio ou em caso de emerg\u00eancias ao ar livre; a fun\u00e7\u00e3o de lanterna fornecer\u00e1 a assist\u00eancia necess\u00e1ria.<br \/>\n6. Posicionamento triplo preciso: GPS + LBS + Wi-Fi para manter as crian\u00e7as seguras o tempo todo.<br \/>\n7. Os pais definem o raio de atividade por meio da cerca eletr\u00f4nica do aplicativo. Se a localiza\u00e7\u00e3o da crian\u00e7a ficar fora do raio definido, os pais receber\u00e3o um aviso em tempo h\u00e1bil.<br \/>\n8. Sete jogos integrados para crian\u00e7as, desenvolvidos especificamente para rel\u00f3gios infantis, que s\u00e3o mais fluidos e divertidos quando combinados com a tela de alta defini\u00e7\u00e3o de 1,75 polegadas.<br \/>\n9. Precis\u00e3o de posicionamento da esta\u00e7\u00e3o base LBS: 100-1000 m. Precis\u00e3o de posicionamento do WiFi: 10-100 m.<\/li>\n<\/ul>","protected":false},"excerpt":{"rendered":"<h3>Smartwatch ideal para crian\u00e7as<\/h3>\n<p>\u2714Capture fotos<br \/>\n\u2714Bot\u00e3o de chamada SOS e chamada de v\u00eddeo 4G<br \/>\n\u2714Ajuda SOS com um clique<br \/>\n\u2714Lanterna LED<\/p>","protected":false},"featured_media":12215,"comment_status":"open","ping_status":"closed","template":"","meta":{"_acf_changed":false},"product_brand":[287],"product_cat":[159,339,90],"product_tag":[],"class_list":{"0":"post-12212","1":"product","2":"type-product","3":"status-publish","4":"has-post-thumbnail","6":"product_brand-blackview","7":"product_cat-ofertas","8":"product_cat-otros-productos","9":"product_cat-smartwatch","11":"first","12":"instock","13":"sale","14":"shipping-taxable","15":"purchasable","16":"product-type-variable","17":"has-default-attributes"},"acf":[],"_links":{"self":[{"href":"https:\/\/blackviewphones.com\/pt\/wp-json\/wp\/v2\/product\/12212","targetHints":{"allow":["GET"]}}],"collection":[{"href":"https:\/\/blackviewphones.com\/pt\/wp-json\/wp\/v2\/product"}],"about":[{"href":"https:\/\/blackviewphones.com\/pt\/wp-json\/wp\/v2\/types\/product"}],"replies":[{"embeddable":true,"href":"https:\/\/blackviewphones.com\/pt\/wp-json\/wp\/v2\/comments?post=12212"}],"version-history":[{"count":2,"href":"https:\/\/blackviewphones.com\/pt\/wp-json\/wp\/v2\/product\/12212\/revisions"}],"predecessor-version":[{"id":13891,"href":"https:\/\/blackviewphones.com\/pt\/wp-json\/wp\/v2\/product\/12212\/revisions\/13891"}],"wp:featuredmedia":[{"embeddable":true,"href":"https:\/\/blackviewphones.com\/pt\/wp-json\/wp\/v2\/media\/12215"}],"wp:attachment":[{"href":"https:\/\/blackviewphones.com\/pt\/wp-json\/wp\/v2\/media?parent=12212"}],"wp:term":[{"taxonomy":"product_brand","embeddable":true,"href":"https:\/\/blackviewphones.com\/pt\/wp-json\/wp\/v2\/product_brand?post=12212"},{"taxonomy":"product_cat","embeddable":true,"href":"https:\/\/blackviewphones.com\/pt\/wp-json\/wp\/v2\/product_cat?post=12212"},{"taxonomy":"product_tag","embeddable":true,"href":"https:\/\/blackviewphones.com\/pt\/wp-json\/wp\/v2\/product_tag?post=12212"}],"curies":[{"name":"wp","href":"https:\/\/api.w.org\/{rel}","templated":true}]}}