

{"id":12193,"date":"2026-02-06T12:34:10","date_gmt":"2026-02-06T11:34:10","guid":{"rendered":"https:\/\/blackviewphones.com\/?post_type=product&#038;p=12193"},"modified":"2026-05-06T14:26:09","modified_gmt":"2026-05-06T12:26:09","slug":"mesa-blackview-10-com-tela-portatil-238","status":"publish","type":"product","link":"https:\/\/blackviewphones.com\/pt\/product\/blackview-table-10-pantalla-portatil-238\/","title":{"rendered":"Mesa Blackview 10 | Tela port\u00e1til de 23,8\u2033"},"content":{"rendered":"<h1 data-start=\"212\" data-end=\"639\">Mesa Blackview 10 | Tela port\u00e1til de 23,8\u2033<\/h1>\n<p data-start=\"212\" data-end=\"639\">Projetado para quem precisa <strong data-start=\"243\" data-end=\"304\">Mais espa\u00e7o de trabalho, maior conforto e mobilidade total.<\/strong>, o <strong data-start=\"309\" data-end=\"331\">Blackview TABELA 10<\/strong> \u00e9 um <strong data-start=\"339\" data-end=\"369\">Tela port\u00e1til de 23,8\u201d<\/strong> que transforma qualquer espa\u00e7o em seu escrit\u00f3rio ou centro de entretenimento. <strong data-start=\"447\" data-end=\"482\">amplo \u00e2ngulo de vis\u00e3o de 178\u00ba<\/strong> E seu design leve oferece uma experi\u00eancia visual confort\u00e1vel e envolvente, ideal para trabalhar, estudar ou desfrutar de conte\u00fado multim\u00eddia sem complica\u00e7\u00f5es.<\/p>\n<p data-start=\"641\" data-end=\"1070\">Seu design <strong data-start=\"651\" data-end=\"673\">fino e dobr\u00e1vel<\/strong> Inclui um suporte protetor. <strong data-start=\"708\" data-end=\"723\">pr\u00f3ximo de 0\u00b0<\/strong>, que envolve completamente a tela e facilita o transporte gra\u00e7as \u00e0 sua al\u00e7a integrada. Tamb\u00e9m apresenta <strong data-start=\"836\" data-end=\"878\">Fixa\u00e7\u00e3o magn\u00e9tica est\u00e1vel e ajust\u00e1vel<\/strong>, Permite um ajuste de altura suave para uma visualiza\u00e7\u00e3o ergon\u00f4mica. Compat\u00edvel com <strong data-start=\"975\" data-end=\"1003\">Suportes VESA 75 \u00d7 75 mm<\/strong>, Adapta-se facilmente a qualquer ambiente profissional ou dom\u00e9stico.<\/p>\n<h3>Nota importante:<\/h3>\n<p><span data-teams=\"true\">O Table 10 vem com um adaptador de energia de 30 W para carregamento independente. Essa pot\u00eancia \u00e9 relativamente baixa, mas suficiente para ligar o Table 10 (mesmo sem estar conectado a um computador para carregar). A pot\u00eancia de 80 W refere-se especificamente \u00e0 pot\u00eancia para carregamento reverso. Por exemplo, se voc\u00ea usar um carregador de 120 W para carregar o Table 10, ele suportar\u00e1 um m\u00e1ximo de 80 W para carregamento reverso, com os 80 W restantes sendo usados para carregar seu laptop.<\/span><\/p>","protected":false},"excerpt":{"rendered":"<p>O <strong data-start=\"113\" data-end=\"135\">Blackview TABELA 10<\/strong> \u00e9 um <strong data-start=\"143\" data-end=\"171\">Tela port\u00e1til de 23,8\u201d<\/strong>, Leve e vers\u00e1til, ideal como <strong data-start=\"203\" data-end=\"223\">segunda tela<\/strong> Para trabalho, estudo ou entretenimento. Oferece conectividade. <strong data-start=\"281\" data-end=\"306\">Conecte e use via USB-C<\/strong>, Possui um alto-falante embutido e ampla compatibilidade com laptops, smartphones e consoles. Al\u00e9m disso, \u00e9 <strong data-start=\"401\" data-end=\"444\">Compat\u00edvel com montagens VESA 75 \u00d7 75 mm<\/strong>, permitindo uma configura\u00e7\u00e3o mais confort\u00e1vel e ergon\u00f4mica em qualquer espa\u00e7o.<\/p>\n<p>&nbsp;<\/p>","protected":false},"featured_media":12202,"comment_status":"open","ping_status":"closed","template":"","meta":{"_acf_changed":false},"product_brand":[287],"product_cat":[151],"product_tag":[],"class_list":{"0":"post-12193","1":"product","2":"type-product","3":"status-publish","4":"has-post-thumbnail","6":"product_brand-blackview","7":"product_cat-equipos-blackview","9":"first","10":"instock","11":"sale","12":"shipping-taxable","13":"purchasable","14":"product-type-variable","15":"has-default-attributes"},"acf":[],"_links":{"self":[{"href":"https:\/\/blackviewphones.com\/pt\/wp-json\/wp\/v2\/product\/12193","targetHints":{"allow":["GET"]}}],"collection":[{"href":"https:\/\/blackviewphones.com\/pt\/wp-json\/wp\/v2\/product"}],"about":[{"href":"https:\/\/blackviewphones.com\/pt\/wp-json\/wp\/v2\/types\/product"}],"replies":[{"embeddable":true,"href":"https:\/\/blackviewphones.com\/pt\/wp-json\/wp\/v2\/comments?post=12193"}],"version-history":[{"count":2,"href":"https:\/\/blackviewphones.com\/pt\/wp-json\/wp\/v2\/product\/12193\/revisions"}],"predecessor-version":[{"id":13898,"href":"https:\/\/blackviewphones.com\/pt\/wp-json\/wp\/v2\/product\/12193\/revisions\/13898"}],"wp:featuredmedia":[{"embeddable":true,"href":"https:\/\/blackviewphones.com\/pt\/wp-json\/wp\/v2\/media\/12202"}],"wp:attachment":[{"href":"https:\/\/blackviewphones.com\/pt\/wp-json\/wp\/v2\/media?parent=12193"}],"wp:term":[{"taxonomy":"product_brand","embeddable":true,"href":"https:\/\/blackviewphones.com\/pt\/wp-json\/wp\/v2\/product_brand?post=12193"},{"taxonomy":"product_cat","embeddable":true,"href":"https:\/\/blackviewphones.com\/pt\/wp-json\/wp\/v2\/product_cat?post=12193"},{"taxonomy":"product_tag","embeddable":true,"href":"https:\/\/blackviewphones.com\/pt\/wp-json\/wp\/v2\/product_tag?post=12193"}],"curies":[{"name":"wp","href":"https:\/\/api.w.org\/{rel}","templated":true}]}}