

{"id":12164,"date":"2026-02-05T14:15:53","date_gmt":"2026-02-05T13:15:53","guid":{"rendered":"https:\/\/blackviewphones.com\/?post_type=product&#038;p=12164"},"modified":"2026-05-07T13:04:43","modified_gmt":"2026-05-07T11:04:43","slug":"laptop-blackview-acebook-6-amd-ryzen-5","status":"publish","type":"product","link":"https:\/\/blackviewphones.com\/pt\/product\/portatil-blackview-acebook-6-amd-ryzen-5\/","title":{"rendered":"Notebook Blackview AceBook 6 com processador AMD Ryzen\u2122 5 3500U"},"content":{"rendered":"<h1>Notebook Blackview AceBook 6 com processador AMD Ryzen\u2122 5 3500U<\/h1>\n<p>Descubra o novo <strong data-start=\"236\" data-end=\"259\">Blackview AceBook 6<\/strong>, Este notebook foi projetado para oferecer o equil\u00edbrio perfeito entre pot\u00eancia, portabilidade e eleg\u00e2ncia. Com um design moderno em cinza estelar e uma tela IPS Full HD+ de 15,6&quot;, esta m\u00e1quina proporciona uma experi\u00eancia visual n\u00edtida e envolvente para o seu trabalho di\u00e1rio e entretenimento. Ele vem equipado com 16 GB de RAM e um SSD r\u00e1pido de 512 GB para um desempenho fluido e armazenamento seguro.<\/p>\n<h2 data-start=\"654\" data-end=\"709\">Desfrute de imagens n\u00edtidas e desempenho eficiente<\/h2>\n<p data-start=\"711\" data-end=\"1007\">Ele <strong data-start=\"714\" data-end=\"727\">AceBook 6<\/strong> Ele vem com o Windows 11 Home e um processador AMD Ryzen\u2122 5 3500U capaz de atingir at\u00e9 3,6 GHz, garantindo multitarefa eficiente e resposta r\u00e1pida em seus aplicativos favoritos. Al\u00e9m disso, sua bateria de 38 Wh permite que voc\u00ea trabalhe por longos per\u00edodos sem interrup\u00e7\u00f5es.<\/p>\n<p data-start=\"711\" data-end=\"1007\"><strong data-start=\"132\" data-end=\"175\">Informa\u00e7\u00f5es importantes sobre o teclado<\/strong><br data-start=\"175\" data-end=\"178\" \/>Este produto \u00e9 um <strong data-start=\"198\" data-end=\"235\">teclado QWERTY externo (separado)<\/strong>, por isso <strong data-start=\"248\" data-end=\"275\">n\u00e3o inclui a tecla \u201c\u00d1\u201d<\/strong>.<\/p>\n<p data-start=\"711\" data-end=\"1007\"><strong>Este terminal vem com o Windows 11 HOME com uma licen\u00e7a OEM vital\u00edcia; esta licen\u00e7a est\u00e1 vinculada ao hardware do computador e n\u00e3o pode ser transferida para outro computador.<\/strong><\/p>","protected":false},"excerpt":{"rendered":"<p><strong data-start=\"132\" data-end=\"175\">Informa\u00e7\u00f5es importantes sobre o teclado<\/strong><br data-start=\"175\" data-end=\"178\" \/>Este produto \u00e9 um <strong data-start=\"198\" data-end=\"235\">teclado QWERTY externo (separado)<\/strong>, por isso <strong data-start=\"248\" data-end=\"275\">n\u00e3o inclui a tecla \u201c\u00d1\u201d<\/strong>.<\/p>\n<p>AMD Ryzen\u2122 5 3500U<br data-start=\"150\" data-end=\"153\" \/>Windows 11 Home\u00a0<br data-start=\"201\" data-end=\"204\" \/>357,5 \u00d7 229,5 \u00d7 19,5 mm<br data-start=\"227\" data-end=\"230\" \/>Tela FHD+ de 15,6\u2033 | Peso 1,7 kg<br data-start=\"263\" data-end=\"266\" \/>38 Wh | Wi-Fi CA | Bluetooth 5.0<br data-start=\"297\" data-end=\"300\" \/>16 GB de RAM, SSD de 512 GB<\/p>\n<p><em>Este terminal vem com o Windows 11 HOME com uma licen\u00e7a OEM vital\u00edcia; esta licen\u00e7a est\u00e1 vinculada ao hardware do computador e n\u00e3o pode ser transferida para outro computador.<\/em><\/p>","protected":false},"featured_media":13826,"comment_status":"open","ping_status":"closed","template":"","meta":{"_acf_changed":false},"product_brand":[287],"product_cat":[61,159,338],"product_tag":[333,312],"class_list":{"0":"post-12164","1":"product","2":"type-product","3":"status-publish","4":"has-post-thumbnail","6":"product_brand-blackview","7":"product_cat-equipos-blackview-portatiles","8":"product_cat-ofertas","9":"product_cat-productos","10":"product_tag-cargador-eu","11":"product_tag-notebook","13":"first","14":"instock","15":"sale","16":"shipping-taxable","17":"purchasable","18":"product-type-variable","19":"has-default-attributes"},"acf":[],"_links":{"self":[{"href":"https:\/\/blackviewphones.com\/pt\/wp-json\/wp\/v2\/product\/12164","targetHints":{"allow":["GET"]}}],"collection":[{"href":"https:\/\/blackviewphones.com\/pt\/wp-json\/wp\/v2\/product"}],"about":[{"href":"https:\/\/blackviewphones.com\/pt\/wp-json\/wp\/v2\/types\/product"}],"replies":[{"embeddable":true,"href":"https:\/\/blackviewphones.com\/pt\/wp-json\/wp\/v2\/comments?post=12164"}],"version-history":[{"count":0,"href":"https:\/\/blackviewphones.com\/pt\/wp-json\/wp\/v2\/product\/12164\/revisions"}],"wp:featuredmedia":[{"embeddable":true,"href":"https:\/\/blackviewphones.com\/pt\/wp-json\/wp\/v2\/media\/13826"}],"wp:attachment":[{"href":"https:\/\/blackviewphones.com\/pt\/wp-json\/wp\/v2\/media?parent=12164"}],"wp:term":[{"taxonomy":"product_brand","embeddable":true,"href":"https:\/\/blackviewphones.com\/pt\/wp-json\/wp\/v2\/product_brand?post=12164"},{"taxonomy":"product_cat","embeddable":true,"href":"https:\/\/blackviewphones.com\/pt\/wp-json\/wp\/v2\/product_cat?post=12164"},{"taxonomy":"product_tag","embeddable":true,"href":"https:\/\/blackviewphones.com\/pt\/wp-json\/wp\/v2\/product_tag?post=12164"}],"curies":[{"name":"wp","href":"https:\/\/api.w.org\/{rel}","templated":true}]}}