

{"id":11797,"date":"2026-01-26T12:11:28","date_gmt":"2026-01-26T11:11:28","guid":{"rendered":"https:\/\/blackviewphones.com\/?post_type=product&#038;p=11797"},"modified":"2026-03-30T10:34:58","modified_gmt":"2026-03-30T08:34:58","slug":"presente-gratis-para-o-dia-dos-namorados","status":"publish","type":"product","link":"https:\/\/blackviewphones.com\/pt\/produto\/presente-gratis-para-o-dia-dos-namorados\/","title":{"rendered":"DETALHES DA BLACKVIEW"},"content":{"rendered":"<p><strong>Este produto n\u00e3o pode ser adquirido sem um pedido. BRINDE EXCLUSIVO inclu\u00eddo em pedidos a partir de \u20ac80.<\/strong><\/p>","protected":false},"excerpt":{"rendered":"<p>Este brinde n\u00e3o pode ser adicionado separadamente; est\u00e1 dispon\u00edvel apenas como brinde na compra de produtos selecionados.<\/p>\n<p>*Sujeito \u00e0 disponibilidade<\/p>","protected":false},"featured_media":11798,"comment_status":"open","ping_status":"closed","template":"","meta":{"_acf_changed":false},"product_brand":[],"product_cat":[349],"product_tag":[],"class_list":{"0":"post-11797","1":"product","2":"type-product","3":"status-publish","4":"has-post-thumbnail","6":"product_cat-sin-categoria","8":"first","9":"instock","10":"shipping-taxable","11":"purchasable","12":"product-type-variable"},"acf":[],"_links":{"self":[{"href":"https:\/\/blackviewphones.com\/pt\/wp-json\/wp\/v2\/product\/11797","targetHints":{"allow":["GET"]}}],"collection":[{"href":"https:\/\/blackviewphones.com\/pt\/wp-json\/wp\/v2\/product"}],"about":[{"href":"https:\/\/blackviewphones.com\/pt\/wp-json\/wp\/v2\/types\/product"}],"replies":[{"embeddable":true,"href":"https:\/\/blackviewphones.com\/pt\/wp-json\/wp\/v2\/comments?post=11797"}],"version-history":[{"count":0,"href":"https:\/\/blackviewphones.com\/pt\/wp-json\/wp\/v2\/product\/11797\/revisions"}],"wp:featuredmedia":[{"embeddable":true,"href":"https:\/\/blackviewphones.com\/pt\/wp-json\/wp\/v2\/media\/11798"}],"wp:attachment":[{"href":"https:\/\/blackviewphones.com\/pt\/wp-json\/wp\/v2\/media?parent=11797"}],"wp:term":[{"taxonomy":"product_brand","embeddable":true,"href":"https:\/\/blackviewphones.com\/pt\/wp-json\/wp\/v2\/product_brand?post=11797"},{"taxonomy":"product_cat","embeddable":true,"href":"https:\/\/blackviewphones.com\/pt\/wp-json\/wp\/v2\/product_cat?post=11797"},{"taxonomy":"product_tag","embeddable":true,"href":"https:\/\/blackviewphones.com\/pt\/wp-json\/wp\/v2\/product_tag?post=11797"}],"curies":[{"name":"wp","href":"https:\/\/api.w.org\/{rel}","templated":true}]}}