

{"id":8256,"date":"2025-07-21T11:24:54","date_gmt":"2025-07-21T09:24:54","guid":{"rendered":"https:\/\/blackviewphones.com\/?post_type=product&#038;p=8256"},"modified":"2026-03-31T09:34:36","modified_gmt":"2026-03-31T07:34:36","slug":"blackview-zeno-1-8-met-android-15-4-gb-ram-en-64-gb-rom","status":"publish","type":"product","link":"https:\/\/blackviewphones.com\/nl\/product\/blackview-zeno-1-8-met-android-15-4-gb-ram-en-64-gb-rom\/","title":{"rendered":"Blackview ZENO 1 | 8 inch met Android 15, 12 GB RAM en 64 GB ROM"},"content":{"rendered":"<h1>Blackview ZENO 1 Tablet | 12 GB (4 GB + 8 GB) RAM 64 GB ROM<\/h1>\n<p data-start=\"355\" data-end=\"659\">De nieuwe <strong data-start=\"364\" data-end=\"384\">Blackview ZENO 1<\/strong> is gearriveerd om u een compacte, krachtige en intelligente ervaring te bieden. Met een 8-inch scherm, een draagbaar en elegant ontwerp en een krachtige Unisoc T615-processor is deze tablet ideaal om te studeren, werken, cre\u00ebren en entertainen, waar u ook bent.<\/p>\n<p data-start=\"661\" data-end=\"856\">Met Android 15 (DokeOS_P 4.2), een 6000mAh-batterij, dubbele 5G-wifi en AI-gestuurde functies is het veel meer dan een tablet: het is je nieuwe persoonlijke controlecentrum.<\/p>\n<h3 data-start=\"863\" data-end=\"927\">AI Control + Google Lens: slimmer dan ooit<\/h3>\n<p data-start=\"928\" data-end=\"1210\">Dankzij de integratie van assistenten zoals ChatGPT-4o mini, Gemini 2.0 of DeepSeek-R1 kunt u met de ZENO 1 moeiteloos composities maken, vertalen, afbeeldingen maken en intelligente antwoorden krijgen. Bovendien, dankzij <strong data-start=\"1131\" data-end=\"1146\">Google Lens<\/strong>, slechts \u00e9\u00e9n afbeelding is voldoende om te zoeken, identificeren, tekst te kopi\u00ebren en meer.<\/p>\n<h3 data-start=\"1721\" data-end=\"1773\">Priv\u00e9ruimte: bescherm wat het belangrijkst is<\/h3>\n<p data-start=\"1774\" data-end=\"1956\">Uw privacy staat voorop. Activeer de modus <strong data-start=\"1817\" data-end=\"1836\">Priv\u00e9ruimte<\/strong> en verberg je persoonlijke apps \u2013 bankieren, sociale media, of wat je ook maar wilt \u2013 met volledige beveiliging. Niemand zal er ook maar iets van merken.<\/p>","protected":false},"excerpt":{"rendered":"<p>8-inch HD-scherm met 90 Hz verversingssnelheid<br \/>\n336,5 g ultralicht en 8,2 mm ultradun<br \/>\n1080P Widevine L1-ondersteuning<br \/>\nIngebouwde handsfree tabletstandaard<br \/>\nAI-tablet aangedreven door ChatGPT, Gemini en DeepSeek<\/p>","protected":false},"featured_media":11378,"comment_status":"open","ping_status":"closed","template":"","meta":{"_acf_changed":false},"product_brand":[287],"product_cat":[159,339,95,328],"product_tag":[352],"class_list":{"0":"post-8256","1":"product","2":"type-product","3":"status-publish","4":"has-post-thumbnail","6":"product_brand-blackview","7":"product_cat-ofertas","8":"product_cat-otros-productos","9":"product_cat-tablets-blackview","10":"product_cat-tablets-blackview-tablets-inteligentes-blackview","11":"product_tag-352","13":"first","14":"instock","15":"sale","16":"shipping-taxable","17":"purchasable","18":"product-type-variable","19":"has-default-attributes"},"acf":[],"_links":{"self":[{"href":"https:\/\/blackviewphones.com\/nl\/wp-json\/wp\/v2\/product\/8256","targetHints":{"allow":["GET"]}}],"collection":[{"href":"https:\/\/blackviewphones.com\/nl\/wp-json\/wp\/v2\/product"}],"about":[{"href":"https:\/\/blackviewphones.com\/nl\/wp-json\/wp\/v2\/types\/product"}],"replies":[{"embeddable":true,"href":"https:\/\/blackviewphones.com\/nl\/wp-json\/wp\/v2\/comments?post=8256"}],"version-history":[{"count":0,"href":"https:\/\/blackviewphones.com\/nl\/wp-json\/wp\/v2\/product\/8256\/revisions"}],"wp:featuredmedia":[{"embeddable":true,"href":"https:\/\/blackviewphones.com\/nl\/wp-json\/wp\/v2\/media\/11378"}],"wp:attachment":[{"href":"https:\/\/blackviewphones.com\/nl\/wp-json\/wp\/v2\/media?parent=8256"}],"wp:term":[{"taxonomy":"product_brand","embeddable":true,"href":"https:\/\/blackviewphones.com\/nl\/wp-json\/wp\/v2\/product_brand?post=8256"},{"taxonomy":"product_cat","embeddable":true,"href":"https:\/\/blackviewphones.com\/nl\/wp-json\/wp\/v2\/product_cat?post=8256"},{"taxonomy":"product_tag","embeddable":true,"href":"https:\/\/blackviewphones.com\/nl\/wp-json\/wp\/v2\/product_tag?post=8256"}],"curies":[{"name":"wp","href":"https:\/\/api.w.org\/{rel}","templated":true}]}}