

{"id":8243,"date":"2025-07-21T11:04:52","date_gmt":"2025-07-21T09:04:52","guid":{"rendered":"https:\/\/blackviewphones.com\/?post_type=product&#038;p=8243"},"modified":"2026-04-14T13:14:30","modified_gmt":"2026-04-14T11:14:30","slug":"tablet-blackview-zeno-1-tablet-android-15","status":"publish","type":"product","link":"https:\/\/blackviewphones.com\/nl\/product\/tablet-blackview-zeno-1-tablet-android-15\/","title":{"rendered":"Blackview ZENO 1 | 8 inch met Android 15, 18 GB RAM en 256 GB ROM"},"content":{"rendered":"<h1>Blackview ZENO 1 Tablet | 18 GB (6 GB + 12 GB) RAM 256 GB ROM<\/h1>\n<p data-start=\"355\" data-end=\"659\">De nieuwe <strong data-start=\"364\" data-end=\"384\">Blackview ZENO 1<\/strong> is gearriveerd om u een compacte, krachtige en intelligente ervaring te bieden. Met een 8-inch scherm, een draagbaar en elegant ontwerp en een krachtige Unisoc T615-processor is deze tablet ideaal om te studeren, werken, cre\u00ebren en entertainen, waar u ook bent.<\/p>\n<p data-start=\"661\" data-end=\"856\">Met Android 15 (DokeOS_P 4.2), een 6000mAh-batterij, dubbele 5G-wifi en AI-gestuurde functies is het veel meer dan een tablet: het is je nieuwe persoonlijke controlecentrum.<\/p>\n<h3 data-start=\"863\" data-end=\"927\">AI Control + Google Lens: slimmer dan ooit<\/h3>\n<p data-start=\"928\" data-end=\"1210\">Dankzij de integratie van assistenten zoals ChatGPT-4o mini, Gemini 2.0 of DeepSeek-R1 kunt u met de ZENO 1 moeiteloos composities maken, vertalen, afbeeldingen maken en intelligente antwoorden krijgen. Bovendien, dankzij <strong data-start=\"1131\" data-end=\"1146\">Google Lens<\/strong>, slechts \u00e9\u00e9n afbeelding is voldoende om te zoeken, identificeren, tekst te kopi\u00ebren en meer.<\/p>\n<h3 data-start=\"1721\" data-end=\"1773\">Priv\u00e9ruimte: bescherm wat het belangrijkst is<\/h3>\n<p data-start=\"1774\" data-end=\"1956\">Uw privacy staat voorop. Activeer de modus <strong data-start=\"1817\" data-end=\"1836\">Priv\u00e9ruimte<\/strong> en verberg je persoonlijke apps \u2013 bankieren, sociale media, of wat je ook maar wilt \u2013 met volledige beveiliging. Niemand zal er ook maar iets van merken.<\/p>","protected":false},"excerpt":{"rendered":"<p>8-inch HD-scherm met 90 Hz verversingssnelheid<br \/>\n336,5 g ultralicht en 8,2 mm ultradun<br \/>\n1080P Widevine L1-ondersteuning<br \/>\nIngebouwde handsfree tabletstandaard<br \/>\nAI-tablet aangedreven door ChatGPT, Gemini en DeepSeek<\/p>","protected":false},"featured_media":10314,"comment_status":"open","ping_status":"closed","template":"","meta":{"_acf_changed":false},"product_brand":[287],"product_cat":[159,95,328],"product_tag":[306],"class_list":{"0":"post-8243","1":"product","2":"type-product","3":"status-publish","4":"has-post-thumbnail","6":"product_brand-blackview","7":"product_cat-ofertas","8":"product_cat-tablets-blackview","9":"product_cat-tablets-blackview-tablets-inteligentes-blackview","10":"product_tag-306","12":"first","13":"instock","14":"sale","15":"shipping-taxable","16":"purchasable","17":"product-type-variable","18":"has-default-attributes"},"acf":[],"_links":{"self":[{"href":"https:\/\/blackviewphones.com\/nl\/wp-json\/wp\/v2\/product\/8243","targetHints":{"allow":["GET"]}}],"collection":[{"href":"https:\/\/blackviewphones.com\/nl\/wp-json\/wp\/v2\/product"}],"about":[{"href":"https:\/\/blackviewphones.com\/nl\/wp-json\/wp\/v2\/types\/product"}],"replies":[{"embeddable":true,"href":"https:\/\/blackviewphones.com\/nl\/wp-json\/wp\/v2\/comments?post=8243"}],"version-history":[{"count":0,"href":"https:\/\/blackviewphones.com\/nl\/wp-json\/wp\/v2\/product\/8243\/revisions"}],"wp:featuredmedia":[{"embeddable":true,"href":"https:\/\/blackviewphones.com\/nl\/wp-json\/wp\/v2\/media\/10314"}],"wp:attachment":[{"href":"https:\/\/blackviewphones.com\/nl\/wp-json\/wp\/v2\/media?parent=8243"}],"wp:term":[{"taxonomy":"product_brand","embeddable":true,"href":"https:\/\/blackviewphones.com\/nl\/wp-json\/wp\/v2\/product_brand?post=8243"},{"taxonomy":"product_cat","embeddable":true,"href":"https:\/\/blackviewphones.com\/nl\/wp-json\/wp\/v2\/product_cat?post=8243"},{"taxonomy":"product_tag","embeddable":true,"href":"https:\/\/blackviewphones.com\/nl\/wp-json\/wp\/v2\/product_tag?post=8243"}],"curies":[{"name":"wp","href":"https:\/\/api.w.org\/{rel}","templated":true}]}}