

{"id":8222,"date":"2025-07-11T12:01:17","date_gmt":"2025-07-11T10:01:17","guid":{"rendered":"https:\/\/blackviewphones.com\/?post_type=product&#038;p=8222"},"modified":"2026-04-02T09:25:51","modified_gmt":"2026-04-02T07:25:51","slug":"blackview-rugged-tablet-schouderband","status":"publish","type":"product","link":"https:\/\/blackviewphones.com\/nl\/product\/blackview-rugged-tablet-schouderband\/","title":{"rendered":"Blackview schouderband voor robuuste tablets"},"content":{"rendered":"<h1 data-spm-anchor-id=\"a2g0o.detail.1000016.i4.6bb25b43f3exZP\"><strong data-start=\"288\" data-end=\"343\">Blackview schouderband voor robuuste tablets<\/strong><\/h1>\n<p data-spm-anchor-id=\"a2g0o.detail.1000016.i4.6bb25b43f3exZP\">Maak uw dagelijks leven comfortabeler met de <strong data-start=\"380\" data-end=\"410\">Blackview schouderband<\/strong>Ontworpen om uw tablet gemakkelijk en comfortabel mee te nemen. Ideaal voor professionals onderweg, technici in het veld of elke gebruiker die zijn apparaat bij de hand moet hebben.<\/p>\n<p data-start=\"621\" data-end=\"642\"><strong data-start=\"621\" data-end=\"640\">Compatibel met:<\/strong><\/p>\n<ul>\n<li data-start=\"645\" data-end=\"670\">Blackview <strong>Actieve 10 Pro<\/strong><\/li>\n<li data-start=\"673\" data-end=\"698\">Blackview <strong>Active 12 Pro<\/strong><\/li>\n<li data-start=\"701\" data-end=\"719\">Blackview <strong>Actief 7<\/strong><\/li>\n<li>Kleur: Zwart<\/li>\n<li data-spm-anchor-id=\"a2g0o.detail.1000016.i4.6bb25b43f3exZP\">Materiaal: leer<\/li>\n<li data-spm-anchor-id=\"a2g0o.detail.1000016.i4.6bb25b43f3exZP\">Inhoud: 1 schouderband<\/li>\n<\/ul>\n<h2 data-start=\"193\" data-end=\"246\"><strong data-start=\"197\" data-end=\"246\">Kenmerken van de Blackview schouderband<\/strong><\/h2>\n<ul data-start=\"248\" data-end=\"780\">\n<li data-start=\"248\" data-end=\"339\">\n<p data-start=\"250\" data-end=\"339\"><strong data-start=\"250\" data-end=\"263\">Draagbaar:<\/strong> maakt het gemakkelijk om uw tablet te vervoeren zonder dat u hem in uw hand hoeft te dragen.<\/p>\n<\/li>\n<li data-start=\"340\" data-end=\"429\">\n<p data-start=\"342\" data-end=\"429\"><strong data-start=\"342\" data-end=\"359\">Handsfree:<\/strong> Ideaal voor werken of reizen met volledige bewegingsvrijheid.<\/p>\n<\/li>\n<li data-start=\"430\" data-end=\"524\">\n<p data-start=\"432\" data-end=\"524\"><strong data-start=\"432\" data-end=\"468\">Verstelbare schouderband:<\/strong> past zich aan verschillende hoogtes en gebruiksvoorkeuren aan.<\/p>\n<\/li>\n<li data-start=\"611\" data-end=\"687\">\n<p data-start=\"613\" data-end=\"687\"><strong data-start=\"613\" data-end=\"638\">Eenvoudige installatie:<\/strong> Kan eenvoudig worden bevestigd aan een compatibele tablet.<\/p>\n<\/li>\n<li data-start=\"688\" data-end=\"780\">\n<p data-start=\"690\" data-end=\"780\"><strong data-start=\"690\" data-end=\"709\">Verenigbaarheid:<\/strong> Geldig voor Blackview Active 10 Pro, Active 12 Pro en Active 7 tablets.<\/p>\n<\/li>\n<\/ul>","protected":false},"excerpt":{"rendered":"<p>Blackview Correa de Hombro para Tablets Rugerizadas Haz tu d\u00eda a d\u00eda m\u00e1s c\u00f3modo con la correa de hombro Blackview, dise\u00f1ada para facilitar el transporte de tu tablet de forma segura y pr\u00e1ctica. Ideal para profesionales en movimiento, t\u00e9cnicos de campo o cualquier usuario que necesite llevar su dispositivo siempre a mano. Compatible con: Blackview<\/p>\n<div class=\"klb-readmore entry-button\"><a class=\"btn read-more\" href=\"https:\/\/blackviewphones.com\/nl\/product\/blackview-rugged-tablet-schouderband\/\">Lees meer<\/a><\/div>","protected":false},"featured_media":8227,"comment_status":"closed","ping_status":"closed","template":"","meta":{"_acf_changed":false},"product_brand":[],"product_cat":[154],"product_tag":[317,310,232],"class_list":{"0":"post-8222","1":"product","2":"type-product","3":"status-publish","4":"has-post-thumbnail","6":"product_cat-accesorios-blackview","7":"product_tag-active-8-pro","8":"product_tag-funda-teclado","9":"product_tag-tablet","11":"first","12":"instock","13":"sale","14":"shipping-taxable","15":"purchasable","16":"product-type-variable","17":"has-default-attributes"},"acf":[],"_links":{"self":[{"href":"https:\/\/blackviewphones.com\/nl\/wp-json\/wp\/v2\/product\/8222","targetHints":{"allow":["GET"]}}],"collection":[{"href":"https:\/\/blackviewphones.com\/nl\/wp-json\/wp\/v2\/product"}],"about":[{"href":"https:\/\/blackviewphones.com\/nl\/wp-json\/wp\/v2\/types\/product"}],"replies":[{"embeddable":true,"href":"https:\/\/blackviewphones.com\/nl\/wp-json\/wp\/v2\/comments?post=8222"}],"version-history":[{"count":0,"href":"https:\/\/blackviewphones.com\/nl\/wp-json\/wp\/v2\/product\/8222\/revisions"}],"wp:featuredmedia":[{"embeddable":true,"href":"https:\/\/blackviewphones.com\/nl\/wp-json\/wp\/v2\/media\/8227"}],"wp:attachment":[{"href":"https:\/\/blackviewphones.com\/nl\/wp-json\/wp\/v2\/media?parent=8222"}],"wp:term":[{"taxonomy":"product_brand","embeddable":true,"href":"https:\/\/blackviewphones.com\/nl\/wp-json\/wp\/v2\/product_brand?post=8222"},{"taxonomy":"product_cat","embeddable":true,"href":"https:\/\/blackviewphones.com\/nl\/wp-json\/wp\/v2\/product_cat?post=8222"},{"taxonomy":"product_tag","embeddable":true,"href":"https:\/\/blackviewphones.com\/nl\/wp-json\/wp\/v2\/product_tag?post=8222"}],"curies":[{"name":"wp","href":"https:\/\/api.w.org\/{rel}","templated":true}]}}