

{"id":8078,"date":"2025-06-20T10:49:25","date_gmt":"2025-06-20T08:49:25","guid":{"rendered":"https:\/\/blackviewphones.com\/?post_type=product&#038;p=8078"},"modified":"2026-05-06T14:35:28","modified_gmt":"2026-05-06T12:35:28","slug":"blackview-tab-60-pro-kindertablet","status":"publish","type":"product","link":"https:\/\/blackviewphones.com\/nl\/product\/blackview-tab-60-pro-kids-tablet\/","title":{"rendered":"Blackview Tab 60 PRO Kindertablet | 24 GB (8 GB + 16 GB) RAM 128 GB ROM"},"content":{"rendered":"<h1>Blackview Tab 60 PRO Kindertablet<\/h1>\n<p>Ontdek de <strong data-start=\"266\" data-end=\"302\">Blackview Tab 60 Pro Kindertablet<\/strong>, speciaal ontworpen voor de kleintjes. Verkrijgbaar in felle kleuren zoals <strong data-start=\"388\" data-end=\"401\">Roze roos<\/strong> En <strong data-start=\"404\" data-end=\"418\">Oceaanblauw<\/strong>, valt op door zijn levendige, moderne en resistente ontwerp, met een matte afwerking en slechts <strong data-start=\"500\" data-end=\"520\">8,5 mm dik<\/strong>.<\/p>\n<p>Uitgerust met <strong data-start=\"745\" data-end=\"784\">8 GB RAM (uitbreidbaar tot 24 GB)<\/strong> En <strong data-start=\"787\" data-end=\"815\">128 GB opslag<\/strong> (uitbreidbaar tot <strong data-start=\"835\" data-end=\"858\">2 TB met TF-kaart<\/strong>) biedt meer dan voldoende ruimte voor al uw favoriete educatieve apps en content.<\/p>\n<p>Inclusief een koffer <strong data-start=\"980\" data-end=\"1008\">Zeer beschermende EVA<\/strong>, ideaal om bestand te zijn tegen vallen en stoten. Met besturingssysteem <strong data-start=\"1082\" data-end=\"1119\">DokeOS P 4.1 gebaseerd op Android 15<\/strong>connectiviteit <strong data-start=\"1134\" data-end=\"1177\">Dualband wifi, Bluetooth 5.0 en 5G<\/strong>De Blackview Tab 60 Pro Kids is de perfecte metgezel voor kinderen om veilig te leren, plezier te hebben en verbinding te maken.<\/p>","protected":false},"excerpt":{"rendered":"<p>Tablet Blackview Tab 60 PRO Kids Descubre la Tablet Blackview Tab 60 Pro Kids, dise\u00f1ada especialmente para los m\u00e1s peque\u00f1os. Disponible en colores llamativos como Rose Pink y Ocean Blue, destaca por su dise\u00f1o animado, moderno y resistente, con un acabado mate y solo 8.5 mm de grosor. Equipada con 8 GB de RAM (ampliables<\/p>\n<div class=\"klb-readmore entry-button\"><a class=\"btn read-more\" href=\"https:\/\/blackviewphones.com\/nl\/product\/blackview-tab-60-pro-kids-tablet\/\">Lees meer<\/a><\/div>","protected":false},"featured_media":13908,"comment_status":"open","ping_status":"closed","template":"","meta":{"_acf_changed":false},"product_brand":[287],"product_cat":[95,159,339],"product_tag":[299],"class_list":{"0":"post-8078","1":"product","2":"type-product","3":"status-publish","4":"has-post-thumbnail","6":"product_brand-blackview","7":"product_cat-tablets-blackview","8":"product_cat-ofertas","9":"product_cat-otros-productos","10":"product_tag-kids","12":"first","13":"instock","14":"sale","15":"shipping-taxable","16":"purchasable","17":"product-type-variable","18":"has-default-attributes"},"acf":[],"_links":{"self":[{"href":"https:\/\/blackviewphones.com\/nl\/wp-json\/wp\/v2\/product\/8078","targetHints":{"allow":["GET"]}}],"collection":[{"href":"https:\/\/blackviewphones.com\/nl\/wp-json\/wp\/v2\/product"}],"about":[{"href":"https:\/\/blackviewphones.com\/nl\/wp-json\/wp\/v2\/types\/product"}],"replies":[{"embeddable":true,"href":"https:\/\/blackviewphones.com\/nl\/wp-json\/wp\/v2\/comments?post=8078"}],"version-history":[{"count":3,"href":"https:\/\/blackviewphones.com\/nl\/wp-json\/wp\/v2\/product\/8078\/revisions"}],"predecessor-version":[{"id":13912,"href":"https:\/\/blackviewphones.com\/nl\/wp-json\/wp\/v2\/product\/8078\/revisions\/13912"}],"wp:featuredmedia":[{"embeddable":true,"href":"https:\/\/blackviewphones.com\/nl\/wp-json\/wp\/v2\/media\/13908"}],"wp:attachment":[{"href":"https:\/\/blackviewphones.com\/nl\/wp-json\/wp\/v2\/media?parent=8078"}],"wp:term":[{"taxonomy":"product_brand","embeddable":true,"href":"https:\/\/blackviewphones.com\/nl\/wp-json\/wp\/v2\/product_brand?post=8078"},{"taxonomy":"product_cat","embeddable":true,"href":"https:\/\/blackviewphones.com\/nl\/wp-json\/wp\/v2\/product_cat?post=8078"},{"taxonomy":"product_tag","embeddable":true,"href":"https:\/\/blackviewphones.com\/nl\/wp-json\/wp\/v2\/product_tag?post=8078"}],"curies":[{"name":"wp","href":"https:\/\/api.w.org\/{rel}","templated":true}]}}