

{"id":7257,"date":"2025-04-22T17:19:45","date_gmt":"2025-04-22T15:19:45","guid":{"rendered":"https:\/\/blackviewphones.com\/?post_type=product&#038;p=7257"},"modified":"2026-01-12T12:33:59","modified_gmt":"2026-01-12T11:33:59","slug":"blackview-w70-smartwatch","status":"publish","type":"product","link":"https:\/\/blackviewphones.com\/nl\/product\/blackview-w70-smartwatch\/","title":{"rendered":"Blackview W70 Pro \u2013 Smartwatch met LED-zaklamp"},"content":{"rendered":"<h1>Blackview W70 Pro \u2013 Smartwatch met LED-zaklamp<\/h1>\n<p><strong>Dit model bevat geen Spaanse taal.<\/strong><\/p>\n<p>El Smartwatch W70 Pro no es solo un accesorio, es tu asistente personal, entrenador fitness y compa\u00f1ero diario. Su dise\u00f1o sofisticado y sus funciones avanzadas te permiten mantenerte conectado y saludable sin esfuerzo. El Blackview W70 Pro te ofrece una superficie de cristal fortificado que resiste impactos y abrasiones y proporciona, a su vez, una linterna. Adem\u00e1s, viene incorporado con una pulsera de silicona flexible para una comodidad sin esfuerzo. Cuenta con una pantalla de 2,01\u2033 de gran nitidez y 800 nits, disfrutar\u00e1s de una interacci\u00f3n visual perfecta para visualizar tus notificaciones de llamadas o recordatorios con una bater\u00eda de 900 mAh.<\/p>\n<p><strong>Ideaal voor sporters en actieve mensen<\/strong><\/p>\n<p>Registreer uw trainingen met meer dan 100 sportmodi. Of u nu hardloopt, fietst, zwemt of yoga doet, de W70 Pro meet nauwkeurig uw prestaties. Dankzij de IP68-waterbestendigheid is duurzaamheid onder alle omstandigheden gegarandeerd.<\/p>\n<p><strong>Batterij met lange levensduur<\/strong><\/p>\n<p>Met maximaal 7 dagen continu gebruik en maximaal 20 dagen in de stand-bymodus hoeft u zich geen zorgen meer te maken dat u hem elke dag hoeft op te laden. Geniet van meer autonomie, zodat niets u meer tegenhoudt.<\/p>\n<p><strong>Focus het licht, verlicht de nacht<\/strong><\/p>\n<p>De nieuwe, ge\u00efntegreerde CD-patroonlens biedt een revolutionaire optische verbetering. Het 3D CD-textuurontwerp verbetert de helderheid, ideaal voor buitenavonturen en noodsituaties. Verlicht uw pad met superieure helderheid. Bovendien beschikt het over een instelbare verlichting, afhankelijk van uw omgeving of noodsituatie.<\/p>\n<p><strong>Waterafvoerfunctie met \u00e9\u00e9n klik:<\/strong><br \/>\nDankzij de innovatieve waterafvoerfunctie met \u00e9\u00e9n klik blijft de W70 Pro perfect droog, ongeacht de omstandigheden. Met \u00e9\u00e9n druk op de knop wordt het water effici\u00ebnt afgevoerd, zodat uw apparaat optimaal blijft presteren.<\/p>\n<p><strong><span style=\"font-size: 16px;\">IP68: WAT U WEL EN NIET MAG DOEN<\/span><\/strong><\/p>\n<p>Als een apparaat IP68-gecertificeerd is, betekent dit dat het onder water mag worden gedompeld. <strong>zoetwater<\/strong>\u00a0<strong>tot een diepte van \u00e9\u00e9n meter gedurende maximaal 30 minuten (controleer de individuele specificaties), op voorwaarde dat de bescherming van de aansluitingen goed afgesloten blijft.<\/strong> <strong>Wij geven u enkele tips<\/strong>\u00a0<strong>voor elke terminal met IP68-certificering<\/strong>:<\/p>\n<ul>\n<li>Stel de IP68-aansluiting niet bloot aan waterstromingen, zoals kraanwater, zee-golven of watervallen.<\/li>\n<li>Als het IP68-apparaat is blootgesteld aan zoet water, droog het dan zorgvuldig af met een schone, zachte doek.<\/li>\n<li>Als het IP68-apparaat is blootgesteld aan een andere vloeistof dan zoet water (zoals zeewater), spoel het apparaat dan onmiddellijk voorzichtig af met zoet water en droog het grondig af met een zachte, schone doek.<\/li>\n<li>Als u twijfelt of de beveiligingen goed gesloten zijn.\u00a0<strong>NEE\u00a0<\/strong>je maakt het nat.<\/li>\n<li>Vermijd agressieve tests om uw weerstand aan te tonen.<\/li>\n<li>Het is niet raadzaam om de knoppen op het apparaat onder water te bedienen.<\/li>\n<li>Het wordt afgeraden om het apparaat in zout water te dompelen, aangezien de IP-certificering alleen geldt voor zoet water.<\/li>\n<\/ul>","protected":false},"excerpt":{"rendered":"<p><strong>Dit model bevat geen Spaanse taal.<\/strong><\/p>\n<p>2,01\u2033 scherm<\/p>\n<p>800 neten<\/p>\n<p>50,8*41,1*13,5 mm<\/p>\n<p>43,9 gram | 900 mAh<\/p>\n<p>Sportmodus<\/p>\n<p>Bluetooth-oproepen en berichtmeldingen<\/p>\n<p>Spraakassistent + Muziekbediening<\/p>\n<p>Waterafvoer en telefoonlokalisatiefunctie<\/p>","protected":false},"featured_media":7265,"comment_status":"open","ping_status":"closed","template":"","meta":{"_acf_changed":false},"product_brand":[],"product_cat":[42],"product_tag":[173],"class_list":{"0":"post-7257","1":"product","2":"type-product","3":"status-publish","4":"has-post-thumbnail","6":"product_cat-moviles-blackview","7":"product_tag-ip68","9":"first","10":"outofstock","11":"sale","12":"shipping-taxable","13":"purchasable","14":"product-type-variable","15":"has-default-attributes"},"acf":[],"_links":{"self":[{"href":"https:\/\/blackviewphones.com\/nl\/wp-json\/wp\/v2\/product\/7257","targetHints":{"allow":["GET"]}}],"collection":[{"href":"https:\/\/blackviewphones.com\/nl\/wp-json\/wp\/v2\/product"}],"about":[{"href":"https:\/\/blackviewphones.com\/nl\/wp-json\/wp\/v2\/types\/product"}],"replies":[{"embeddable":true,"href":"https:\/\/blackviewphones.com\/nl\/wp-json\/wp\/v2\/comments?post=7257"}],"version-history":[{"count":0,"href":"https:\/\/blackviewphones.com\/nl\/wp-json\/wp\/v2\/product\/7257\/revisions"}],"wp:featuredmedia":[{"embeddable":true,"href":"https:\/\/blackviewphones.com\/nl\/wp-json\/wp\/v2\/media\/7265"}],"wp:attachment":[{"href":"https:\/\/blackviewphones.com\/nl\/wp-json\/wp\/v2\/media?parent=7257"}],"wp:term":[{"taxonomy":"product_brand","embeddable":true,"href":"https:\/\/blackviewphones.com\/nl\/wp-json\/wp\/v2\/product_brand?post=7257"},{"taxonomy":"product_cat","embeddable":true,"href":"https:\/\/blackviewphones.com\/nl\/wp-json\/wp\/v2\/product_cat?post=7257"},{"taxonomy":"product_tag","embeddable":true,"href":"https:\/\/blackviewphones.com\/nl\/wp-json\/wp\/v2\/product_tag?post=7257"}],"curies":[{"name":"wp","href":"https:\/\/api.w.org\/{rel}","templated":true}]}}