

{"id":6234,"date":"2025-03-14T09:03:25","date_gmt":"2025-03-14T08:03:25","guid":{"rendered":"https:\/\/blackviewphones.com\/?post_type=product&#038;p=6234"},"modified":"2025-03-14T10:33:39","modified_gmt":"2025-03-14T09:33:39","slug":"oplader-voor-blackview-smartwatch","status":"publish","type":"product","link":"https:\/\/blackviewphones.com\/nl\/product\/cargador-para-reloj-inteligente-blackview\/","title":{"rendered":"Oplader voor Blackview smartwatch"},"content":{"rendered":"<h1>Oplader voor Blackview smartwatch<\/h1>\n<p>Oplader voor Blackview smartwatches, exclusieve oplaadkabel voor Blackview smartwatches.<\/p>\n<p>U kunt de oplader op onze website kopen. Een extra oplader geeft u een voordeel als uw oplader kwijtraakt of er iets anders gebeurt.<\/p>","protected":false},"excerpt":{"rendered":"<p>Cargador para reloj inteligente Blackview Cargador para reloj inteligentes Blackview, cable de carga exclusivo para relojes inteligentes de la marca Blackview. Puede adquirir el cargador en nuestra p\u00e1gina web, tener un cargador extra le da ventaja por si ocurre un extrav\u00edo o algo m\u00e1s con su cargador.<\/p>","protected":false},"featured_media":3352,"comment_status":"closed","ping_status":"closed","template":"","meta":{"_acf_changed":false},"product_brand":[],"product_cat":[42],"product_tag":[],"class_list":{"0":"post-6234","1":"product","2":"type-product","3":"status-publish","4":"has-post-thumbnail","6":"product_cat-moviles-blackview","8":"first","9":"outofstock","10":"shipping-taxable","11":"product-type-variable"},"acf":[],"_links":{"self":[{"href":"https:\/\/blackviewphones.com\/nl\/wp-json\/wp\/v2\/product\/6234","targetHints":{"allow":["GET"]}}],"collection":[{"href":"https:\/\/blackviewphones.com\/nl\/wp-json\/wp\/v2\/product"}],"about":[{"href":"https:\/\/blackviewphones.com\/nl\/wp-json\/wp\/v2\/types\/product"}],"replies":[{"embeddable":true,"href":"https:\/\/blackviewphones.com\/nl\/wp-json\/wp\/v2\/comments?post=6234"}],"version-history":[{"count":0,"href":"https:\/\/blackviewphones.com\/nl\/wp-json\/wp\/v2\/product\/6234\/revisions"}],"wp:featuredmedia":[{"embeddable":true,"href":"https:\/\/blackviewphones.com\/nl\/wp-json\/wp\/v2\/media\/3352"}],"wp:attachment":[{"href":"https:\/\/blackviewphones.com\/nl\/wp-json\/wp\/v2\/media?parent=6234"}],"wp:term":[{"taxonomy":"product_brand","embeddable":true,"href":"https:\/\/blackviewphones.com\/nl\/wp-json\/wp\/v2\/product_brand?post=6234"},{"taxonomy":"product_cat","embeddable":true,"href":"https:\/\/blackviewphones.com\/nl\/wp-json\/wp\/v2\/product_cat?post=6234"},{"taxonomy":"product_tag","embeddable":true,"href":"https:\/\/blackviewphones.com\/nl\/wp-json\/wp\/v2\/product_tag?post=6234"}],"curies":[{"name":"wp","href":"https:\/\/api.w.org\/{rel}","templated":true}]}}