

{"id":6179,"date":"2025-03-14T09:00:24","date_gmt":"2025-03-14T08:00:24","guid":{"rendered":"https:\/\/blackviewphones.com\/?post_type=product&#038;p=6179"},"modified":"2026-04-27T11:35:25","modified_gmt":"2026-04-27T09:35:25","slug":"blackview-horizontale-mobiele-hoes","status":"publish","type":"product","link":"https:\/\/blackviewphones.com\/nl\/product\/funda-movil-blackview-horizontal\/","title":{"rendered":"Blackview Horizontale Mobiele Hoes"},"content":{"rendered":"<h1>Blackview Horizontale Mobiele Hoes<\/h1>\n<p><strong>Ideaal om uw toestel altijd bij u te dragen en zeer goed beschermd in de Blackview Horizontale Mobiele Hoes<\/strong><\/p>\n<p><span class=\"a-list-item\">HANDIG EN BESCHERMD: Dankzij de praktische riem- en broekclip van de zwarte beschermhoes kunt u uw smartphone eenvoudig bevestigen. Zo heeft u hem altijd bij de hand en is hij perfect beschermd in de hoes.<\/span><\/p>\n<p><span class=\"a-list-item\">ELEGANT: Deze universele beschermhoes heeft afmetingen van 16,5 cm x 8,5 cm x 1,5 cm en is gemaakt van zeer duurzaam kunstleer. Maximale bescherming tegen vuil, krassen, stoten en vallen.<\/span><\/p>\n<p><span class=\"a-list-item\">COMPATIBEL MET: Bijna alle Blackview-apparaten, behalve BV6100, BV9100, BV9500 plus, BV9500 Pro, BV9600, BV9600 Pro, BV9700, BV9800, BV9800 Pro en andere.<\/span><\/p>\n<p><span class=\"a-list-item\">SOBER: Dit hoesje past goed bij uw kleding en accessoires dankzij het sobere, effenkleurige ontwerp.<\/span><\/p>\n<p><span class=\"a-list-item\">VEILIG: De clip-on afdekking blijft op zijn plaats, waar u hem ook plaatst. Hij blijft stevig aan uw riem hangen!<\/span><\/p>","protected":false},"excerpt":{"rendered":"<p>Funda M\u00f3vil Blackview Horizontal Ideal para portar tu dispositivo siempre cerca de ti y muy bien protegido en la Funda M\u00f3vil Blackview Horizontal A MANO Y PROTEGIDO: El pr\u00e1ctico enganche para pantalones y cinturones del case protector negro, tu tel\u00e9fono m\u00f3vil inteligente se podr\u00e1 colocar f\u00e1cilmente, teni\u00e9ndolo siempre a mano y perfectamente protegido en el<\/p>\n<div class=\"klb-readmore entry-button\"><a class=\"btn read-more\" href=\"https:\/\/blackviewphones.com\/nl\/product\/funda-movil-blackview-horizontal\/\">Lees meer<\/a><\/div>","protected":false},"featured_media":3278,"comment_status":"closed","ping_status":"closed","template":"","meta":{"_acf_changed":false},"product_brand":[],"product_cat":[330,154],"product_tag":[],"class_list":{"0":"post-6179","1":"product","2":"type-product","3":"status-publish","4":"has-post-thumbnail","6":"product_cat-accesorios-blackview-accesorios-para-moviles","7":"product_cat-accesorios-blackview","9":"first","10":"instock","11":"shipping-taxable","12":"purchasable","13":"product-type-variable","14":"has-default-attributes"},"acf":[],"_links":{"self":[{"href":"https:\/\/blackviewphones.com\/nl\/wp-json\/wp\/v2\/product\/6179","targetHints":{"allow":["GET"]}}],"collection":[{"href":"https:\/\/blackviewphones.com\/nl\/wp-json\/wp\/v2\/product"}],"about":[{"href":"https:\/\/blackviewphones.com\/nl\/wp-json\/wp\/v2\/types\/product"}],"replies":[{"embeddable":true,"href":"https:\/\/blackviewphones.com\/nl\/wp-json\/wp\/v2\/comments?post=6179"}],"version-history":[{"count":0,"href":"https:\/\/blackviewphones.com\/nl\/wp-json\/wp\/v2\/product\/6179\/revisions"}],"wp:featuredmedia":[{"embeddable":true,"href":"https:\/\/blackviewphones.com\/nl\/wp-json\/wp\/v2\/media\/3278"}],"wp:attachment":[{"href":"https:\/\/blackviewphones.com\/nl\/wp-json\/wp\/v2\/media?parent=6179"}],"wp:term":[{"taxonomy":"product_brand","embeddable":true,"href":"https:\/\/blackviewphones.com\/nl\/wp-json\/wp\/v2\/product_brand?post=6179"},{"taxonomy":"product_cat","embeddable":true,"href":"https:\/\/blackviewphones.com\/nl\/wp-json\/wp\/v2\/product_cat?post=6179"},{"taxonomy":"product_tag","embeddable":true,"href":"https:\/\/blackviewphones.com\/nl\/wp-json\/wp\/v2\/product_tag?post=6179"}],"curies":[{"name":"wp","href":"https:\/\/api.w.org\/{rel}","templated":true}]}}