

{"id":6177,"date":"2025-03-14T09:00:21","date_gmt":"2025-03-14T08:00:21","guid":{"rendered":"https:\/\/blackviewphones.com\/?post_type=product&#038;p=6177"},"modified":"2026-05-04T10:48:13","modified_gmt":"2026-05-04T08:48:13","slug":"blackview-verticale-nylon-mobiele-hoes","status":"publish","type":"product","link":"https:\/\/blackviewphones.com\/nl\/product\/funda-movil-nylon-blackview-vertical\/","title":{"rendered":"Blackview Verticale Nylon Mobiele Hoes"},"content":{"rendered":"<h1>Blackview Verticale Nylon Mobiele Hoes<\/h1>\n<p><strong>Ideaal om uw toestel altijd bij u te dragen en zeer goed beschermd in de Blackview Vertical Mobile Case<\/strong><\/p>\n<p><span class=\"a-list-item\">Blackview Vertical telefoonhoesje Materiaal: Gemaakt van waterdicht 1000 denier Cordura nylon.\u00a0<\/span><\/p>\n<p><span class=\"a-list-item\">Universele maat: geschikt voor alle Blackview-apparaten.<\/span><\/p>\n<p><span class=\"a-list-item\">Afmetingen: 17,78 x 8,38 x 2,54 cm.<\/span><\/p>\n<p><span class=\"a-list-item\">Extreem sterk en duurzaam, klittenbandsluiting met riemlussen aan de achterkant.<\/span><\/p>\n<p>\u00a0<\/p>","protected":false},"excerpt":{"rendered":"<p>Funda M\u00f3vil Nylon Blackview Vertical Ideal para portar tu dispositivo siempre cerca de ti y muy bien protegido en la Funda M\u00f3vil Blackview Vertical Material de Funda M\u00f3vil Blackview Vertical: Hecha de nailon de cordura 1000 denier impermeable.\u00a0 Tama\u00f1o Universal: se adapta a todos los dispositivos Blackview. Dimensiones: 17,78 x 8,38 x 2,54 cm. Extremadamente<\/p>\n<div class=\"klb-readmore entry-button\"><a class=\"btn read-more\" href=\"https:\/\/blackviewphones.com\/nl\/product\/funda-movil-nylon-blackview-vertical\/\">Lees meer<\/a><\/div>","protected":false},"featured_media":3273,"comment_status":"closed","ping_status":"closed","template":"","meta":{"_acf_changed":false},"product_brand":[],"product_cat":[330,154],"product_tag":[],"class_list":{"0":"post-6177","1":"product","2":"type-product","3":"status-publish","4":"has-post-thumbnail","6":"product_cat-accesorios-blackview-accesorios-para-moviles","7":"product_cat-accesorios-blackview","9":"first","10":"instock","11":"shipping-taxable","12":"purchasable","13":"product-type-variable","14":"has-default-attributes"},"acf":[],"_links":{"self":[{"href":"https:\/\/blackviewphones.com\/nl\/wp-json\/wp\/v2\/product\/6177","targetHints":{"allow":["GET"]}}],"collection":[{"href":"https:\/\/blackviewphones.com\/nl\/wp-json\/wp\/v2\/product"}],"about":[{"href":"https:\/\/blackviewphones.com\/nl\/wp-json\/wp\/v2\/types\/product"}],"replies":[{"embeddable":true,"href":"https:\/\/blackviewphones.com\/nl\/wp-json\/wp\/v2\/comments?post=6177"}],"version-history":[{"count":0,"href":"https:\/\/blackviewphones.com\/nl\/wp-json\/wp\/v2\/product\/6177\/revisions"}],"wp:featuredmedia":[{"embeddable":true,"href":"https:\/\/blackviewphones.com\/nl\/wp-json\/wp\/v2\/media\/3273"}],"wp:attachment":[{"href":"https:\/\/blackviewphones.com\/nl\/wp-json\/wp\/v2\/media?parent=6177"}],"wp:term":[{"taxonomy":"product_brand","embeddable":true,"href":"https:\/\/blackviewphones.com\/nl\/wp-json\/wp\/v2\/product_brand?post=6177"},{"taxonomy":"product_cat","embeddable":true,"href":"https:\/\/blackviewphones.com\/nl\/wp-json\/wp\/v2\/product_cat?post=6177"},{"taxonomy":"product_tag","embeddable":true,"href":"https:\/\/blackviewphones.com\/nl\/wp-json\/wp\/v2\/product_tag?post=6177"}],"curies":[{"name":"wp","href":"https:\/\/api.w.org\/{rel}","templated":true}]}}