

{"id":6105,"date":"2025-03-14T08:57:29","date_gmt":"2025-03-14T07:57:29","guid":{"rendered":"https:\/\/blackviewphones.com\/?post_type=product&#038;p=6105"},"modified":"2026-04-17T15:44:33","modified_gmt":"2026-04-17T13:44:33","slug":"draadloze-oplader-voor-blackview","status":"publish","type":"product","link":"https:\/\/blackviewphones.com\/nl\/product\/cargador-inalambrico-para-blackview\/","title":{"rendered":"Draadloze oplader voor Blackview"},"content":{"rendered":"<h1>Draadloze oplader voor Blackview<\/h1>\n<h2>Voordelen van draadloze oplader voor Blackview<\/h2>\n<ul>\n<li><span class=\"a-list-item\">Geen kabels meer nodig. Dankzij de draadloze oplader voor Blackview kunt u nu uw telefoon opladen zonder gedoe met rommelige kabels dankzij DESKTOP DRAADLOZE OPLADER.<\/span><\/li>\n<li><span class=\"a-list-item\">Deze draadloze bureaulader is compatibel met elk type draadloze oplaadtelefoon, zoals de BLACKVIEW, met een draadloze oplaadontvanger. U hoeft geen kabel aan te sluiten op uw smartphone. Het enige wat u hoeft te doen, is uw apparaat op de mat te leggen. Vervolgens wordt het opgeladen.<\/span><\/li>\n<li><span class=\"a-list-item\">Plaats uw telefoon op het platform en zorg ervoor dat deze goed gepositioneerd is. Wanneer de telefoon wordt opgeladen, gaat de LED-indicator automatisch branden om de oplaadstatus aan te geven.<\/span><\/li>\n<li><span class=\"a-list-item\">Het is licht van gewicht en gemakkelijk schoon te maken. Het apparaat ziet er uitzonderlijk uit; Het lampje aan de bovenkant geeft aan dat de LED brandt wanneer de draadloze oplader operationeel is.\u00a0<\/span><\/li>\n<li><span class=\"a-list-item\">Dankzij de ultracompacte, slanke en afgeronde randen oogt het oplaadapparaat als een klein sieraad op uw bureau. Het is eenvoudig te gebruiken, u plaatst uw telefoon eenvoudigweg vanuit elke gewenste richting op het platform.<\/span><\/li>\n<li>Perfecte oplader voor elk type oppervlak, zolang het maar op het elektriciteitsnet is aangesloten.<\/li>\n<li>Ideaal voor smartphones met draadloos opladen, met een draadloze oplaadafstand +\/- 8 mm.<\/li>\n<\/ul>\n<h2>Specificaties<\/h2>\n<p><strong>Universele toegang:<\/strong> 5,0V 2A<\/p>\n<p><strong>Snellaadingang:<\/strong> 9,0 V 2 A<\/p>\n<p><strong>Universele output:<\/strong> 5,0V 1A<\/p>\n<p><strong>Transmissieafstand:<\/strong> \u22648mm<\/p>\n<p><strong>Conversieverhouding:<\/strong> \u226476%<\/p>\n<p><strong>Productgrootte:<\/strong> 105x105x20mm<\/p>\n<div id=\"gtx-trans\" style=\"position: absolute; left: 660px; top: 655.062px;\">\n<div class=\"gtx-trans-icon\"><\/div>\n<\/div>","protected":false},"excerpt":{"rendered":"<p>Cargador Inal\u00e1mbrico para Blackview Ventajas de Cargador Inal\u00e1mbrico para Blackview No m\u00e1s cables necesarios. Ahora con el Cargador Inal\u00e1mbrico para Blackview, puede cargar sus dispositivos telef\u00f3nicos sin problemas de cables desordenados con CARGADOR INAL\u00c1MBRICO DE ESCRITORIO. Este cargador inal\u00e1mbrico de escritorio, es compatible con cualquier tipo de tel\u00e9fono con carga inal\u00e1mbrica como BLACKVIEW con un<\/p>\n<div class=\"klb-readmore entry-button\"><a class=\"btn read-more\" href=\"https:\/\/blackviewphones.com\/nl\/product\/cargador-inalambrico-para-blackview\/\">Lees meer<\/a><\/div>","protected":false},"featured_media":10974,"comment_status":"closed","ping_status":"closed","template":"","meta":{"_acf_changed":false},"product_brand":[287],"product_cat":[330,154,159],"product_tag":[],"class_list":{"0":"post-6105","1":"product","2":"type-product","3":"status-publish","4":"has-post-thumbnail","6":"product_brand-blackview","7":"product_cat-accesorios-blackview-accesorios-para-moviles","8":"product_cat-accesorios-blackview","9":"product_cat-ofertas","11":"first","12":"instock","13":"sale","14":"purchasable","15":"product-type-variable","16":"has-default-attributes"},"acf":[],"_links":{"self":[{"href":"https:\/\/blackviewphones.com\/nl\/wp-json\/wp\/v2\/product\/6105","targetHints":{"allow":["GET"]}}],"collection":[{"href":"https:\/\/blackviewphones.com\/nl\/wp-json\/wp\/v2\/product"}],"about":[{"href":"https:\/\/blackviewphones.com\/nl\/wp-json\/wp\/v2\/types\/product"}],"replies":[{"embeddable":true,"href":"https:\/\/blackviewphones.com\/nl\/wp-json\/wp\/v2\/comments?post=6105"}],"version-history":[{"count":0,"href":"https:\/\/blackviewphones.com\/nl\/wp-json\/wp\/v2\/product\/6105\/revisions"}],"wp:featuredmedia":[{"embeddable":true,"href":"https:\/\/blackviewphones.com\/nl\/wp-json\/wp\/v2\/media\/10974"}],"wp:attachment":[{"href":"https:\/\/blackviewphones.com\/nl\/wp-json\/wp\/v2\/media?parent=6105"}],"wp:term":[{"taxonomy":"product_brand","embeddable":true,"href":"https:\/\/blackviewphones.com\/nl\/wp-json\/wp\/v2\/product_brand?post=6105"},{"taxonomy":"product_cat","embeddable":true,"href":"https:\/\/blackviewphones.com\/nl\/wp-json\/wp\/v2\/product_cat?post=6105"},{"taxonomy":"product_tag","embeddable":true,"href":"https:\/\/blackviewphones.com\/nl\/wp-json\/wp\/v2\/product_tag?post=6105"}],"curies":[{"name":"wp","href":"https:\/\/api.w.org\/{rel}","templated":true}]}}