

{"id":13731,"date":"2026-04-29T12:40:50","date_gmt":"2026-04-29T10:40:50","guid":{"rendered":"https:\/\/blackviewphones.com\/?post_type=product&#038;p=13731"},"modified":"2026-04-29T12:56:07","modified_gmt":"2026-04-29T10:56:07","slug":"blackview-airbuds-16","status":"publish","type":"product","link":"https:\/\/blackviewphones.com\/nl\/product\/blackview-airbuds-16\/","title":{"rendered":"Blackview Airbuds 16: Lichtgewicht Bluetooth 6.0-koptelefoon"},"content":{"rendered":"<h1>Blackview Airbuds 16: Ultralichte draadloze Bluetooth 6.0-koptelefoon<\/h1>\n<p><span style=\"color: #ff0000;\"><b>VERZENDING START OP 12-05-2026 <\/b><\/span><\/p>\n<p><span style=\"color: #ff0000;\"><b>SPECIALE VOORBESTELLINGSPRIJS. NIET BESCHIKBAAR VOOR VERZENDING VIA WELKE VERZENDMETHODE DAN OOK V\u00d3\u00d3R DE AANGEGEVEN DATUM.<\/b><\/span><\/p>\n<h2 data-path-to-node=\"8\"><b data-path-to-node=\"8\" data-index-in-node=\"0\">AirBuds 16: Geluid in hoge definitie en maximaal comfort<\/b><\/h2>\n<p data-path-to-node=\"9\">Ontdek een nieuwe manier om van je muziek te genieten met de <b data-path-to-node=\"9\" data-index-in-node=\"55\">AirBuds 16<\/b>. Deze TWS (True Wireless Stereo) hoofdtelefoon is ontworpen voor gebruikers die zowel kwaliteit als comfort waarderen en onderscheidt zich door zijn ultralichte ontwerp; hij weegt slechts... <b data-path-to-node=\"9\" data-index-in-node=\"209\">2,8 gram<\/b> Ze zijn zo licht dat je nauwelijks merkt dat je ze draagt, zelfs na lange sessies. Ze hebben een ingebouwde chip. <b data-path-to-node=\"9\" data-index-in-node=\"303\">Bluetrum 5656C3<\/b> samen met de nieuwste technologie van <b data-path-to-node=\"9\" data-index-in-node=\"342\">Bluetooth 6.0<\/b>, waardoor een stabiele, snelle en ononderbroken verbinding gegarandeerd is.<\/p>\n<p data-path-to-node=\"10\"><b data-path-to-node=\"10\" data-index-in-node=\"0\">Helder geluid en een geoptimaliseerde batterijduur.<\/b> Dankzij de compatibiliteit van de codecs <b data-path-to-node=\"10\" data-index-in-node=\"71\">AAC en SBC<\/b>, De AirBuds 16 bieden een gebalanceerde audio-ervaring, met krachtige bas en heldere hoge tonen. Geniet van tot <b data-path-to-node=\"10\" data-index-in-node=\"184\">6 uur muziekweergave<\/b> met \u00e9\u00e9n enkele lading (tot het volume van de 70%) en verlengt de gebruiksduur met de oplaadcase van <b data-path-to-node=\"10\" data-index-in-node=\"316\">320 mAh<\/b>, waardoor de batterij via USB-C in ongeveer 90 minuten volledig kan worden opgeladen.<\/p>\n<p data-path-to-node=\"11\"><b data-path-to-node=\"11\" data-index-in-node=\"0\">Praktisch ontwerp bedoeld voor dagelijks gebruik.<\/b> Het ergonomische &quot;soft pack&quot;-ontwerp zorgt voor een comfortabele en veilige pasvorm, perfect voor training of reizen. Met een verbindingsbereik van meer dan <b data-path-to-node=\"11\" data-index-in-node=\"195\">10 meter<\/b> en energie-effici\u00ebntie die tot wel <b data-path-to-node=\"11\" data-index-in-node=\"267\">60 uur in stand-bymodus<\/b>, De AirBuds 16 zijn ontworpen om je de hele dag in stijl te vergezellen en zijn verkrijgbaar in wit of zwart.<\/p>\n<h2>Kenmerken van de Blackview AirBuds 16<\/h2>\n<table width=\"790\">\n<tbody>\n<tr>\n<td>\n<h3 id=\"sec-design\" class=\"k-h3\">Algemene kenmerken<\/h3>\n<\/td>\n<\/tr>\n<tr>\n<td><strong>Model:<\/strong><\/td>\n<td>AirBuds 16<\/td>\n<\/tr>\n<tr>\n<td><strong>Technologie:<\/strong><br \/>\n<strong>Chipset:<\/strong><\/td>\n<td>Bluetooth V6.0<br \/>\nBluetrum 5656C3 | IC CMT2806<\/td>\n<\/tr>\n<tr>\n<td><strong>Audiocodecs:<\/strong><\/td>\n<td>AAC \/ SBC<\/td>\n<\/tr>\n<tr>\n<td><strong>Jongen:<\/strong><\/td>\n<td>TWS draadloze oordopjes<\/td>\n<\/tr>\n<tr>\n<td><strong>Afmetingen:<\/strong><\/td>\n<td>Oordopje: 21,25 \u00d7 16,8 \u00d7 18,26 mm | Oplaadcase: 65,97 \u00d7 37,79 \u00d7 26,38 mm<\/td>\n<\/tr>\n<tr>\n<td><strong>Gewicht:<\/strong><\/td>\n<td>Oordopjes: 2,8 g | Oplaadcase (zonder oordopjes): 30,97 g<\/td>\n<\/tr>\n<tr>\n<td><strong>Connectiviteit:<\/strong><\/td>\n<td>Bluetooth 6.0 (bereik &gt;10 meter)<\/td>\n<\/tr>\n<tr>\n<td><strong>Kleuren:<\/strong><\/td>\n<td>Zwart<\/td>\n<\/tr>\n<tr>\n<td>\n<h3>Capaciteit en autonomie<\/h3>\n<\/td>\n<\/tr>\n<tr>\n<td><strong>Batterij van de oordopjes:<\/strong><\/td>\n<td>35 mAh (polymeer lithium-ion)<\/td>\n<\/tr>\n<tr>\n<td><strong>Batterijhouder:<\/strong><\/td>\n<td>320 mAh (polymeer lithium-ion)<\/td>\n<\/tr>\n<tr>\n<td><strong>Afspeeltijd:<\/strong><\/td>\n<td>6,0 uur (bij een volume van 70%)<\/td>\n<\/tr>\n<tr>\n<td><strong>Wachttijd:<\/strong><\/td>\n<td>60 uur (aangesloten)<\/td>\n<\/tr>\n<tr>\n<td>\n<h3>Last<\/h3>\n<\/td>\n<\/tr>\n<tr>\n<td><strong>Oplaadtijd oordopjes:<\/strong><\/td>\n<td>1,6 uur<\/td>\n<\/tr>\n<tr>\n<td><strong>Oplaadtijd van het hoesje:<\/strong><\/td>\n<td>Ongeveer 2 uur (via kabel)<\/td>\n<\/tr>\n<tr>\n<td>\n<h3>Andere kenmerken<\/h3>\n<\/td>\n<td>\n<ul>\n<li>Uiterst stabiele verbinding met Bluetooth 6.0<\/li>\n<li>Ultralicht en ergonomisch ontwerp (2,8 g per oordopje)<\/li>\n<li>Audio van hoge kwaliteit met AAC-codec.<\/li>\n<li>Slimme aanraakbediening<\/li>\n<li>Compacte en gemakkelijk mee te nemen koffer<\/li>\n<li>Compatibiliteit met iOS en Android<\/li>\n<\/ul>\n<\/td>\n<\/tr>\n<tr>\n<td><strong>Laadhaven<\/strong><\/td>\n<td>USB Type-C<\/td>\n<\/tr>\n<tr>\n<td><strong>Spreker<\/strong><\/td>\n<td>Geoptimaliseerde dynamische controllers<\/td>\n<\/tr>\n<tr>\n<td>\n<h3>Inhoud van het pakket<\/h3>\n<\/td>\n<td><b>Blackview AirBuds 16<\/b><br \/>\n<strong>Oplaadcase<\/strong><br \/>\n<strong>USB-C oplaadkabel<\/strong><br \/>\n<strong>Gebruiksaanwijzing<\/strong><\/td>\n<\/tr>\n<\/tbody>\n<\/table>\n<div class=\"group_14 flex-row\">\n<h2><strong>Gebruikershandleiding:<\/strong><\/h2>\n<ul>\n<li><strong>E\u00e9n aanraking (links of rechts):<\/strong> Muziek afspelen\/pauzeren<\/li>\n<li><strong>Dubbeltik (L\/R):<\/strong> Oproep beantwoorden\/be\u00ebindigen<\/li>\n<li><strong>Drie keer tikken met de linkerarm:<\/strong> Vorig nummer<\/li>\n<li><strong>Drie keer rechts tikken:<\/strong> Volgend nummer<\/li>\n<li><strong>Houd 2 seconden vast:<\/strong> Oproep weigeren<\/li>\n<li><strong>Viervoudige tik (elke):<\/strong> Spelmodus activeren\/deactiveren<\/li>\n<li><strong>Lang indrukken tijdens een gesprek:<\/strong> Activeer de microfoon van je telefoon<\/li>\n<\/ul>\n<\/div>","protected":false},"excerpt":{"rendered":"<p><span style=\"color: #ff0000;\"><b>VERZENDING START OP 12-05-2026<\/b><\/span><\/p>\n<p><span style=\"color: #ff0000;\"><b>SPECIALE VOORBESTELLINGSPRIJS. NIET BESCHIKBAAR VOOR VERZENDING VIA WELKE VERZENDMETHODE DAN OOK V\u00d3\u00d3R DE AANGEGEVEN DATUM.<\/b><\/span><\/p>\n<p><b data-path-to-node=\"6\" data-index-in-node=\"0\">Draadloze vrijheid met de nieuwste technologie.<\/b> De nieuwe <b data-path-to-node=\"6\" data-index-in-node=\"62\">AirBuds 16<\/b> Ze integreren de geavanceerde standaard. <b data-path-to-node=\"6\" data-index-in-node=\"105\">Bluetooth 6.0<\/b> Voor een vlekkeloze, vertragingsvrije verbinding. Met een gewicht van slechts... <b data-path-to-node=\"6\" data-index-in-node=\"189\">2,8 g per oordopje<\/b> en een autonomie van maximaal <b data-path-to-node=\"6\" data-index-in-node=\"233\">6 uur<\/b> Met continu afspelen zijn ze de ideale metgezel voor je muziek en dagelijkse telefoongesprekken. Geluidskwaliteit <b data-path-to-node=\"6\" data-index-in-node=\"343\">AAC<\/b> en een minimalistisch ontwerp dat in elke zak past.<\/p>","protected":false},"featured_media":13735,"comment_status":"open","ping_status":"closed","template":"","meta":{"_acf_changed":false},"product_brand":[287],"product_cat":[154,156,159,339,338],"product_tag":[],"class_list":{"0":"post-13731","1":"product","2":"type-product","3":"status-publish","4":"has-post-thumbnail","6":"product_brand-blackview","7":"product_cat-accesorios-blackview","8":"product_cat-accesorios-blackview-auriculares","9":"product_cat-ofertas","10":"product_cat-otros-productos","11":"product_cat-productos","13":"first","14":"instock","15":"sale","16":"shipping-taxable","17":"purchasable","18":"product-type-variable","19":"has-default-attributes"},"acf":[],"_links":{"self":[{"href":"https:\/\/blackviewphones.com\/nl\/wp-json\/wp\/v2\/product\/13731","targetHints":{"allow":["GET"]}}],"collection":[{"href":"https:\/\/blackviewphones.com\/nl\/wp-json\/wp\/v2\/product"}],"about":[{"href":"https:\/\/blackviewphones.com\/nl\/wp-json\/wp\/v2\/types\/product"}],"replies":[{"embeddable":true,"href":"https:\/\/blackviewphones.com\/nl\/wp-json\/wp\/v2\/comments?post=13731"}],"version-history":[{"count":3,"href":"https:\/\/blackviewphones.com\/nl\/wp-json\/wp\/v2\/product\/13731\/revisions"}],"predecessor-version":[{"id":13741,"href":"https:\/\/blackviewphones.com\/nl\/wp-json\/wp\/v2\/product\/13731\/revisions\/13741"}],"wp:featuredmedia":[{"embeddable":true,"href":"https:\/\/blackviewphones.com\/nl\/wp-json\/wp\/v2\/media\/13735"}],"wp:attachment":[{"href":"https:\/\/blackviewphones.com\/nl\/wp-json\/wp\/v2\/media?parent=13731"}],"wp:term":[{"taxonomy":"product_brand","embeddable":true,"href":"https:\/\/blackviewphones.com\/nl\/wp-json\/wp\/v2\/product_brand?post=13731"},{"taxonomy":"product_cat","embeddable":true,"href":"https:\/\/blackviewphones.com\/nl\/wp-json\/wp\/v2\/product_cat?post=13731"},{"taxonomy":"product_tag","embeddable":true,"href":"https:\/\/blackviewphones.com\/nl\/wp-json\/wp\/v2\/product_tag?post=13731"}],"curies":[{"name":"wp","href":"https:\/\/api.w.org\/{rel}","templated":true}]}}