

{"id":1985,"date":"2021-10-06T13:28:19","date_gmt":"2021-10-06T13:28:19","guid":{"rendered":"http:\/\/localhost\/machic\/?page_id=1985"},"modified":"2026-03-30T15:19:19","modified_gmt":"2026-03-30T13:19:19","slug":"contact-2","status":"publish","type":"page","link":"https:\/\/blackviewphones.com\/nl\/contacto\/","title":{"rendered":"Contact"},"content":{"rendered":"\t\t<div data-elementor-type=\"wp-page\" data-elementor-id=\"1985\" class=\"elementor elementor-1985\" data-elementor-post-type=\"page\">\n\t\t\t\t\t\t<section class=\"elementor-section elementor-top-section elementor-element elementor-element-677addc elementor-section-boxed elementor-section-height-default elementor-section-height-default\" data-id=\"677addc\" data-element_type=\"section\" data-e-type=\"section\">\n\t\t\t\t\t\t<div class=\"elementor-container elementor-column-gap-extended\">\n\t\t\t\t\t<div class=\"elementor-column elementor-col-100 elementor-top-column elementor-element elementor-element-45b25de\" data-id=\"45b25de\" data-element_type=\"column\" data-e-type=\"column\">\n\t\t\t<div class=\"elementor-widget-wrap elementor-element-populated\">\n\t\t\t\t\t\t<div class=\"elementor-element elementor-element-58f7dcf elementor-widget elementor-widget-machic-custom-title\" data-id=\"58f7dcf\" data-element_type=\"widget\" data-e-type=\"widget\" data-widget_type=\"machic-custom-title.default\">\n\t\t\t\t<div class=\"elementor-widget-container\">\n\t\t\t\t\t<div class=\"site-module module-title small\"><h4 class=\"entry-subtitle\">\u00bfQuieres contactar con nosotros?<\/h4><h1 class=\"entry-title\">P\u00f3ngase en contacto con nosotros para todas sus preguntas y opiniones.<\/h1><\/div><!-- site-module -->\t\t\t\t<\/div>\n\t\t\t\t<\/div>\n\t\t\t\t\t<\/div>\n\t\t<\/div>\n\t\t\t\t\t<\/div>\n\t\t<\/section>\n\t\t\t\t<section class=\"elementor-section elementor-top-section elementor-element elementor-element-b487132 elementor-section-boxed elementor-section-height-default elementor-section-height-default\" data-id=\"b487132\" data-element_type=\"section\" data-e-type=\"section\">\n\t\t\t\t\t\t<div class=\"elementor-container elementor-column-gap-extended\">\n\t\t\t\t\t<div class=\"elementor-column elementor-col-33 elementor-top-column elementor-element elementor-element-e0be4f4\" data-id=\"e0be4f4\" data-element_type=\"column\" data-e-type=\"column\">\n\t\t\t<div class=\"elementor-widget-wrap elementor-element-populated\">\n\t\t\t\t\t\t<div class=\"elementor-element elementor-element-52f9fd2 elementor-widget elementor-widget-machic-address-box\" data-id=\"52f9fd2\" data-element_type=\"widget\" data-e-type=\"widget\" data-widget_type=\"machic-address-box.default\">\n\t\t\t\t<div class=\"elementor-widget-container\">\n\t\t\t\t\t<div class=\"address-detail\"><span class=\"country\">Espa\u00f1a<\/span><h5 class=\"address-title\">Barcelona<\/h5><p class=\"address\">Valls d\u2019Andorra 2, 2\u00ba 1\u00aa 08930 Sant Adri\u00e0 de Bes\u00f3s<\/p><p class=\"phone\"><a href=\"tel:+34 935150520\">+34 935150520<\/a><\/p><p class=\"email\"><a href=\"mailto:info@blackviewphones.com \">info@blackviewphones.com <\/a><\/p><\/div><!-- address-detail -->\t\t\t\t<\/div>\n\t\t\t\t<\/div>\n\t\t\t\t\t<\/div>\n\t\t<\/div>\n\t\t\t\t<div class=\"elementor-column elementor-col-33 elementor-top-column elementor-element elementor-element-1d9a975\" data-id=\"1d9a975\" data-element_type=\"column\" data-e-type=\"column\">\n\t\t\t<div class=\"elementor-widget-wrap elementor-element-populated\">\n\t\t\t\t\t\t<div class=\"elementor-element elementor-element-4e7afea elementor-widget elementor-widget-machic-address-box\" data-id=\"4e7afea\" data-element_type=\"widget\" data-e-type=\"widget\" data-widget_type=\"machic-address-box.default\">\n\t\t\t\t<div class=\"elementor-widget-container\">\n\t\t\t\t\t<div class=\"address-detail\"><span class=\"country\"><\/span><h5 class=\"address-title\">Horario de atenci\u00f3n en oficinas<\/h5><p class=\"address\">Lunes a Viernes<\/p><p class=\"phone\"><a href=\"tel:9:30 am a 6:00 pm\">9:30 am a 6:00 pm<\/a><\/p><p class=\"email\"><a href=\"mailto:\"><\/a><\/p><\/div><!-- address-detail -->\t\t\t\t<\/div>\n\t\t\t\t<\/div>\n\t\t\t\t\t<\/div>\n\t\t<\/div>\n\t\t\t\t<div class=\"elementor-column elementor-col-33 elementor-top-column elementor-element elementor-element-c7eaba8\" data-id=\"c7eaba8\" data-element_type=\"column\" data-e-type=\"column\">\n\t\t\t<div class=\"elementor-widget-wrap elementor-element-populated\">\n\t\t\t\t\t\t<div class=\"elementor-element elementor-element-b7bb014 elementor-widget elementor-widget-machic-address-box\" data-id=\"b7bb014\" data-element_type=\"widget\" data-e-type=\"widget\" data-widget_type=\"machic-address-box.default\">\n\t\t\t\t<div class=\"elementor-widget-container\">\n\t\t\t\t\t<div class=\"address-detail\"><span class=\"country\"><\/span><h5 class=\"address-title\">Horario de atenci\u00f3n por whatsapp (mensajes)<\/h5><p class=\"address\">Lunes a viernes de  9:30 a 15:00<\/p><p class=\"phone\"><a href=\"tel: +34 600 45 12 64\"> +34 600 45 12 64<\/a><\/p><p class=\"email\"><a href=\"mailto:\"><\/a><\/p><\/div><!-- address-detail -->\t\t\t\t<\/div>\n\t\t\t\t<\/div>\n\t\t\t\t\t<\/div>\n\t\t<\/div>\n\t\t\t\t\t<\/div>\n\t\t<\/section>\n\t\t\t\t<section class=\"elementor-section elementor-top-section elementor-element elementor-element-187d03f elementor-section-boxed elementor-section-height-default elementor-section-height-default\" data-id=\"187d03f\" data-element_type=\"section\" data-e-type=\"section\">\n\t\t\t\t\t\t<div class=\"elementor-container elementor-column-gap-extended\">\n\t\t\t\t\t<div class=\"elementor-column elementor-col-33 elementor-top-column elementor-element elementor-element-62d71e4\" data-id=\"62d71e4\" data-element_type=\"column\" data-e-type=\"column\">\n\t\t\t<div class=\"elementor-widget-wrap elementor-element-populated\">\n\t\t\t\t\t\t<div class=\"elementor-element elementor-element-c476ea2 elementor-widget elementor-widget-heading\" data-id=\"c476ea2\" data-element_type=\"widget\" data-e-type=\"widget\" data-widget_type=\"heading.default\">\n\t\t\t\t<div class=\"elementor-widget-container\">\n\t\t\t\t\t<p class=\"elementor-heading-title elementor-size-default\">Formulario de contacto<\/p>\t\t\t\t<\/div>\n\t\t\t\t<\/div>\n\t\t\t\t<div class=\"elementor-element elementor-element-71fe4e1 elementor-widget elementor-widget-image\" data-id=\"71fe4e1\" data-element_type=\"widget\" data-e-type=\"widget\" data-widget_type=\"image.default\">\n\t\t\t\t<div class=\"elementor-widget-container\">\n\t\t\t\t\t\t\t\t\t\t\t\t\t\t\t<img fetchpriority=\"high\" decoding=\"async\" width=\"1920\" height=\"2560\" src=\"https:\/\/blackviewphones.com\/wp-content\/uploads\/2026\/01\/IMG_8993-scaled.webp\" class=\"attachment-full size-full wp-image-11487\" alt=\"\" srcset=\"https:\/\/blackviewphones.com\/wp-content\/uploads\/2026\/01\/IMG_8993-scaled.webp 1920w, https:\/\/blackviewphones.com\/wp-content\/uploads\/2026\/01\/IMG_8993-225x300.webp 225w, https:\/\/blackviewphones.com\/wp-content\/uploads\/2026\/01\/IMG_8993-768x1024.webp 768w, https:\/\/blackviewphones.com\/wp-content\/uploads\/2026\/01\/IMG_8993-1152x1536.webp 1152w, https:\/\/blackviewphones.com\/wp-content\/uploads\/2026\/01\/IMG_8993-1536x2048.webp 1536w, https:\/\/blackviewphones.com\/wp-content\/uploads\/2026\/01\/IMG_8993-9x12.webp 9w, https:\/\/blackviewphones.com\/wp-content\/uploads\/2026\/01\/IMG_8993-600x800.webp 600w, https:\/\/blackviewphones.com\/wp-content\/uploads\/2026\/01\/IMG_8993-41x54.webp 41w\" sizes=\"(max-width: 1920px) 100vw, 1920px\" \/>\t\t\t\t\t\t\t\t\t\t\t\t\t\t\t<\/div>\n\t\t\t\t<\/div>\n\t\t\t\t\t<\/div>\n\t\t<\/div>\n\t\t\t\t<div class=\"elementor-column elementor-col-33 elementor-top-column elementor-element elementor-element-e2c097e elementor-hidden-tablet elementor-hidden-mobile\" data-id=\"e2c097e\" data-element_type=\"column\" data-e-type=\"column\">\n\t\t\t<div class=\"elementor-widget-wrap\">\n\t\t\t\t\t\t\t<\/div>\n\t\t<\/div>\n\t\t\t\t<div class=\"elementor-column elementor-col-33 elementor-top-column elementor-element elementor-element-fa6036d\" data-id=\"fa6036d\" data-element_type=\"column\" data-e-type=\"column\">\n\t\t\t<div class=\"elementor-widget-wrap elementor-element-populated\">\n\t\t\t\t\t\t<div class=\"elementor-element elementor-element-4178a16 elementor-widget elementor-widget-machic-contact-form-7\" data-id=\"4178a16\" data-element_type=\"widget\" data-e-type=\"widget\" data-widget_type=\"machic-contact-form-7.default\">\n\t\t\t\t<div class=\"elementor-widget-container\">\n\t\t\t\t\t<div class=\"contact-form\"><h3 class=\"entry-title\">Ponte en contacto con nosotros<\/h3><p>D\u00e9janos tus dudas y trataremos de responderte en la brevedad de lo posible<\/p>\n<div class=\"wpcf7 no-js\" id=\"wpcf7-f2012-o1\" lang=\"en-US\" dir=\"ltr\" data-wpcf7-id=\"2012\">\n<div class=\"screen-reader-response\"><p role=\"status\" aria-live=\"polite\" aria-atomic=\"true\"><\/p> <ul><\/ul><\/div>\n<form action=\"\/nl\/wp-json\/wp\/v2\/pages\/1985#wpcf7-f2012-o1\" method=\"post\" class=\"wpcf7-form init\" aria-label=\"Contact form\" novalidate=\"novalidate\" data-status=\"init\">\n<fieldset class=\"hidden-fields-container\"><input type=\"hidden\" name=\"_wpcf7\" value=\"2012\" \/><input type=\"hidden\" name=\"_wpcf7_version\" value=\"6.1.5\" \/><input type=\"hidden\" name=\"_wpcf7_locale\" value=\"en_US\" \/><input type=\"hidden\" name=\"_wpcf7_unit_tag\" value=\"wpcf7-f2012-o1\" \/><input type=\"hidden\" name=\"_wpcf7_container_post\" value=\"0\" \/><input type=\"hidden\" name=\"_wpcf7_posted_data_hash\" value=\"\" \/>\n<\/fieldset>\n<div class=\"row\">\n\t<div class=\"col-12 col-lg-6\">\n\t\t<p><label> Tu Nombre * <\/label><br \/>\n<span class=\"wpcf7-form-control-wrap\" data-name=\"your-name\"><input size=\"40\" maxlength=\"400\" class=\"wpcf7-form-control wpcf7-text wpcf7-validates-as-required\" aria-required=\"true\" aria-invalid=\"false\" value=\"\" type=\"text\" name=\"your-name\" \/><\/span>\n\t\t<\/p>\n\t<\/div>\n\t<div class=\"col-12 col-lg-6\">\n\t\t<p><label> Tu email *<\/label><br \/>\n<span class=\"wpcf7-form-control-wrap\" data-name=\"your-email\"><input size=\"40\" maxlength=\"400\" class=\"wpcf7-form-control wpcf7-email wpcf7-validates-as-required wpcf7-text wpcf7-validates-as-email\" aria-required=\"true\" aria-invalid=\"false\" value=\"\" type=\"email\" name=\"your-email\" \/><\/span>\n\t\t<\/p>\n\t<\/div>\n\t<div class=\"col-12 col-lg-12\">\n\t\t<p><label> Asunto * <\/label><br \/>\n<span class=\"wpcf7-form-control-wrap\" data-name=\"your-subject\"><input size=\"40\" maxlength=\"400\" class=\"wpcf7-form-control wpcf7-text wpcf7-validates-as-required\" aria-required=\"true\" aria-invalid=\"false\" value=\"\" type=\"text\" name=\"your-subject\" \/><\/span>\n\t\t<\/p>\n\t<\/div>\n\t<div class=\"col-12 col-lg-12\">\n\t\t<p><label> Tu mensaje <\/label><br \/>\n<span class=\"wpcf7-form-control-wrap\" data-name=\"your-message\"><textarea cols=\"40\" rows=\"10\" maxlength=\"2000\" class=\"wpcf7-form-control wpcf7-textarea\" aria-invalid=\"false\" name=\"your-message\"><\/textarea><\/span>\n\t\t<\/p>\n\t<\/div>\n\t<p><span class=\"wpcf7-form-control-wrap\" data-name=\"acceptance-211\"><span class=\"wpcf7-form-control wpcf7-acceptance\"><span class=\"wpcf7-list-item\"><label><input type=\"checkbox\" name=\"acceptance-211\" value=\"1\" aria-invalid=\"false\" \/><span class=\"wpcf7-list-item-label\">Acepto la <a href=\"https:\/\/blackviewphones.com\/fr\/politique-de-confidentialite\/\" target=\"_blank\">Politica de privacidad<\/a><\/p><\/span><\/label><\/span><\/span><\/span>\n\t<\/p>\n<\/div>\n<div class=\"col-12 col-lg-12\">\n\t<p><input class=\"wpcf7-form-control wpcf7-submit has-spinner\" type=\"submit\" value=\"Enviar mensaje\" \/>\n\t<\/p>\n<\/div>\n<div style=\"margin-top: 20 px; padding: 10px; border: solid 0.5px#999: text-align: left; font-style: italic; color: #777; font-family: Arial; line-height:1.1em;\">\n\t<p>Es mi deber informarle que los datos de car\u00e1cter personal que me proporciones rellenando este formulario ser\u00e1n tratados por:<br \/>\nResponsable: Identidad: TELEFONOS RESISTENTES S.L. - NIF: B67246108 Dir. postal: Valls de Andorra 2 2 1 Tel\u00e9fono: 935150520 Correo electr\u00f3nico: info@blackviewphones.com<br \/>\nEn nombre de la empresa tratamos la informaci\u00f3n que nos facilita con el fin de prestarles el servicio solicitado o realizar la facturaci\u00f3n del mismo. Los datos proporcionados se conservar\u00e1n mientras se mantenga la relaci\u00f3n comercial o durante los a\u00f1os necesarios para cumplir con las obligaciones legales. Los datos no se ceder\u00e1n a terceros salvo en los casos en que exista una obligaci\u00f3n legal. Usted tiene derecho a obtener confirmaci\u00f3n sobre si en TELEFONOS RESISTENTES S.L. estamos tratando sus datos personales por tanto tiene derecho a acceder a sus datos personales, rectificar los datos inexactos o solicitar su supresi\u00f3n cuando los datos ya no sean necesarios.<br \/>\nAsimismo, solicito su autorizaci\u00f3n para ofrecerle productos y servicios relacionados con los solicitados y fidelizarle como cliente.\n\t<\/p>\n<\/div><p style=\"display: none !important;\" class=\"akismet-fields-container\" data-prefix=\"_wpcf7_ak_\"><label>\u0394<textarea name=\"_wpcf7_ak_hp_textarea\" cols=\"45\" rows=\"8\" maxlength=\"100\"><\/textarea><\/label><input type=\"hidden\" id=\"ak_js_1\" name=\"_wpcf7_ak_js\" value=\"237\"\/><script type=\"text\/javascript\">\n\/* <![CDATA[ *\/\ndocument.getElementById( \"ak_js_1\" ).setAttribute( \"value\", ( new Date() ).getTime() );\n\/* ]]> *\/\n<\/script>\n<\/p><div class=\"wpcf7-response-output\" aria-hidden=\"true\"><\/div>\n<\/form>\n<\/div>\n<\/div><!-- contact-form -->\t\t\t\t<\/div>\n\t\t\t\t<\/div>\n\t\t\t\t\t<\/div>\n\t\t<\/div>\n\t\t\t\t\t<\/div>\n\t\t<\/section>\n\t\t\t\t<\/div>\n\t\t","protected":false},"excerpt":{"rendered":"<p>\u00bfQuieres contactar con nosotros? P\u00f3ngase en contacto con nosotros para todas sus preguntas y opiniones. Espa\u00f1a Barcelona Valls d\u2019Andorra 2, 2\u00ba 1\u00aa 08930 Sant Adri\u00e0 de Bes\u00f3s +34 935150520 info@blackviewphones.com Horario de atenci\u00f3n en oficinas Lunes a Viernes 9:30 am a 6:00 pm Horario de atenci\u00f3n por whatsapp (mensajes) Lunes a viernes de 9:30 a<\/p>\n<div class=\"klb-readmore entry-button\"><a class=\"btn read-more\" href=\"https:\/\/blackviewphones.com\/nl\/contacto\/\">Lees meer<\/a><\/div>","protected":false},"author":1,"featured_media":0,"parent":0,"menu_order":0,"comment_status":"closed","ping_status":"closed","template":"","meta":{"_acf_changed":false,"footnotes":""},"class_list":["post-1985","page","type-page","status-publish","hentry"],"acf":[],"_links":{"self":[{"href":"https:\/\/blackviewphones.com\/nl\/wp-json\/wp\/v2\/pages\/1985","targetHints":{"allow":["GET"]}}],"collection":[{"href":"https:\/\/blackviewphones.com\/nl\/wp-json\/wp\/v2\/pages"}],"about":[{"href":"https:\/\/blackviewphones.com\/nl\/wp-json\/wp\/v2\/types\/page"}],"author":[{"embeddable":true,"href":"https:\/\/blackviewphones.com\/nl\/wp-json\/wp\/v2\/users\/1"}],"replies":[{"embeddable":true,"href":"https:\/\/blackviewphones.com\/nl\/wp-json\/wp\/v2\/comments?post=1985"}],"version-history":[{"count":0,"href":"https:\/\/blackviewphones.com\/nl\/wp-json\/wp\/v2\/pages\/1985\/revisions"}],"wp:attachment":[{"href":"https:\/\/blackviewphones.com\/nl\/wp-json\/wp\/v2\/media?parent=1985"}],"curies":[{"name":"wp","href":"https:\/\/api.w.org\/{rel}","templated":true}]}}