

{"id":9747,"date":"2025-11-26T16:14:02","date_gmt":"2025-11-26T15:14:02","guid":{"rendered":"https:\/\/blackviewphones.com\/?post_type=product&#038;p=9747"},"modified":"2026-05-07T12:40:30","modified_gmt":"2026-05-07T10:40:30","slug":"schermo-portatile-scm6","status":"publish","type":"product","link":"https:\/\/blackviewphones.com\/it\/product\/pantalla-portatil-scm6\/","title":{"rendered":"Schermo portatile SCM6"},"content":{"rendered":"<h1>Schermo portatile SCM6<\/h1>\n<p data-start=\"3074\" data-end=\"3438\">Lui <strong data-start=\"261\" data-end=\"279\">Blackview SCM6<\/strong> \u00c8 un monitor portatile Full HD da 14&quot; progettato per chi ha bisogno di espandere il proprio spazio di lavoro in qualsiasi momento. Il suo corpo leggero <strong data-start=\"422\" data-end=\"431\">600 grammi<\/strong> Il suo design ultrasottile lo rende uno strumento perfetto per professionisti, studenti e creativi che lavorano in movimento. Richiede un solo cavo. <strong data-start=\"590\" data-end=\"613\">USB-C con tutte le funzionalit\u00e0<\/strong> per trasmettere immagini, suoni e potenza, consentendo una connessione rapida senza configurazioni.<\/p>\n<p>\u00a0<\/p>\n<p>\u00a0<\/p>","protected":false},"excerpt":{"rendered":"<p>Il monitor portatile Full HD da 14&quot; Blackview SCM6 \u00e8 leggero e ultrasottile, dotato di plug &amp; play USB-C, pannello IPS e altoparlante integrato. \u00c8 ideale per aumentare la produttivit\u00e0 ovunque.<\/p>\n<p><strong>*Immagine di riferimento: schermi con supporto, laptop non incluso.<\/strong><\/p>","protected":false},"featured_media":10839,"comment_status":"open","ping_status":"closed","template":"","meta":{"_acf_changed":false},"product_brand":[287],"product_cat":[61,159,151],"product_tag":[],"class_list":{"0":"post-9747","1":"product","2":"type-product","3":"status-publish","4":"has-post-thumbnail","6":"product_brand-blackview","7":"product_cat-equipos-blackview-portatiles","8":"product_cat-ofertas","9":"product_cat-equipos-blackview","11":"first","12":"instock","13":"sale","14":"shipping-taxable","15":"purchasable","16":"product-type-variable","17":"has-default-attributes"},"acf":[],"_links":{"self":[{"href":"https:\/\/blackviewphones.com\/it\/wp-json\/wp\/v2\/product\/9747","targetHints":{"allow":["GET"]}}],"collection":[{"href":"https:\/\/blackviewphones.com\/it\/wp-json\/wp\/v2\/product"}],"about":[{"href":"https:\/\/blackviewphones.com\/it\/wp-json\/wp\/v2\/types\/product"}],"replies":[{"embeddable":true,"href":"https:\/\/blackviewphones.com\/it\/wp-json\/wp\/v2\/comments?post=9747"}],"version-history":[{"count":0,"href":"https:\/\/blackviewphones.com\/it\/wp-json\/wp\/v2\/product\/9747\/revisions"}],"wp:featuredmedia":[{"embeddable":true,"href":"https:\/\/blackviewphones.com\/it\/wp-json\/wp\/v2\/media\/10839"}],"wp:attachment":[{"href":"https:\/\/blackviewphones.com\/it\/wp-json\/wp\/v2\/media?parent=9747"}],"wp:term":[{"taxonomy":"product_brand","embeddable":true,"href":"https:\/\/blackviewphones.com\/it\/wp-json\/wp\/v2\/product_brand?post=9747"},{"taxonomy":"product_cat","embeddable":true,"href":"https:\/\/blackviewphones.com\/it\/wp-json\/wp\/v2\/product_cat?post=9747"},{"taxonomy":"product_tag","embeddable":true,"href":"https:\/\/blackviewphones.com\/it\/wp-json\/wp\/v2\/product_tag?post=9747"}],"curies":[{"name":"wp","href":"https:\/\/api.w.org\/{rel}","templated":true}]}}