

{"id":9528,"date":"2025-11-17T14:58:12","date_gmt":"2025-11-17T13:58:12","guid":{"rendered":"https:\/\/blackviewphones.com\/?post_type=product&#038;p=9528"},"modified":"2026-04-07T13:15:08","modified_gmt":"2026-04-07T11:15:08","slug":"aurabass-2","status":"publish","type":"product","link":"https:\/\/blackviewphones.com\/it\/product\/aurabass-2\/","title":{"rendered":"Blackview AuraBass 2"},"content":{"rendered":"<h1 data-start=\"306\" data-end=\"365\"><strong data-start=\"309\" data-end=\"365\">Blackview AuraBass 2: altoparlante Bluetooth<\/strong><\/h1>\n<p data-start=\"367\" data-end=\"681\">Vuoi portare la tua esperienza audio a un livello superiore? <strong data-start=\"422\" data-end=\"436\">AuraBass 2<\/strong> \u00c8 l&#039;altoparlante ideale per chi ama la musica con profondit\u00e0, dettaglio ed emozione. Con un design moderno e un suono che riempie qualsiasi spazio, combina <strong data-start=\"592\" data-end=\"624\">tecnologia audio avanzata<\/strong> con uno stile elegante che si adatta al tuo stile di vita.<\/p>\n<h2 data-start=\"683\" data-end=\"736\"><strong data-start=\"687\" data-end=\"736\">Bassi che puoi sentire, suono che ti avvolge<\/strong><\/h2>\n<p data-start=\"738\" data-end=\"1156\">Lui <strong data-start=\"741\" data-end=\"755\">Aurabass 2<\/strong> E&#039; dotato di un <strong data-start=\"777\" data-end=\"816\">sistema acustico a doppia membrana<\/strong> e un <strong data-start=\"822\" data-end=\"867\">amplificatore integrato ad alta efficienza<\/strong>, ottenendo una riproduzione del suono potente, chiara e priva di distorsioni. La sua risposta dei bassi \u00e8 profonda e precisa, ideale per chi desidera vivere la musica oltre il semplice ascolto. Dai ritmi urbani pi\u00f9 intensi agli accordi pi\u00f9 soft, ogni genere prende vita con un equilibrio perfetto.<\/p>\n<h2 data-start=\"1158\" data-end=\"1206\"><strong data-start=\"1162\" data-end=\"1206\">Design elegante, pensato per il tuo spazio<\/strong><\/h2>\n<p data-start=\"1208\" data-end=\"1519\">Compatto, robusto e visivamente accattivante, il <strong data-start=\"1254\" data-end=\"1268\">AuraBass 2<\/strong> Combina materiali di alta qualit\u00e0 con una struttura solida che riduce le vibrazioni e migliora la purezza del suono. \u00c8 perfetto per la tua scrivania, il tuo soggiorno o anche per la tua postazione di gioco: un tocco di stile che offre anche <strong data-start=\"1491\" data-end=\"1518\">prestazioni professionali<\/strong>.<\/p>\n<h2 data-start=\"1521\" data-end=\"1565\"><strong data-start=\"1525\" data-end=\"1565\">Connettivit\u00e0 completa per la tua comodit\u00e0<\/strong><\/h2>\n<p data-start=\"1567\" data-end=\"1844\">Con <strong data-start=\"1571\" data-end=\"1588\">Bluetooth 5.0<\/strong>, <strong data-start=\"1590\" data-end=\"1610\">ingresso ausiliario<\/strong> E <strong data-start=\"1613\" data-end=\"1627\">porta USB<\/strong>, Lui <strong data-start=\"1632\" data-end=\"1646\">AuraBass 2<\/strong> Ti permette di connettere facilmente qualsiasi dispositivo e di goderti la tua musica senza limiti. Passa da una sorgente all&#039;altra con un solo tocco e mantieni sempre una connessione stabile e veloce, senza interruzioni.<\/p>\n<h2 data-start=\"1846\" data-end=\"1895\"><strong data-start=\"1850\" data-end=\"1895\">Prestazioni durature e senza problemi<\/strong><\/h2>\n<p data-start=\"1897\" data-end=\"2174\">Grazie al tuo <strong data-start=\"1910\" data-end=\"1939\">batteria a lunga durata<\/strong>, Puoi goderti ore di musica senza interruzioni senza preoccuparti della ricarica. Inoltre, il suo sistema di ricarica rapida ti consente di averlo pronto all&#039;uso in pochissimo tempo. \u00c8 affidabile, potente e pronto ad accompagnarti ovunque tu vada.<\/p>","protected":false},"excerpt":{"rendered":"<p data-start=\"436\" data-end=\"691\">Prova un suono potente con il <strong data-start=\"479\" data-end=\"493\">AuraBass 2<\/strong>, L&#039;altoparlante Bluetooth che unisce design elegante, bassi profondi e suono avvolgente. Grazie alla batteria a lunga durata e alla connettivit\u00e0 completa, \u00e8 perfetto per ascoltare la tua musica ovunque.<\/p>","protected":false},"featured_media":10210,"comment_status":"open","ping_status":"closed","template":"","meta":{"_acf_changed":false},"product_brand":[287],"product_cat":[154,159],"product_tag":[],"class_list":{"0":"post-9528","1":"product","2":"type-product","3":"status-publish","4":"has-post-thumbnail","6":"product_brand-blackview","7":"product_cat-accesorios-blackview","8":"product_cat-ofertas","10":"first","11":"instock","12":"sale","13":"shipping-taxable","14":"purchasable","15":"product-type-variable","16":"has-default-attributes"},"acf":[],"_links":{"self":[{"href":"https:\/\/blackviewphones.com\/it\/wp-json\/wp\/v2\/product\/9528","targetHints":{"allow":["GET"]}}],"collection":[{"href":"https:\/\/blackviewphones.com\/it\/wp-json\/wp\/v2\/product"}],"about":[{"href":"https:\/\/blackviewphones.com\/it\/wp-json\/wp\/v2\/types\/product"}],"replies":[{"embeddable":true,"href":"https:\/\/blackviewphones.com\/it\/wp-json\/wp\/v2\/comments?post=9528"}],"version-history":[{"count":0,"href":"https:\/\/blackviewphones.com\/it\/wp-json\/wp\/v2\/product\/9528\/revisions"}],"wp:featuredmedia":[{"embeddable":true,"href":"https:\/\/blackviewphones.com\/it\/wp-json\/wp\/v2\/media\/10210"}],"wp:attachment":[{"href":"https:\/\/blackviewphones.com\/it\/wp-json\/wp\/v2\/media?parent=9528"}],"wp:term":[{"taxonomy":"product_brand","embeddable":true,"href":"https:\/\/blackviewphones.com\/it\/wp-json\/wp\/v2\/product_brand?post=9528"},{"taxonomy":"product_cat","embeddable":true,"href":"https:\/\/blackviewphones.com\/it\/wp-json\/wp\/v2\/product_cat?post=9528"},{"taxonomy":"product_tag","embeddable":true,"href":"https:\/\/blackviewphones.com\/it\/wp-json\/wp\/v2\/product_tag?post=9528"}],"curies":[{"name":"wp","href":"https:\/\/api.w.org\/{rel}","templated":true}]}}