

{"id":8381,"date":"2025-08-11T14:23:40","date_gmt":"2025-08-11T12:23:40","guid":{"rendered":"https:\/\/blackviewphones.com\/?post_type=product&#038;p=8381"},"modified":"2026-04-30T10:10:30","modified_gmt":"2026-04-30T08:10:30","slug":"blackview-xplore-2","status":"publish","type":"product","link":"https:\/\/blackviewphones.com\/it\/product\/blackview-xplore-2\/","title":{"rendered":"Blackview Xplore 2: torcia, NFC ed eSIM"},"content":{"rendered":"<h1>Blackview Xplore 2: torcia, NFC ed eSIM<\/h1>\n<p data-start=\"551\" data-end=\"780\">\ud83d\udcf1 <strong data-start=\"554\" data-end=\"588\">Display AMOLED immersivo da 3,2K<\/strong><br data-start=\"588\" data-end=\"591\" \/>Goditi un&#039;esperienza visiva superiore sul tuo schermo <strong data-start=\"650\" data-end=\"681\">AMOLED QHD da 6,73 pollici<\/strong> con <strong data-start=\"686\" data-end=\"708\">Frequenza di aggiornamento di 120 Hz<\/strong>Colori vivaci, nitidezza eccezionale e fluidit\u00e0 in ogni movimento.<\/p>\n<p data-start=\"782\" data-end=\"1019\">\u26a1 <strong data-start=\"784\" data-end=\"809\">Prestazioni inarrestabili<\/strong><br data-start=\"809\" data-end=\"812\" \/>Dotato di <strong data-start=\"828\" data-end=\"870\">Chipset MediaTek Dimensity 8300 (4nm)<\/strong>, l&#039;XPLORE 2 offre <strong data-start=\"891\" data-end=\"927\">velocit\u00e0, efficienza e potenza<\/strong> per applicazioni impegnative, multitasking intensivo e connettivit\u00e0 5G di nuova generazione.<\/p>\n<p data-start=\"782\" data-end=\"1019\">\ud83d\udd26 <strong>Torcia elettrica potente<\/strong><br data-start=\"1047\" data-end=\"1050\" \/>\u00c8 dotato di una torcia elettrica da campeggio fino a <strong>467 lumen <\/strong>che puoi utilizzare dagli strumenti.<\/p>\n<p data-start=\"1021\" data-end=\"1210\">\ud83d\udcbe <strong data-start=\"1024\" data-end=\"1047\">Memoria su larga scala<\/strong><br data-start=\"1047\" data-end=\"1050\" \/>Grazie all&#039;ampia capacit\u00e0 di archiviazione e alla RAM, puoi salvare tutto ci\u00f2 di cui hai bisogno e lavorare senza interruzioni, senza preoccuparti dello spazio o della fluidit\u00e0.<\/p>\n<p data-start=\"1212\" data-end=\"1411\">\ud83d\udd0b <strong data-start=\"1215\" data-end=\"1239\">Autonomia leggendaria<\/strong><br data-start=\"1239\" data-end=\"1242\" \/>IL <strong data-start=\"1245\" data-end=\"1270\">Batteria da 20.000 mAh<\/strong> Ridefinisce il significato di &quot;lunga durata&quot;. Dimentica il caricabatterie per giorni e goditi la tua avventura o la tua giornata lavorativa senza limiti.<\/p>\n<p data-start=\"1413\" data-end=\"1531\">\u26a1 <strong data-start=\"1415\" data-end=\"1442\">Ricarica ultraveloce da 120 W<\/strong><br data-start=\"1442\" data-end=\"1445\" \/>Quando finalmente sar\u00e0 il momento di ricaricarti, lo farai in tempi record. Pi\u00f9 energia, meno attesa.<\/p>\n<p data-start=\"1533\" data-end=\"1726\">\ud83c\udf0d <strong data-start=\"1536\" data-end=\"1568\">Pronto per qualsiasi ambiente<\/strong><br data-start=\"1568\" data-end=\"1571\" \/>Certificazioni <strong data-start=\"1587\" data-end=\"1617\">IP68, IP69K e MIL-STD-810H<\/strong>: Resistente all&#039;acqua, alla polvere e alle cadute. Un dispositivo progettato per resistere a condizioni estreme.<\/p>\n<p data-start=\"1728\" data-end=\"1870\">\ud83d\udcf6 <strong data-start=\"1731\" data-end=\"1761\">Connettivit\u00e0 senza confini<\/strong><br data-start=\"1761\" data-end=\"1764\" \/>Con <strong data-start=\"1768\" data-end=\"1787\">5G ultraveloce<\/strong>, scarica e riproduci in streaming i contenuti alla velocit\u00e0 di cui hai bisogno, ovunque ti trovi.<\/p>\n<h2><span style=\"font-size: 16px;\">IP68: COSA SI PU\u00d2 FARE E COSA NON SI PU\u00d2 FARE<\/span><\/h2>\n<p>Se un dispositivo \u00e8 certificato IP68, significa che pu\u00f2 essere immerso in acqua. <strong>acqua dolce<\/strong>\u00a0<strong>a profondit\u00e0 fino a un metro per un massimo di 30 minuti, a condizione che le protezioni terminali rimangano adeguatamente sigillate.<\/strong><\/p>\n<p><strong>Vi lasciamo qualche consiglio<\/strong>\u00a0<strong>per qualsiasi terminale con certificazione IP68<\/strong>:<\/p>\n<ul>\n<li>Non esporre lo smartphone IP68 a correnti d&#039;acqua come acqua del rubinetto, onde dell&#039;oceano o cascate.<\/li>\n<li>Se il tuo smartphone IP68 \u00e8 stato esposto ad acqua dolce, asciugalo accuratamente con un panno pulito e morbido.<\/li>\n<li>Se lo smartphone IP68 \u00e8 stato esposto a qualsiasi tipo di liquido diverso dall&#039;acqua dolce (ad esempio l&#039;acqua di mare), sciacquare immediatamente e delicatamente il dispositivo con acqua dolce e asciugarlo accuratamente con un panno morbido e pulito.<\/li>\n<li>In caso di dubbi sulla corretta chiusura delle protezioni.\u00a0<strong>NO <\/strong>lo bagni.<\/li>\n<li>Sconsigliamo di effettuare test aggressivi per dimostrare la propria resistenza.<\/li>\n<li>Si sconsiglia di manipolare i pulsanti dell&#039;apparecchio in acqua.<\/li>\n<li>Si sconsiglia di immergere il dispositivo in acqua salata, poich\u00e9 la certificazione IP \u00e8 valida solo per l&#039;acqua dolce.<\/li>\n<\/ul>","protected":false},"excerpt":{"rendered":"<p>Blackview XPLORE 2 \u00e8 uno smartphone robusto ad alte prestazioni con NFC e una batteria di <strong data-start=\"184\" data-end=\"198\">20.000 mAh<\/strong> e ricarica rapida da 120 W. Il suo display AMOLED da 6,73&quot; a 120 Hz, il processore <strong data-start=\"469\" data-end=\"499\">MediaTek Dimensity 8300 5G, telecamera per visione notturna, <\/strong>torcia elettrica<strong data-start=\"469\" data-end=\"499\"> 467 lumen<\/strong> e certificazione <strong data-start=\"519\" data-end=\"546\">IP68\/IP69K\/MIL-STD-810H<\/strong> rendendolo un dispositivo robusto, potente e versatile per professionisti e avventurieri.<\/p>","protected":false},"featured_media":13649,"comment_status":"open","ping_status":"closed","template":"","meta":{"_acf_changed":false},"product_brand":[287],"product_cat":[42,136,166,159],"product_tag":[],"class_list":{"0":"post-8381","1":"product","2":"type-product","3":"status-publish","4":"has-post-thumbnail","6":"product_brand-blackview","7":"product_cat-moviles-blackview","8":"product_cat-moviles-resistentes-rugerizados","9":"product_cat-moviles-resistentes-rugerizados-nuevos-modelos","10":"product_cat-ofertas","12":"first","13":"instock","14":"sale","15":"shipping-taxable","16":"purchasable","17":"product-type-variable","18":"has-default-attributes"},"acf":[],"_links":{"self":[{"href":"https:\/\/blackviewphones.com\/it\/wp-json\/wp\/v2\/product\/8381","targetHints":{"allow":["GET"]}}],"collection":[{"href":"https:\/\/blackviewphones.com\/it\/wp-json\/wp\/v2\/product"}],"about":[{"href":"https:\/\/blackviewphones.com\/it\/wp-json\/wp\/v2\/types\/product"}],"replies":[{"embeddable":true,"href":"https:\/\/blackviewphones.com\/it\/wp-json\/wp\/v2\/comments?post=8381"}],"version-history":[{"count":0,"href":"https:\/\/blackviewphones.com\/it\/wp-json\/wp\/v2\/product\/8381\/revisions"}],"wp:featuredmedia":[{"embeddable":true,"href":"https:\/\/blackviewphones.com\/it\/wp-json\/wp\/v2\/media\/13649"}],"wp:attachment":[{"href":"https:\/\/blackviewphones.com\/it\/wp-json\/wp\/v2\/media?parent=8381"}],"wp:term":[{"taxonomy":"product_brand","embeddable":true,"href":"https:\/\/blackviewphones.com\/it\/wp-json\/wp\/v2\/product_brand?post=8381"},{"taxonomy":"product_cat","embeddable":true,"href":"https:\/\/blackviewphones.com\/it\/wp-json\/wp\/v2\/product_cat?post=8381"},{"taxonomy":"product_tag","embeddable":true,"href":"https:\/\/blackviewphones.com\/it\/wp-json\/wp\/v2\/product_tag?post=8381"}],"curies":[{"name":"wp","href":"https:\/\/api.w.org\/{rel}","templated":true}]}}