

{"id":7642,"date":"2025-05-20T11:11:18","date_gmt":"2025-05-20T09:11:18","guid":{"rendered":"https:\/\/blackviewphones.com\/?post_type=product&#038;p=7642"},"modified":"2026-03-26T16:47:48","modified_gmt":"2026-03-26T15:47:48","slug":"mini-pc-blackview-mp60-n150-16-gb-di-ram-512-gb-di-rom","status":"publish","type":"product","link":"https:\/\/blackviewphones.com\/it\/product\/blackview-mp60-mini-pc-n150-16-gb-ram-512gb-rom\/","title":{"rendered":"Blackview MP60 Mini PC N150 | 16 GB di RAM 512 GB\/1 TB di ROM"},"content":{"rendered":"<h1>Blackview MP60 Mini PC N150 | 16 GB di RAM 512 GB\/1 TB di ROM<\/h1>\n<p>Il mini PC Blackview MP60 \u00e8 un computer potente e compatto, progettato per offrire prestazioni eccezionali in dimensioni ridotte. Dotato di caratteristiche impressionanti e di un design elegante, questo mini PC \u00e8 ideale per gli utenti che necessitano di una soluzione informatica portatile ed efficiente. Oltre al design elegante, questo mini PC si distingue anche per la sua efficienza energetica. Grazie al basso consumo energetico, aiuta a ridurre le emissioni di carbonio e a risparmiare sui costi dell&#039;elettricit\u00e0 nel lungo periodo.<\/p>\n<div>\n<h2><strong><span style=\"font-size: 16px;\">Perch\u00e9 scegliere il mini PC MP60?<\/span><\/strong><\/h2>\n<\/div>\n<p>Blackview MP60 dedica soluzioni termiche alla CPU con una ventola di raffreddamento di nuova concezione e un&#039;ampia finestra per garantire le massime prestazioni. Con una velocit\u00e0 della ventola di 5600 giri\/min e un&#039;area di dissipazione del calore di 25.500 mm2, la ventola manterr\u00e0 sempre l&#039;host MP60 a 95\u00baF. Una ventola di raffreddamento efficiente render\u00e0 il tuo sistema pi\u00f9 efficiente e la tua CPU durer\u00e0 pi\u00f9 a lungo.<\/p>\n<h2><strong>IMPORTANTE:<\/strong><\/h2>\n<p>Questo Mini PC \u00e8 dotato di Windows 11 Student preinstallato. Se hai un account, inseriscilo quando richiesto dal programma. Se non si dispone di un account Studente, per evitare di dover riformattare o reinstallare Windows, si consiglia di avviare le impostazioni CON IL CAVO ETHERNET SCOLLEGATO, in modo da poter eseguire un&#039;installazione con account locale.<br \/>\nAltrimenti, dovrai reinstallare la versione di Windows che preferisci, che puoi scaricare dal sito Web di Microsoft (potrebbero essere necessari anche i driver generici). Per accedere al BIOS, utilizzare il tasto DEL durante l&#039;avvio.<\/p>","protected":false},"excerpt":{"rendered":"<p><strong>16 GB + 1 TB di ROM (fino a 2 TB)<\/strong><\/p>\n<p>Intel Twin Lake N150<\/p>\n<p>Grafica Intel UHD 4K<\/p>\n<p>Windows 11 Pro preinstallato<\/p>\n<p>Dimensioni 128*128*52 mm<\/p>","protected":false},"featured_media":7648,"comment_status":"closed","ping_status":"closed","template":"","meta":{"_acf_changed":false},"product_brand":[287],"product_cat":[349],"product_tag":[],"class_list":{"0":"post-7642","1":"product","2":"type-product","3":"status-publish","4":"has-post-thumbnail","6":"product_brand-blackview","7":"product_cat-sin-categoria","9":"first","10":"outofstock","11":"sale","12":"shipping-taxable","13":"purchasable","14":"product-type-variable","15":"has-default-attributes"},"acf":[],"_links":{"self":[{"href":"https:\/\/blackviewphones.com\/it\/wp-json\/wp\/v2\/product\/7642","targetHints":{"allow":["GET"]}}],"collection":[{"href":"https:\/\/blackviewphones.com\/it\/wp-json\/wp\/v2\/product"}],"about":[{"href":"https:\/\/blackviewphones.com\/it\/wp-json\/wp\/v2\/types\/product"}],"replies":[{"embeddable":true,"href":"https:\/\/blackviewphones.com\/it\/wp-json\/wp\/v2\/comments?post=7642"}],"version-history":[{"count":0,"href":"https:\/\/blackviewphones.com\/it\/wp-json\/wp\/v2\/product\/7642\/revisions"}],"wp:featuredmedia":[{"embeddable":true,"href":"https:\/\/blackviewphones.com\/it\/wp-json\/wp\/v2\/media\/7648"}],"wp:attachment":[{"href":"https:\/\/blackviewphones.com\/it\/wp-json\/wp\/v2\/media?parent=7642"}],"wp:term":[{"taxonomy":"product_brand","embeddable":true,"href":"https:\/\/blackviewphones.com\/it\/wp-json\/wp\/v2\/product_brand?post=7642"},{"taxonomy":"product_cat","embeddable":true,"href":"https:\/\/blackviewphones.com\/it\/wp-json\/wp\/v2\/product_cat?post=7642"},{"taxonomy":"product_tag","embeddable":true,"href":"https:\/\/blackviewphones.com\/it\/wp-json\/wp\/v2\/product_tag?post=7642"}],"curies":[{"name":"wp","href":"https:\/\/api.w.org\/{rel}","templated":true}]}}