

{"id":7248,"date":"2025-04-22T14:00:23","date_gmt":"2025-04-22T12:00:23","guid":{"rendered":"https:\/\/blackviewphones.com\/?post_type=product&#038;p=7248"},"modified":"2025-11-26T17:24:18","modified_gmt":"2025-11-26T16:24:18","slug":"tablet-blackview-mega-8-36-gb-di-ram-e-256-gb-di-rom","status":"publish","type":"product","link":"https:\/\/blackviewphones.com\/it\/product\/tablet-blackview-mega-8-36gb-ram-256gb-rom\/","title":{"rendered":"Tablet Blackview MEGA 8 AI 2.0 | 36 GB di RAM 256 GB di ROM"},"content":{"rendered":"<h1>Tablet Blackview MEGA 8 AI | 36 GB (12 GB + 24 GB) di RAM 256 GB di ROM<\/h1>\n<p>Il nuovo Tablet <strong>Blackview Mega 8<\/strong> \u00c8 il primo tablet Blackview di <strong>13\u2033 de pantalla<\/strong> con <strong>Android 15 con Gemini AI 2.0<\/strong>. Caratterizzato da un design elegante, una grande batteria da 11.000 mAh che ti garantir\u00e0 fino a 20 ore di utilizzo e compatibilit\u00e0 con Wideline L1. Inoltre, \u00e8 dotato di funzioni di sblocco facciale, anti-impronta e Smart Google Lens.<\/p>\n<p><strong>Penna stilo gratuita: scarabocchia con audacia, disegna con fluidit\u00e0<\/strong><\/p>\n<p>Da scarabocchi spontanei a tratti intricati, trasforma il tuo MEGA 8 nel progetto definitivo per le tue grandi idee. Con ogni movimento audace e ogni pennellata fluida, dai vita alle tue ispirazioni senza sforzo. Il flusso libero e senza interruzioni, sia che si disegni, si scriva o si navighi.<\/p>\n<h3>Aggiungi widget rapidamente: niente trascinamento, tutta facilit\u00e0<\/h3>\n<p>Con il nuovo pulsante &quot;Aggiungi&quot; posizionare i widget \u00e8 pi\u00f9 veloce che mai: non \u00e8 necessario trascinarli! Con un solo tocco puoi aggiungere rapidamente i tuoi widget preferiti direttamente alla schermata iniziale, risparmiando tempo e fatica.<\/p>\n<h2>Connettivit\u00e0 MEGA 8<\/h2>\n<p>Bande 2G: B2\/B3\/B5\/B8<\/p>\n<p>Bande 3G: B1\/B8<\/p>\n<p>Bande 4G: FDD: B1\/B3\/B7\/B8\/B20\/B19\/B28A\/B28B TDD: B40\/B41\/B38<\/p>\n<p>\u00a0<\/p>\n<p><strong>Tablet del marchio Blackview, ma non \u00e8 IP68, non pu\u00f2 bagnarsi o urtare.<\/strong><\/p>\n<p>\u00a0<\/p>","protected":false},"excerpt":{"rendered":"<p>Tablet convenzionale con penna<br \/>\nUnisoc T615<br \/>\nCompatibile con Wideline L1<br \/>\nAndroid 15 | 11.000 mAh<br \/>\nSupporta la scheda SIM<br \/>\n302.*197.5*7.85 millimetri<br \/>\nPeso 736 g | Schermo da 13\u2033<br \/>\n12 GB + 24 GB di RAM 256 GB di ROM<\/p>","protected":false},"featured_media":8700,"comment_status":"open","ping_status":"closed","template":"","meta":{"_acf_changed":false},"product_brand":[],"product_cat":[42],"product_tag":[315],"class_list":{"0":"post-7248","1":"product","2":"type-product","3":"status-publish","4":"has-post-thumbnail","6":"product_cat-moviles-blackview","7":"product_tag-315","9":"first","10":"outofstock","11":"sale","12":"featured","13":"shipping-taxable","14":"purchasable","15":"product-type-variable","16":"has-default-attributes"},"acf":[],"_links":{"self":[{"href":"https:\/\/blackviewphones.com\/it\/wp-json\/wp\/v2\/product\/7248","targetHints":{"allow":["GET"]}}],"collection":[{"href":"https:\/\/blackviewphones.com\/it\/wp-json\/wp\/v2\/product"}],"about":[{"href":"https:\/\/blackviewphones.com\/it\/wp-json\/wp\/v2\/types\/product"}],"replies":[{"embeddable":true,"href":"https:\/\/blackviewphones.com\/it\/wp-json\/wp\/v2\/comments?post=7248"}],"version-history":[{"count":0,"href":"https:\/\/blackviewphones.com\/it\/wp-json\/wp\/v2\/product\/7248\/revisions"}],"wp:featuredmedia":[{"embeddable":true,"href":"https:\/\/blackviewphones.com\/it\/wp-json\/wp\/v2\/media\/8700"}],"wp:attachment":[{"href":"https:\/\/blackviewphones.com\/it\/wp-json\/wp\/v2\/media?parent=7248"}],"wp:term":[{"taxonomy":"product_brand","embeddable":true,"href":"https:\/\/blackviewphones.com\/it\/wp-json\/wp\/v2\/product_brand?post=7248"},{"taxonomy":"product_cat","embeddable":true,"href":"https:\/\/blackviewphones.com\/it\/wp-json\/wp\/v2\/product_cat?post=7248"},{"taxonomy":"product_tag","embeddable":true,"href":"https:\/\/blackviewphones.com\/it\/wp-json\/wp\/v2\/product_tag?post=7248"}],"curies":[{"name":"wp","href":"https:\/\/api.w.org\/{rel}","templated":true}]}}