

{"id":7238,"date":"2025-04-22T11:12:49","date_gmt":"2025-04-22T09:12:49","guid":{"rendered":"https:\/\/blackviewphones.com\/?post_type=product&#038;p=7238"},"modified":"2026-05-08T13:04:24","modified_gmt":"2026-05-08T11:04:24","slug":"blackview-bl7000-5g-24-gb-di-ram-256-gb-di-rom","status":"publish","type":"product","link":"https:\/\/blackviewphones.com\/it\/product\/blackview-bl7000-5g-24-gb-ram-256-gb-rom\/","title":{"rendered":"Blackview BL7000 | 24 GB di RAM + 256 GB di ROM"},"content":{"rendered":"<h1>Blackview BL7000 | 24 GB di RAM 256 GB di ROM<\/h1>\n<p>Vi presentiamo il Blackview BL7000 5G, con certificazione IP68, IP69K e MIL-SPEC 810H, in grado di resistere a temperature comprese tra -20\u00baC e +60\u00baC. Ha una capacit\u00e0 fino a<strong> 24 GB di RAM e 256 GB di ROM<\/strong>, con processore di ultima generazione <strong>MediaTek Dimensity 6300 5G<\/strong>, Ci\u00f2 ti consentir\u00e0 di gestire pi\u00f9 attivit\u00e0 contemporaneamente e di passare senza problemi da un&#039;applicazione all&#039;altra, nonch\u00e9 di utilizzare la funzione di registrazione delle chiamate.<\/p>\n<p>\u00c8 anche un dispositivo che ha <strong>Fotocamera principale da 50 MP (Samsung\u00ae JN1) e fotocamera frontale da 32 MP<\/strong>. Inoltre, \u00e8 dotato di uno schermo da 6,78\u2033, fino a <strong>750 nit, NFC<\/strong>, una batteria di <strong>7500 mAh<\/strong> Ricarica rapida da 33 W e con sistema operativo <strong>Androide 15<\/strong>.<\/p>\n<p data-start=\"1324\" data-end=\"1511\">E per mantenere le tue informazioni sempre al sicuro, il dispositivo include <strong data-start=\"1394\" data-end=\"1447\">riconoscimento facciale e sensore di impronte digitali<\/strong>, consentendo un accesso rapido, comodo e completamente sicuro.<\/p>\n<h2>Perch\u00e9 acquistare un BL7000?<\/h2>\n<p>Dovresti acquistare un BL7000 se stai cercando:<\/p>\n<ul>\n<li>Primo telefono robusto 5G con intelligenza artificiale e Android 15<\/li>\n<li>Un telefono cellulare che puoi usare con i guanti<\/li>\n<li>Ti serve un telefono con una buona fotocamera da 50 MP, una fotocamera per la visione notturna da 20 MP e una frequenza di aggiornamento di 120 Hz.<\/li>\n<li>Un telefono cellulare con protezione per l&#039;uso industriale, esterno o quotidiano.<\/li>\n<\/ul>\n<h2><span style=\"font-size: 16px;\">IP68: COSA SI PU\u00d2 FARE E COSA NON SI PU\u00d2 FARE<\/span><\/h2>\n<p>Se un dispositivo \u00e8 certificato IP68, significa che pu\u00f2 essere immerso in acqua. <strong>acqua dolce<\/strong>\u00a0<strong>a profondit\u00e0 fino a un metro per un massimo di 30 minuti, a condizione che le protezioni terminali rimangano adeguatamente sigillate.<\/strong><\/p>\n<p><strong>Vi lasciamo qualche consiglio<\/strong>\u00a0<strong>per qualsiasi terminale con certificazione IP68<\/strong>:<\/p>\n<ul>\n<li>Non esporre lo smartphone IP68 a correnti d&#039;acqua come acqua del rubinetto, onde dell&#039;oceano o cascate.<\/li>\n<li>Se il tuo smartphone IP68 \u00e8 stato esposto ad acqua dolce, asciugalo accuratamente con un panno pulito e morbido.<\/li>\n<li>Se lo smartphone IP68 \u00e8 stato esposto a qualsiasi tipo di liquido diverso dall&#039;acqua dolce (ad esempio l&#039;acqua di mare), sciacquare immediatamente e delicatamente il dispositivo con acqua dolce e asciugarlo accuratamente con un panno morbido e pulito.<\/li>\n<li>In caso di dubbi sulla corretta chiusura delle protezioni.\u00a0<strong>NO <\/strong>lo bagni.<\/li>\n<li>Sconsigliamo di effettuare test aggressivi per dimostrare la propria resistenza.<\/li>\n<li>Si sconsiglia di manipolare i pulsanti dell&#039;apparecchio in acqua.<\/li>\n<li>Si sconsiglia di immergere il dispositivo in acqua salata, poich\u00e9 la certificazione IP \u00e8 valida solo per l&#039;acqua dolce.<\/li>\n<\/ul>","protected":false},"excerpt":{"rendered":"<p>MediaTek Dimensity 6300 5G<\/p>\n<p>12 GB + 12 GB di RAM 256 GB di ROM<\/p>\n<p>Android 15 \u2013 5G | 750 nit<\/p>\n<p>182,2*86*14,5 millimetri<\/p>\n<p>Schermo 6,78\u2033 Peso 357 g<\/p>\n<p>7500 mAh con ricarica rapida da 33 W<\/p>\n<p>Cellulare robusto con NFC<\/p>\n<div id=\"gtx-trans\" style=\"position: absolute; left: 447px; top: 278px;\">\n<div class=\"gtx-trans-icon\"><\/div>\n<\/div>","protected":false},"featured_media":12477,"comment_status":"closed","ping_status":"closed","template":"","meta":{"_acf_changed":false},"product_brand":[287],"product_cat":[42,136,159],"product_tag":[],"class_list":{"0":"post-7238","1":"product","2":"type-product","3":"status-publish","4":"has-post-thumbnail","6":"product_brand-blackview","7":"product_cat-moviles-blackview","8":"product_cat-moviles-resistentes-rugerizados","9":"product_cat-ofertas","11":"first","12":"instock","13":"sale","14":"featured","15":"shipping-taxable","16":"purchasable","17":"product-type-variable","18":"has-default-attributes"},"acf":[],"_links":{"self":[{"href":"https:\/\/blackviewphones.com\/it\/wp-json\/wp\/v2\/product\/7238","targetHints":{"allow":["GET"]}}],"collection":[{"href":"https:\/\/blackviewphones.com\/it\/wp-json\/wp\/v2\/product"}],"about":[{"href":"https:\/\/blackviewphones.com\/it\/wp-json\/wp\/v2\/types\/product"}],"replies":[{"embeddable":true,"href":"https:\/\/blackviewphones.com\/it\/wp-json\/wp\/v2\/comments?post=7238"}],"version-history":[{"count":0,"href":"https:\/\/blackviewphones.com\/it\/wp-json\/wp\/v2\/product\/7238\/revisions"}],"wp:featuredmedia":[{"embeddable":true,"href":"https:\/\/blackviewphones.com\/it\/wp-json\/wp\/v2\/media\/12477"}],"wp:attachment":[{"href":"https:\/\/blackviewphones.com\/it\/wp-json\/wp\/v2\/media?parent=7238"}],"wp:term":[{"taxonomy":"product_brand","embeddable":true,"href":"https:\/\/blackviewphones.com\/it\/wp-json\/wp\/v2\/product_brand?post=7238"},{"taxonomy":"product_cat","embeddable":true,"href":"https:\/\/blackviewphones.com\/it\/wp-json\/wp\/v2\/product_cat?post=7238"},{"taxonomy":"product_tag","embeddable":true,"href":"https:\/\/blackviewphones.com\/it\/wp-json\/wp\/v2\/product_tag?post=7238"}],"curies":[{"name":"wp","href":"https:\/\/api.w.org\/{rel}","templated":true}]}}