

{"id":7117,"date":"2025-04-07T15:57:41","date_gmt":"2025-04-07T13:57:41","guid":{"rendered":"https:\/\/blackviewphones.com\/?post_type=product&#038;p=7117"},"modified":"2026-02-03T13:49:23","modified_gmt":"2026-02-03T12:49:23","slug":"blackview-bl8000-5g-12-gb-di-ram-512-gb-di-rom","status":"publish","type":"product","link":"https:\/\/blackviewphones.com\/it\/prodotto\/blackview-bl8000-5g-12-gb-di-ram-512-gb-di-rom\/","title":{"rendered":"Smartphone Android 10.0 con fotocamera da 18 MP e fotocamera frontale da 18 MP, 5G, WiFi, Bluetooth, NFC, Android 10.0 ... 24 GB di RAM 512 GB di ROM"},"content":{"rendered":"<h1>Blackview BL8000 | 24 GB (12 GB + 12 GB) di RAM 512 GB di ROM<\/h1>\n<p>Vi presentiamo il Blackview BL8000 5G, arriva sul mercato con un doppio schermo integrato e\u00a0<strong>fino a 550 nit<\/strong>. Ha una capacit\u00e0 fino a<strong>\u00a024 GB di RAM e 512 GB di ROM<\/strong>, con processore di ultima generazione\u00a0<strong>MediaTek Dimensity 7050 5G<\/strong>, che ti consentir\u00e0 di gestire pi\u00f9 attivit\u00e0 contemporaneamente e di passare senza problemi da un&#039;applicazione all&#039;altra. Inoltre, ha uno schermo da 6,78&quot;,\u00a0<strong>Non-FC<\/strong>, una batteria di\u00a0<strong>8800 mAh<\/strong>\u00a0Di\u00a0<strong>Ricarica rapida da 33 W<\/strong>e con sistema operativo Android 13.<\/p>\n<p>\u00c8 anche un dispositivo che ha\u00a0<strong>Tripla fotocamera da 50 MP (Samsung\u00ae ISOCELL GN5), 8 MP (fotocamera grandangolare da 117\u00b0) e 2 Mpx<\/strong>. Inoltre, una fotocamera frontale da 16 MPx. Dispositivo robusto testato con certificazione IP68 e IP69K.<\/p>\n<h2>Connettivit\u00e0 BL8000<\/h2>\n<p>Banda 2G: GSM: B2\/B3\/B5\/B8<br \/>\nBanda 3G: WCDMA: B1\/B2\/B4\/B5\/B6\/B8\/B19 CDMA: BC0\/BC1\/BC10<br \/>\nBanda 4G: LTE-TDD:B1\/2\/3\/4\/5\/7\/8\/12\/13\/17\/18\/19\/20\/25\/26\/28A\/28B\/30\/66 LTE-TDD:B34\/38\/39\/40\/41<br \/>\nBanda 5G: N1\/3\/5\/7\/8\/20\/28\/38\/40\/41\/77\/78\/79<\/p>\n<h3>IP68: COSA SI PU\u00d2 FARE E COSA NON SI PU\u00d2 FARE<\/h3>\n<p>Se un dispositivo \u00e8 certificato IP68, significa che pu\u00f2 essere immerso in acqua.\u00a0<strong>acqua dolce<\/strong>\u00a0<strong>a profondit\u00e0 fino a un metro per un massimo di 30 minuti, a condizione che le protezioni terminali rimangano adeguatamente sigillate.<\/strong><\/p>\n<p><strong>Vi lasciamo qualche consiglio<\/strong>\u00a0<strong>per qualsiasi terminale con certificazione IP68<\/strong>:<\/p>\n<ul>\n<li>Non esporre lo smartphone IP68 a correnti d&#039;acqua come acqua del rubinetto, onde dell&#039;oceano o cascate.<\/li>\n<li>Se il tuo smartphone IP68 \u00e8 stato esposto ad acqua dolce, asciugalo accuratamente con un panno pulito e morbido.<\/li>\n<li>Se lo smartphone IP68 \u00e8 stato esposto a qualsiasi tipo di liquido diverso dall&#039;acqua dolce (ad esempio l&#039;acqua di mare), sciacquare immediatamente e delicatamente il dispositivo con acqua dolce e asciugarlo accuratamente con un panno morbido e pulito.<\/li>\n<li>In caso di dubbi sulla corretta chiusura delle protezioni.\u00a0<strong>NO\u00a0<\/strong>lo bagni.<\/li>\n<li>Sconsigliamo di effettuare test aggressivi per dimostrare la propria resistenza.<\/li>\n<li>Si sconsiglia di manipolare i pulsanti dell&#039;apparecchio in acqua.<\/li>\n<li>Si sconsiglia di immergere il dispositivo in acqua salata, poich\u00e9 la certificazione IP \u00e8 valida solo per l&#039;acqua dolce.<\/li>\n<\/ul>","protected":false},"excerpt":{"rendered":"<p>MediaTek Dimensity 7050<\/p>\n<p>12 GB + 12 GB di RAM 512 GB di ROM<\/p>\n<p>Android 13 \u2013 5G | 550 nit<\/p>\n<p>179,5*82,6*17 millimetri<\/p>\n<p>Schermo 6,78\u2033 Peso 385 g<\/p>\n<p>8800 mAh<\/p>\n<p>Cellulare robusto con NFC<\/p>","protected":false},"featured_media":8008,"comment_status":"closed","ping_status":"closed","template":"","meta":{"_acf_changed":false},"product_brand":[287],"product_cat":[349],"product_tag":[],"class_list":{"0":"post-7117","1":"product","2":"type-product","3":"status-publish","4":"has-post-thumbnail","6":"product_brand-blackview","7":"product_cat-sin-categoria","9":"first","10":"outofstock","11":"sale","12":"shipping-taxable","13":"purchasable","14":"product-type-variable"},"acf":[],"_links":{"self":[{"href":"https:\/\/blackviewphones.com\/it\/wp-json\/wp\/v2\/product\/7117","targetHints":{"allow":["GET"]}}],"collection":[{"href":"https:\/\/blackviewphones.com\/it\/wp-json\/wp\/v2\/product"}],"about":[{"href":"https:\/\/blackviewphones.com\/it\/wp-json\/wp\/v2\/types\/product"}],"replies":[{"embeddable":true,"href":"https:\/\/blackviewphones.com\/it\/wp-json\/wp\/v2\/comments?post=7117"}],"version-history":[{"count":0,"href":"https:\/\/blackviewphones.com\/it\/wp-json\/wp\/v2\/product\/7117\/revisions"}],"wp:featuredmedia":[{"embeddable":true,"href":"https:\/\/blackviewphones.com\/it\/wp-json\/wp\/v2\/media\/8008"}],"wp:attachment":[{"href":"https:\/\/blackviewphones.com\/it\/wp-json\/wp\/v2\/media?parent=7117"}],"wp:term":[{"taxonomy":"product_brand","embeddable":true,"href":"https:\/\/blackviewphones.com\/it\/wp-json\/wp\/v2\/product_brand?post=7117"},{"taxonomy":"product_cat","embeddable":true,"href":"https:\/\/blackviewphones.com\/it\/wp-json\/wp\/v2\/product_cat?post=7117"},{"taxonomy":"product_tag","embeddable":true,"href":"https:\/\/blackviewphones.com\/it\/wp-json\/wp\/v2\/product_tag?post=7117"}],"curies":[{"name":"wp","href":"https:\/\/api.w.org\/{rel}","templated":true}]}}