

{"id":7071,"date":"2025-04-07T13:28:37","date_gmt":"2025-04-07T11:28:37","guid":{"rendered":"https:\/\/blackviewphones.com\/?post_type=product&#038;p=7071"},"modified":"2026-03-27T14:06:42","modified_gmt":"2026-03-27T13:06:42","slug":"blackview-bv5300-plus-8-gb-di-ram-e-128-gb-di-rom","status":"publish","type":"product","link":"https:\/\/blackviewphones.com\/it\/product\/blackview-bv5300-plus-8-gb-ram-128-gb-rom\/","title":{"rendered":"Blackview BV5300 PLUS NFC | 24 GB di RAM 128 GB di ROM"},"content":{"rendered":"<h1>Blackview BV5300 Plus NFC | 24 GB di RAM + 128 GB di ROM<\/h1>\n<p>Nonostante la sua resistenza, il <strong>BV5300 Plus<\/strong> Non scende a compromessi sulle prestazioni. \u00c8 dotato di un processore Octa-Core. Questo telefono offre fino a 24 GB di RAM e 1 TB di memoria interna TF, garantendo un funzionamento fluido e la possibilit\u00e0 di eseguire app e giochi senza intoppi.<\/p>\n<p>Grazie alla batteria da 6580 mAh, il BV5300 Plus ti offre un&#039;autonomia sufficiente per tutto il giorno. Puoi utilizzare il tuo smartphone senza preoccuparti di rimanere senza batteria, anche quando non hai accesso a una presa di corrente.<\/p>\n<p>Non lasciare che nulla ti fermi e acquista subito il BV5300 Plus, un telefono cellulare robusto a un prezzo accessibile!<\/p>\n<h2 style=\"font-weight: 400;\"><strong>Resistenza estrema per qualsiasi ambiente<\/strong><\/h2>\n<p>Blackview BV5300 Plus \u00e8 il compagno ideale per gli amanti delle attivit\u00e0 all&#039;aria aperta e per chi lavora in ambienti difficili. Il suo design robusto soddisfa gli standard di resistenza IP68 e IP69K, rendendolo resistente all&#039;acqua, alla polvere e agli urti. Puoi immergerlo fino a 1,5 metri di profondit\u00e0 per 30 minuti senza preoccupazioni. Inoltre, \u00e8 progettato per resistere a cadute da altezze fino a 1,5 metri, offrendoti la massima tranquillit\u00e0 in qualsiasi situazione.<\/p>\n<p><strong><span style=\"font-size: 16px;\">IP68: COSA SI PU\u00d2 FARE E COSA NON SI PU\u00d2 FARE<\/span><\/strong><\/p>\n<p>Se un dispositivo \u00e8 certificato IP68, significa che pu\u00f2 essere immerso in acqua. <strong>acqua dolce<\/strong>\u00a0<strong>a profondit\u00e0 fino a un metro per un massimo di 30 minuti, a condizione che le protezioni terminali rimangano adeguatamente sigillate.<\/strong><\/p>\n<p><strong>Vi lasciamo qualche consiglio<\/strong>\u00a0<strong>per qualsiasi terminale con certificazione IP68<\/strong>:<\/p>\n<ul>\n<li>Non esporre lo smartphone IP68 a correnti d&#039;acqua come acqua del rubinetto, onde dell&#039;oceano o cascate.<\/li>\n<li>Inoltre, se il tuo smartphone IP68 \u00e8 stato esposto ad acqua dolce, asciugalo accuratamente con un panno pulito e morbido.<\/li>\n<li>Se lo smartphone IP68 \u00e8 stato esposto a qualsiasi tipo di liquido diverso dall&#039;acqua dolce (ad esempio l&#039;acqua di mare), sciacquare immediatamente il dispositivo con acqua dolce delicata e asciugarlo accuratamente con un panno morbido e pulito.<\/li>\n<li>In caso di dubbi sulla corretta chiusura delle protezioni.\u00a0<strong>NO\u00a0<\/strong>lo bagni.<\/li>\n<li>Evita test aggressivi per dimostrare la tua resistenza<\/li>\n<li>Si sconsiglia di manipolare i pulsanti dell&#039;apparecchio in acqua.<\/li>\n<li>Si raccomanda di NON immergere il dispositivo in acqua salata poich\u00e9 la certificazione IP \u00e8 valida solo per l&#039;acqua dolce.<\/li>\n<\/ul>","protected":false},"excerpt":{"rendered":"<p>MediaTek Helio G72<\/p>\n<p>8 GB + 8 GB di RAM 128 GB di ROM<\/p>\n<p>DokeOS 4.0 basato su Android 13<\/p>\n<p>161,5*77,6*15,0 millimetri<\/p>\n<p>Schermo 6.1\u2033 Peso 273 grammi<\/p>\n<p>6580 mAh<\/p>\n<p>Cellulare robusto con NFC<\/p>\n<div id=\"gtx-trans\" style=\"position: absolute; left: 342px; top: 276.99px;\">\n<div class=\"gtx-trans-icon\"><\/div>\n<\/div>","protected":false},"featured_media":4533,"comment_status":"closed","ping_status":"closed","template":"","meta":{"_acf_changed":false},"product_brand":[],"product_cat":[136,166],"product_tag":[],"class_list":{"0":"post-7071","1":"product","2":"type-product","3":"status-publish","4":"has-post-thumbnail","6":"product_cat-moviles-resistentes-rugerizados","7":"product_cat-moviles-resistentes-rugerizados-nuevos-modelos","9":"first","10":"outofstock","11":"sale","12":"shipping-taxable","13":"purchasable","14":"product-type-variable","15":"has-default-attributes"},"acf":[],"_links":{"self":[{"href":"https:\/\/blackviewphones.com\/it\/wp-json\/wp\/v2\/product\/7071","targetHints":{"allow":["GET"]}}],"collection":[{"href":"https:\/\/blackviewphones.com\/it\/wp-json\/wp\/v2\/product"}],"about":[{"href":"https:\/\/blackviewphones.com\/it\/wp-json\/wp\/v2\/types\/product"}],"replies":[{"embeddable":true,"href":"https:\/\/blackviewphones.com\/it\/wp-json\/wp\/v2\/comments?post=7071"}],"version-history":[{"count":0,"href":"https:\/\/blackviewphones.com\/it\/wp-json\/wp\/v2\/product\/7071\/revisions"}],"wp:featuredmedia":[{"embeddable":true,"href":"https:\/\/blackviewphones.com\/it\/wp-json\/wp\/v2\/media\/4533"}],"wp:attachment":[{"href":"https:\/\/blackviewphones.com\/it\/wp-json\/wp\/v2\/media?parent=7071"}],"wp:term":[{"taxonomy":"product_brand","embeddable":true,"href":"https:\/\/blackviewphones.com\/it\/wp-json\/wp\/v2\/product_brand?post=7071"},{"taxonomy":"product_cat","embeddable":true,"href":"https:\/\/blackviewphones.com\/it\/wp-json\/wp\/v2\/product_cat?post=7071"},{"taxonomy":"product_tag","embeddable":true,"href":"https:\/\/blackviewphones.com\/it\/wp-json\/wp\/v2\/product_tag?post=7071"}],"curies":[{"name":"wp","href":"https:\/\/api.w.org\/{rel}","templated":true}]}}