

{"id":7040,"date":"2025-04-04T16:03:10","date_gmt":"2025-04-04T15:03:10","guid":{"rendered":"https:\/\/blackviewphones.com\/?post_type=product&#038;p=7040"},"modified":"2026-04-08T12:44:24","modified_gmt":"2026-04-08T10:44:24","slug":"orologio-intelligente-blackview-x20","status":"publish","type":"product","link":"https:\/\/blackviewphones.com\/it\/prodotto\/orologio-intelligente-blackview-x20\/","title":{"rendered":"Blackview X20 \u2013 Orologio intelligente"},"content":{"rendered":"<h1>Blackview X20 \u2013 Orologio intelligente<\/h1>\n<p>Ti invitiamo a scoprire il nuovo Smartwatch Blackview, il Blackview X20 dotato di un cinturino in silicone flessibile per il massimo comfort. \u00c8 dotato di un display cristallino da 1,43&quot;, che ti consente di godere di una perfetta interazione visiva per visualizzare le notifiche delle chiamate o i promemoria, con una batteria da 380 mAh.<\/p>\n<h2>Il tuo miglior alleato per mantenerti in forma: oltre 100 modalit\u00e0 di allenamento<\/h2>\n<p>Dotato di oltre 100 modi per sudare, X20 \u00e8 pi\u00f9 di un semplice gadget: \u00e8 il tuo punto di riferimento per corse all&#039;aperto, sessioni di yoga e giri in bicicletta. Personalizza il tuo allenamento con informazioni su misura per un&#039;esperienza stimolante.<\/p>\n<h2>Completa i 3 anelli<\/h2>\n<p>Accelera i tuoi obiettivi quotidiani di movimento, consumo di calorie ed esercizio fisico con gli anelli di attivit\u00e0 avanzati di X20. Trasforma ogni giorno in una serie positiva di salute con aggiornamenti in tempo reale e premi che alimentano la tua passione.<\/p>\n<h2>Sogna pi\u00f9 profondamente, dormi meglio: monitoraggio scientifico del sonno<\/h2>\n<p>X20 esamina ogni aspetto della tua notte, dalle immersioni profonde nel mondo dei sogni agli episodi di sonno superficiale e di veglia, e ti guida nel cambiamento delle tue abitudini per ottenere notti da sogno.<\/p>\n<h2>Preparati, abbraccia il tuo ciclo: monitoraggio del ciclo<\/h2>\n<p>Gestisci il tuo ciclo mestruale in modo intuitivo con il monitoraggio del ciclo e ricevi promemoria tempestivi quando arriva il ciclo successivo, per essere sempre preparata.<\/p>","protected":false},"excerpt":{"rendered":"<p>Schermo da 1,43\u2033<\/p>\n<p><span style=\"font-size: 16px;\">\u03c645,5*10,9 millimetri<\/span><\/p>\n<p>49 grammi<\/p>\n<p>380 mAh<\/p>\n<p>Modalit\u00e0 Sport<\/p>\n<p>Monitoraggio del ciclo + ossigeno e cardiofrequenzimetro<\/p>","protected":false},"featured_media":4743,"comment_status":"open","ping_status":"closed","template":"","meta":{"_acf_changed":false},"product_brand":[287],"product_cat":[154,159,90],"product_tag":[],"class_list":{"0":"post-7040","1":"product","2":"type-product","3":"status-publish","4":"has-post-thumbnail","6":"product_brand-blackview","7":"product_cat-accesorios-blackview","8":"product_cat-ofertas","9":"product_cat-smartwatch","11":"first","12":"instock","13":"sale","14":"shipping-taxable","15":"purchasable","16":"product-type-variable","17":"has-default-attributes"},"acf":[],"_links":{"self":[{"href":"https:\/\/blackviewphones.com\/it\/wp-json\/wp\/v2\/product\/7040","targetHints":{"allow":["GET"]}}],"collection":[{"href":"https:\/\/blackviewphones.com\/it\/wp-json\/wp\/v2\/product"}],"about":[{"href":"https:\/\/blackviewphones.com\/it\/wp-json\/wp\/v2\/types\/product"}],"replies":[{"embeddable":true,"href":"https:\/\/blackviewphones.com\/it\/wp-json\/wp\/v2\/comments?post=7040"}],"version-history":[{"count":0,"href":"https:\/\/blackviewphones.com\/it\/wp-json\/wp\/v2\/product\/7040\/revisions"}],"wp:featuredmedia":[{"embeddable":true,"href":"https:\/\/blackviewphones.com\/it\/wp-json\/wp\/v2\/media\/4743"}],"wp:attachment":[{"href":"https:\/\/blackviewphones.com\/it\/wp-json\/wp\/v2\/media?parent=7040"}],"wp:term":[{"taxonomy":"product_brand","embeddable":true,"href":"https:\/\/blackviewphones.com\/it\/wp-json\/wp\/v2\/product_brand?post=7040"},{"taxonomy":"product_cat","embeddable":true,"href":"https:\/\/blackviewphones.com\/it\/wp-json\/wp\/v2\/product_cat?post=7040"},{"taxonomy":"product_tag","embeddable":true,"href":"https:\/\/blackviewphones.com\/it\/wp-json\/wp\/v2\/product_tag?post=7040"}],"curies":[{"name":"wp","href":"https:\/\/api.w.org\/{rel}","templated":true}]}}