

{"id":6995,"date":"2025-04-04T08:12:39","date_gmt":"2025-04-04T07:12:39","guid":{"rendered":"https:\/\/blackviewphones.com\/?post_type=product&#038;p=6995"},"modified":"2026-01-19T12:48:47","modified_gmt":"2026-01-19T11:48:47","slug":"smartwatch-blackview-r60","status":"publish","type":"product","link":"https:\/\/blackviewphones.com\/it\/product\/blackview-r60-smartwatch\/","title":{"rendered":"Blackview R60 \u2013 Orologio intelligente"},"content":{"rendered":"<h1>Blackview R60 \u2013 Orologio intelligente<\/h1>\n<p>Il Blackview R60 si distingue dagli altri smartwatch sportivi grazie al suo enorme display AMOLED da 1,96 pollici, pi\u00f9 grande e nitido grazie alla luminosit\u00e0 fino a 800 nit. Inoltre, dispone di oltre 125 modalit\u00e0 sportive, certificazione IP68(*) di resistenza all&#039;acqua e alla polvere e vari sensori per monitorare la tua salute fisica. Realizzato con telaio in lega di alluminio trattato con sofisticata artigianalit\u00e0, compatibile con dispositivi Android e iOS(*). Il Blackview R60 offre una finitura lucida e una sensazione di alta qualit\u00e0.<\/p>\n<p><strong>Rispondi rapidamente alle chiamate<\/strong><\/p>\n<p>Questo smartwatch \u00e8 dotato di Bluetooth dual-mode che ti consente di associare facilmente la connessione al tuo dispositivo. Il nuovo Blackview R60 ti consente di effettuare chiamate dal polso grazie al microfono e all&#039;altoparlante. Permette inoltre di controllarlo tramite comando vocale ed \u00e8 compatibile con vari sistemi, come Siri, Google Assistant e molti altri. Permette anche di rispondere alle chiamate mentre si pratica sport.<\/p>\n<p><strong>Fino a 25 giorni di durata della batteria, Rugged Panda Glass e certificazione IP68<\/strong><\/p>\n<p>Con il tuo R60 avrai a disposizione la batteria da 800 mAh pi\u00f9 grande di sempre, con un&#039;autonomia di 10 giorni di utilizzo tipico. Inoltre, con una sola carica puoi avere fino a 25 giorni di durata della batteria. Inoltre, \u00e8 dotato di uno schermo Rugged Panda Glass. Lo smartwatch R60 ha superato la scala di durezza Mohs al livello 7, garantendo una tranquillit\u00e0 assoluta. Dispone inoltre della certificazione IP68 e di una funzione che consente di drenare l&#039;acqua residua.<\/p>\n<p><strong>800 nit di luminosit\u00e0<\/strong><\/p>\n<p>Che ci si crogioli sotto i raggi dorati del sole o che si passeggi tra le ombre della sera, il display della R60 rimane sempre cristallino. Grazie alla luminosit\u00e0 regolabile da 800 nit, ogni momento sar\u00e0 catturato con la massima nitidezza, senza i capricci della luce e dell&#039;oscurit\u00e0.<\/p>\n<p><strong>Monitoraggio dell&#039;attivit\u00e0 giornaliera con il tuo R60<\/strong><\/p>\n<p>Tieni traccia della tua routine di allenamento senza sforzo grazie al monitoraggio dell&#039;attivit\u00e0 giornaliera. Tieni traccia dei tuoi passi, della frequenza cardiaca, delle calorie bruciate e altro ancora per restare motivato e raggiungere i tuoi obiettivi di salute.<\/p>\n<p><strong> Ambiente con la torcia ultra-large R60<\/strong><\/p>\n<p>Illumina l&#039;ambiente circostante con la torcia R60 ultra-grande e ultra-luminosa, che fornisce una luce ad alta intensit\u00e0 per ogni situazione, dalle escursioni notturne alle situazioni di emergenza, garantendo la massima visibilit\u00e0 e sicurezza. Non restare mai pi\u00f9 intrappolato nell&#039;oscurit\u00e0.<\/p>\n<p><strong>*IP68 \u00e8 un grado di protezione dalla penetrazione di acqua della Commissione elettrotecnica internazionale (IEC) che indica il livello di protezione fornito da un involucro contro l&#039;intrusione di particelle solide (come la polvere) e liquidi (come l&#039;acqua). 6 significa che \u00e8 completamente a prova di polvere. 8 significa che pu\u00f2 rimanere immerso in acqua per un certo periodo di tempo. R60 \u00e8 testato per resistere all&#039;immersione fino a 1,5 metri sott&#039;acqua. Tuttavia, consigliamo di utilizzare questo dispositivo con moderazione e di non immergerlo mai in acqua salata.<\/strong><\/p>\n<p>*Compatibile con dispositivi Android con Android 9.0 o versione successiva e dispositivi iOS con iOS 9.0 o versione successiva.<\/p>","protected":false},"excerpt":{"rendered":"<div class=\"woocommerce-product-details__short-description\">\n<p>Schermo da 1,96\u2033<\/p>\n<p>Design simile all&#039;Apple Watch<\/p>\n<p>\u03c6 47,5*39,09*11,9 mm<\/p>\n<p>28,2 g (orologio) + 14,6 g (cinturino in silicone)<\/p>\n<p>800 mAh<\/p>\n<p>Modalit\u00e0 Sport<\/p>\n<p>Controllo remoto della fotocamera e localizzazione del telefono<br \/>\nMonitoraggio del ciclo femminile<br \/>\nCompatibile con gli assistenti vocali: Siri o Google Assistant<\/p>\n<\/div>","protected":false},"featured_media":7001,"comment_status":"open","ping_status":"closed","template":"","meta":{"_acf_changed":false},"product_brand":[],"product_cat":[349],"product_tag":[],"class_list":{"0":"post-6995","1":"product","2":"type-product","3":"status-publish","4":"has-post-thumbnail","6":"product_cat-sin-categoria","8":"first","9":"outofstock","10":"sale","11":"shipping-taxable","12":"purchasable","13":"product-type-variable"},"acf":[],"_links":{"self":[{"href":"https:\/\/blackviewphones.com\/it\/wp-json\/wp\/v2\/product\/6995","targetHints":{"allow":["GET"]}}],"collection":[{"href":"https:\/\/blackviewphones.com\/it\/wp-json\/wp\/v2\/product"}],"about":[{"href":"https:\/\/blackviewphones.com\/it\/wp-json\/wp\/v2\/types\/product"}],"replies":[{"embeddable":true,"href":"https:\/\/blackviewphones.com\/it\/wp-json\/wp\/v2\/comments?post=6995"}],"version-history":[{"count":0,"href":"https:\/\/blackviewphones.com\/it\/wp-json\/wp\/v2\/product\/6995\/revisions"}],"wp:featuredmedia":[{"embeddable":true,"href":"https:\/\/blackviewphones.com\/it\/wp-json\/wp\/v2\/media\/7001"}],"wp:attachment":[{"href":"https:\/\/blackviewphones.com\/it\/wp-json\/wp\/v2\/media?parent=6995"}],"wp:term":[{"taxonomy":"product_brand","embeddable":true,"href":"https:\/\/blackviewphones.com\/it\/wp-json\/wp\/v2\/product_brand?post=6995"},{"taxonomy":"product_cat","embeddable":true,"href":"https:\/\/blackviewphones.com\/it\/wp-json\/wp\/v2\/product_cat?post=6995"},{"taxonomy":"product_tag","embeddable":true,"href":"https:\/\/blackviewphones.com\/it\/wp-json\/wp\/v2\/product_tag?post=6995"}],"curies":[{"name":"wp","href":"https:\/\/api.w.org\/{rel}","templated":true}]}}