

{"id":6836,"date":"2025-03-14T09:46:03","date_gmt":"2025-03-14T08:46:03","guid":{"rendered":"https:\/\/blackviewphones.com\/?post_type=product&#038;p=6836"},"modified":"2025-12-12T08:42:31","modified_gmt":"2025-12-12T07:42:31","slug":"tablet-blackview-active-8-12-gb-6gb6gb-ram-128-gb-rom","status":"publish","type":"product","link":"https:\/\/blackviewphones.com\/it\/product\/tablet-blackview-active-8-12-gb-6gb6gb-ram-128-gb-rom\/","title":{"rendered":"Tablet Blackview Active 8 da 10,4 pollici | 12 GB (6 GB + 6 GB) di RAM 128 GB di ROM"},"content":{"rendered":"<h1>Tablet Blackview Active 8 da 10,4 pollici | 6+6 GB di RAM 128 GB di ROM<\/h1>\n<p>Scopri il nuovo Tablet Blackview, il <strong>Tablet Active 8<\/strong> Con uno schermo da 10,4&quot;, \u00e8 pi\u00f9 resistente e pi\u00f9 efficiente. \u00c8 un tablet ultrasottile da 16,8 mm, con un <strong>Batteria da 22000 mAh<\/strong>, <strong>Ricarica rapida da 33 W <\/strong>e ricarica inversa, che consente fino a 1440 ore di standby e con sistema operativo <strong>Androide 13.\u00a0<\/strong><\/p>\n<p>Un tablet dallo stile robusto e dal peso di 976 grammi, con <strong>Certificazione IP68 e IP69K<\/strong> e presenta un cinturino in pelle imbottito facile da usare. L&#039;Active 8 ha<strong> 6 GB di RAM<\/strong> E <strong>128 GB di ROM, <\/strong>Dispone di ricarica inversa. Inoltre, \u00e8 possibile adattare una tastiera wireless per un utilizzo migliore. Pertanto \u00e8 ideale per lavoro, studio o svago.<\/p>\n<h2>Caratteristiche generali Blackview Active 8<\/h2>\n<table>\n<tbody>\n<tr>\n<td><strong>Schermo:<\/strong><\/td>\n<td>Schermo FHD+ IPS 2.4K da 10,36 pollici<\/td>\n<\/tr>\n<tr>\n<td><strong>Processore:<\/strong><\/td>\n<td>Octa Core Unisoc T616<\/td>\n<\/tr>\n<tr>\n<td><strong>PROCESSORE:<\/strong><\/td>\n<td>2* Cortex-A75 (2,0 GHz)<br \/>\n6* Cortex-A55 (1,8 GHz)<\/td>\n<\/tr>\n<tr>\n<td><strong>Scheda grafica:<\/strong><\/td>\n<td>Arm Mali-G57 650 MHz<\/td>\n<\/tr>\n<tr>\n<td><strong>Display:<\/strong><\/td>\n<td>Rapporto schermo-corpo 78,9%<\/td>\n<\/tr>\n<tr>\n<td><strong>Sistema operativo:<\/strong><\/td>\n<td>DokeOS_P 3.0 Basato su Android 13<\/td>\n<\/tr>\n<tr>\n<td><strong>Dimensioni:<\/strong><\/td>\n<td>256,3*165,8*16,8 millimetri<\/td>\n<\/tr>\n<tr>\n<td><strong>Peso:<\/strong><\/td>\n<td>976 grammi<\/td>\n<\/tr>\n<tr>\n<td><strong>IPP:<\/strong><\/td>\n<td>225<\/td>\n<\/tr>\n<tr>\n<td><strong>Luminosit\u00e0 (cd\/cm2):<\/strong><\/td>\n<td>400 min cd\/m\u00b2<\/td>\n<\/tr>\n<tr>\n<td><strong>Audio:<\/strong><\/td>\n<td>1338 2 pezzi; Altoparlanti BOX<\/td>\n<\/tr>\n<tr>\n<td><strong>Durata della batteria:<\/strong><\/td>\n<td>22.000 mAh con ricarica rapida da 33 W<\/td>\n<\/tr>\n<tr>\n<td><strong>Memoria RAM:<\/strong><\/p>\n<p><strong>ROM:<\/strong><\/td>\n<td>6 GB espandibili fino a 12 GB<\/p>\n<p>128 GB espandibile fino a 1 TB<\/td>\n<\/tr>\n<tr>\n<td><strong>Fotocamera frontale:<\/strong><\/p>\n<p><strong>Telecamera posteriore:<\/strong><\/td>\n<td>Sensore SK Hynix\u00ae HI-1634Q da 16 Mpx<\/p>\n<p>Sensore SK Hynix\u00ae HI-1336 da 13 Mpx<\/td>\n<\/tr>\n<tr>\n<td><strong>Navigazione:<\/strong><\/td>\n<td>GPS+Glonass+Beidou+Galileo<\/td>\n<\/tr>\n<tr>\n<td><b>Risposta:<\/b><\/td>\n<td>289839<\/td>\n<\/tr>\n<tr>\n<td><b>NFC:<\/b><\/td>\n<td>NO<\/td>\n<\/tr>\n<tr>\n<td><b>Wifi:<\/b><\/td>\n<td>802.11a\/b\/g\/n\/ac (2.4G\/5G)<\/td>\n<\/tr>\n<tr>\n<td><b>Doppia SIM:<\/b><\/td>\n<td>S\u00ec (2 schede SIM o una scheda TF fino a 1 TB)<\/td>\n<\/tr>\n<tr>\n<td><strong>Altre caratteristiche:<\/strong><\/td>\n<td>\n<ul>\n<li>Ricarica intelligente<\/li>\n<li>Supporto per la ricarica inversa<\/li>\n<li>Due subwoofer<\/li>\n<li>3 modalit\u00e0: modalit\u00e0 lettura, luce notturna, modalit\u00e0 scura<\/li>\n<li>Sblocco facciale<\/li>\n<li>Precaricamento intelligente<\/li>\n<li>Tecnologia di gioco MediaTek HyperEngine 2.0 Lite<\/li>\n<li>Modalit\u00e0 PC<\/li>\n<\/ul>\n<\/td>\n<\/tr>\n<tr>\n<td><strong>Contenuto della confezione:<\/strong><\/td>\n<td>Attivo 8<\/p>\n<p>Cavo di ricarica<\/p>\n<p>Penna stilo gratuita<\/p>\n<p>Manuale d&#039;uso<\/p>\n<p>&nbsp;<\/td>\n<\/tr>\n<\/tbody>\n<\/table>\n<p><strong>Connettivit\u00e0<\/strong><\/p>\n<p style=\"font-weight: 400;\">Bande 2G: 850\/900\/1800\/1900<br \/>\nBande 3G: WCDMA1\/8<br \/>\nBande 4G: LTE_FDD: B1\/3\/7\/8\/20<br \/>\nLTE-TDD:B34\/38\/39\/40\/41<\/p>\n<h2 data-spm-anchor-id=\"a2g0o.detail.1000023.i7.388c274d1UTStG\"><strong>Perch\u00e9 acquistare Blackview Active 8?<\/strong><\/h2>\n<ul>\n<li>Grazie alla certificazione IP68 e IP69K, se stai cercando un tablet resistente e robusto.<\/li>\n<li>Se cerchi una batteria a lunga durata, questo tablet offre una gigantesca batteria allo stato solido.<\/li>\n<li>Se lavori spesso in ambienti con temperature comprese tra -40\u00b0C e +60\u00b0C, questo tablet \u00e8 la soluzione ideale per te.<\/li>\n<li>Progettato per resistere a: pioggia, sabbia, polvere, vibrazioni, urti, accelerazioni, alte temperature, basse temperature, umidit\u00e0, altitudine e immersione.<\/li>\n<li>Hai bisogno di un tablet che possa essere utilizzato come supporto per la ricarica inversa.<\/li>\n<li>Se preferisci un tablet con buone funzionalit\u00e0 audio: modalit\u00e0 Smart, modalit\u00e0 film, modalit\u00e0 gioco e modalit\u00e0 vocale.<\/li>\n<li>Multifunzionale: consente di eseguire diverse attivit\u00e0 in pi\u00f9 finestre contemporaneamente.<\/li>\n<li>\u00c8 un tablet certificato T\u00dcV S\u00dcD.<\/li>\n<\/ul>\n<h2><span style=\"font-size: 16px;\">IP68: COSA SI PU\u00d2 FARE E COSA NON SI PU\u00d2 FARE<\/span><\/h2>\n<p>Se un dispositivo \u00e8 certificato IP68, significa che pu\u00f2 essere immerso in acqua. <strong>acqua dolce<\/strong>\u00a0<strong>a profondit\u00e0 fino a un metro per un massimo di 30 minuti, a condizione che le protezioni terminali rimangano adeguatamente sigillate.<\/strong><\/p>\n<p><strong>Vi lasciamo qualche consiglio<\/strong>\u00a0<strong>per qualsiasi terminale con certificazione IP68<\/strong>:<\/p>\n<ul>\n<li>Non esporre lo smartphone IP68 a correnti d&#039;acqua come acqua del rubinetto, onde dell&#039;oceano o cascate.<\/li>\n<li>Inoltre, se il tuo smartphone IP68 \u00e8 stato esposto ad acqua dolce, asciugalo accuratamente con un panno pulito e morbido.<\/li>\n<li>Se lo smartphone IP68 \u00e8 stato esposto a qualsiasi tipo di liquido diverso dall&#039;acqua dolce (ad esempio l&#039;acqua di mare), sciacquare immediatamente il dispositivo con acqua dolce delicata e asciugarlo accuratamente con un panno morbido e pulito.<\/li>\n<li>In caso di dubbi sulla corretta chiusura delle protezioni.\u00a0<strong>NO\u00a0<\/strong>lo bagni.<\/li>\n<li>Evita test aggressivi per dimostrare la tua resistenza<\/li>\n<li>Si sconsiglia di manipolare i pulsanti dell&#039;apparecchio in acqua.<\/li>\n<li>Si raccomanda di NON immergere il dispositivo in acqua salata poich\u00e9 la certificazione IP \u00e8 valida solo per l&#039;acqua dolce.<\/li>\n<\/ul>\n<p>&nbsp;<\/p>","protected":false},"excerpt":{"rendered":"<h3><\/h3>\n<h2><\/h2>","protected":false},"featured_media":8350,"comment_status":"closed","ping_status":"closed","template":"","meta":{"_acf_changed":false},"product_brand":[],"product_cat":[349],"product_tag":[],"class_list":{"0":"post-6836","1":"product","2":"type-product","3":"status-publish","4":"has-post-thumbnail","6":"product_cat-sin-categoria","8":"first","9":"outofstock","10":"sale","11":"shipping-taxable","12":"purchasable","13":"product-type-variable","14":"has-default-attributes"},"acf":[],"_links":{"self":[{"href":"https:\/\/blackviewphones.com\/it\/wp-json\/wp\/v2\/product\/6836","targetHints":{"allow":["GET"]}}],"collection":[{"href":"https:\/\/blackviewphones.com\/it\/wp-json\/wp\/v2\/product"}],"about":[{"href":"https:\/\/blackviewphones.com\/it\/wp-json\/wp\/v2\/types\/product"}],"replies":[{"embeddable":true,"href":"https:\/\/blackviewphones.com\/it\/wp-json\/wp\/v2\/comments?post=6836"}],"version-history":[{"count":0,"href":"https:\/\/blackviewphones.com\/it\/wp-json\/wp\/v2\/product\/6836\/revisions"}],"wp:featuredmedia":[{"embeddable":true,"href":"https:\/\/blackviewphones.com\/it\/wp-json\/wp\/v2\/media\/8350"}],"wp:attachment":[{"href":"https:\/\/blackviewphones.com\/it\/wp-json\/wp\/v2\/media?parent=6836"}],"wp:term":[{"taxonomy":"product_brand","embeddable":true,"href":"https:\/\/blackviewphones.com\/it\/wp-json\/wp\/v2\/product_brand?post=6836"},{"taxonomy":"product_cat","embeddable":true,"href":"https:\/\/blackviewphones.com\/it\/wp-json\/wp\/v2\/product_cat?post=6836"},{"taxonomy":"product_tag","embeddable":true,"href":"https:\/\/blackviewphones.com\/it\/wp-json\/wp\/v2\/product_tag?post=6836"}],"curies":[{"name":"wp","href":"https:\/\/api.w.org\/{rel}","templated":true}]}}