

{"id":6794,"date":"2025-03-14T09:42:44","date_gmt":"2025-03-14T08:42:44","guid":{"rendered":"https:\/\/blackviewphones.com\/?post_type=product&#038;p=6794"},"modified":"2026-04-28T10:14:35","modified_gmt":"2026-04-28T08:14:35","slug":"tablet-blackview-active-8-pro-16-gb-ram-256-gb-rom","status":"publish","type":"product","link":"https:\/\/blackviewphones.com\/it\/product\/tablet-blackview-active-8-pro-16-gb-ram-256-gb-rom\/","title":{"rendered":"Tablet Blackview Active 8 Pro | 16 GB di RAM 256 GB di ROM"},"content":{"rendered":"<h1>Tablet Blackview Active 8 Pro | 16 GB di RAM 256 GB di ROM<\/h1>\n<p>Scopri il nuovo Tablet Blackview, il <strong>Scheda attiva 8 Pro<\/strong> con 10,4\u2033, m\u00e1s resistente, con mayor eficiencia. Es una tablet ultradelgada de 16,8 mm, con una <strong>Batteria da 22000 mAh<\/strong>, <strong>Ricarica rapida da 33 W <\/strong>che ti consente fino a 1440 ore di standby e con sistema operativo <strong>Androide 14.\u00a0<\/strong><\/p>\n<p>Un tablet dallo stile robusto e dal peso di 973 grammi, con <strong>Certificazione IP68 e IP69K<\/strong> ed \u00e8 dotato di un cinturino in pelle imbottito facile da usare. L&#039;Active 8 Pro ha<strong>\u00a08 GB di RAM<\/strong> E <strong>256 GB di ROM. <\/strong>Inoltre, una tastiera wireless pu\u00f2 essere adattata per un utilizzo migliore. Pertanto \u00e8 ideale per lavoro, studio o svago.<\/p>\n<h2 data-spm-anchor-id=\"a2g0o.detail.1000023.i7.388c274d1UTStG\"><strong>Perch\u00e9 acquistare Blackview Active 8 Pro?<\/strong><\/h2>\n<ul>\n<li>Grazie alla certificazione IP68 e IP69K, se stai cercando un tablet resistente e robusto.<\/li>\n<li>Se cerchi una batteria a lunga durata, questo tablet offre una gigantesca batteria allo stato solido.<\/li>\n<li>Se lavori spesso in ambienti con temperature comprese tra -40\u00b0C e +60\u00b0C, questo tablet \u00e8 la soluzione ideale per te.<\/li>\n<li>Progettato per resistere a: pioggia, sabbia, polvere, vibrazioni, urti, accelerazioni, alte temperature, basse temperature, umidit\u00e0, altitudine e immersione.<\/li>\n<li>Hai bisogno di un tablet che puoi usare come supporto per la ricarica inversa.<\/li>\n<li>Se preferisci un tablet con buone funzionalit\u00e0 audio: modalit\u00e0 Smart, modalit\u00e0 film, modalit\u00e0 gioco e modalit\u00e0 vocale.<\/li>\n<li>Multifunzionale: consente di eseguire diverse attivit\u00e0 in pi\u00f9 finestre contemporaneamente.<\/li>\n<li>Si tratta di un tablet con certificazione T\u00dcV Rheinland per le basse emissioni di luce blu.<\/li>\n<li>Include una penna stilo (puntatore)<\/li>\n<\/ul>\n<h2><span style=\"font-size: 16px;\">IP68: COSA SI PU\u00d2 FARE E COSA NON SI PU\u00d2 FARE<\/span><\/h2>\n<p>Se un dispositivo \u00e8 certificato IP68, significa che pu\u00f2 essere immerso in acqua. <strong>acqua dolce<\/strong>\u00a0<strong>a profondit\u00e0 fino a un metro per un massimo di 30 minuti, a condizione che le protezioni terminali rimangano adeguatamente sigillate.<\/strong><\/p>\n<p><strong>Vi lasciamo qualche consiglio<\/strong>\u00a0<strong>per qualsiasi terminale con certificazione IP68<\/strong>:<\/p>\n<ul>\n<li>Non esporre lo smartphone IP68 a correnti d&#039;acqua come acqua del rubinetto, onde dell&#039;oceano o cascate.<\/li>\n<li>Inoltre, se il tuo smartphone IP68 \u00e8 stato esposto ad acqua dolce, asciugalo accuratamente con un panno pulito e morbido.<\/li>\n<li>Se lo smartphone IP68 \u00e8 stato esposto a qualsiasi tipo di liquido diverso dall&#039;acqua dolce (ad esempio l&#039;acqua di mare), sciacquare immediatamente il dispositivo con acqua dolce delicata e asciugarlo accuratamente con un panno morbido e pulito.<\/li>\n<li>In caso di dubbi sulla corretta chiusura delle protezioni.\u00a0<strong>NO\u00a0<\/strong>lo bagni.<\/li>\n<li>Evita test aggressivi per dimostrare la tua resistenza<\/li>\n<li>Si sconsiglia di manipolare i pulsanti dell&#039;apparecchio in acqua.<\/li>\n<li>Si raccomanda di NON immergere il dispositivo in acqua salata poich\u00e9 la certificazione IP \u00e8 valida solo per l&#039;acqua dolce.<\/li>\n<\/ul>\n<p>\u00a0<\/p>","protected":false},"excerpt":{"rendered":"<p>Tablet robusto NFC (supporta la scheda SIM)<br \/>\nMediaTek Helio G99<br \/>\nAndroid 14 | 22.000 mAh<br \/>\n256,3 millimetri*165,8 millimetri*16,8 millimetri<br \/>\nPeso 976 g<br \/>\nSchermo da 10,36\u2033 | 400 lendini<br \/>\n8 GB + 8 GB di RAM 256 GB di ROM<\/p>","protected":false},"featured_media":12602,"comment_status":"closed","ping_status":"closed","template":"","meta":{"_acf_changed":false},"product_brand":[287],"product_cat":[159,95,281],"product_tag":[308],"class_list":{"0":"post-6794","1":"product","2":"type-product","3":"status-publish","4":"has-post-thumbnail","6":"product_brand-blackview","7":"product_cat-ofertas","8":"product_cat-tablets-blackview","9":"product_cat-tablets-blackview-tablets-resistentes-blackview","10":"product_tag-nfc","12":"first","13":"instock","14":"sale","15":"shipping-taxable","16":"purchasable","17":"product-type-variable","18":"has-default-attributes"},"acf":[],"_links":{"self":[{"href":"https:\/\/blackviewphones.com\/it\/wp-json\/wp\/v2\/product\/6794","targetHints":{"allow":["GET"]}}],"collection":[{"href":"https:\/\/blackviewphones.com\/it\/wp-json\/wp\/v2\/product"}],"about":[{"href":"https:\/\/blackviewphones.com\/it\/wp-json\/wp\/v2\/types\/product"}],"replies":[{"embeddable":true,"href":"https:\/\/blackviewphones.com\/it\/wp-json\/wp\/v2\/comments?post=6794"}],"version-history":[{"count":0,"href":"https:\/\/blackviewphones.com\/it\/wp-json\/wp\/v2\/product\/6794\/revisions"}],"wp:featuredmedia":[{"embeddable":true,"href":"https:\/\/blackviewphones.com\/it\/wp-json\/wp\/v2\/media\/12602"}],"wp:attachment":[{"href":"https:\/\/blackviewphones.com\/it\/wp-json\/wp\/v2\/media?parent=6794"}],"wp:term":[{"taxonomy":"product_brand","embeddable":true,"href":"https:\/\/blackviewphones.com\/it\/wp-json\/wp\/v2\/product_brand?post=6794"},{"taxonomy":"product_cat","embeddable":true,"href":"https:\/\/blackviewphones.com\/it\/wp-json\/wp\/v2\/product_cat?post=6794"},{"taxonomy":"product_tag","embeddable":true,"href":"https:\/\/blackviewphones.com\/it\/wp-json\/wp\/v2\/product_tag?post=6794"}],"curies":[{"name":"wp","href":"https:\/\/api.w.org\/{rel}","templated":true}]}}