

{"id":6764,"date":"2025-03-14T09:40:25","date_gmt":"2025-03-14T08:40:25","guid":{"rendered":"https:\/\/blackviewphones.com\/?post_type=product&#038;p=6764"},"modified":"2026-04-03T10:54:25","modified_gmt":"2026-04-03T08:54:25","slug":"cuffie-bluetooth-blackview-airbuds-4-5-3-2","status":"publish","type":"product","link":"https:\/\/blackviewphones.com\/it\/prodotto\/cuffie-bluetooth-blackview-airbuds-4-5-3-2\/","title":{"rendered":"Blackview Airbuds 4 \u2013 Cuffie Bluetooth 5.3"},"content":{"rendered":"<h1>Blackview Airbuds 4 \u2013 Cuffie Bluetooth 5.3<\/h1>\n<p>Gli AirBuds 4 combinano un design compatto ed ergonomico con eccellenti prestazioni audio. La loro struttura leggera, con un peso di soli 4,2 g per auricolare, garantisce un comfort ideale per tutto il giorno. La loro vestibilit\u00e0 sicura \u00e8 perfetta per le attivit\u00e0 sportive o per un uso prolungato. Disponibili nei colori Obsidian Black e Pearl White, si collegano facilmente ai tuoi dispositivi Android o iOS tramite Bluetooth 5.3 per un accoppiamento senza problemi. Dotati di driver dinamici da 13 mm, gli AirBuds 4 offrono un suono potente e bilanciato su una gamma di frequenze da 20 Hz a 20 kHz. Sono inoltre dotati di codec SBC e resistenza all&#039;acqua IPX7, che li rende adatti per allenamenti intensi o piogge leggere. La batteria da 35 mAh in ciascun auricolare offre fino a 6 ore di riproduzione per carica e la custodia da 400 mAh estende la durata totale della batteria a ben 36 ore.<\/p>\n<p>&nbsp;<\/p>","protected":false},"excerpt":{"rendered":"<p data-start=\"99\" data-end=\"118\"><strong>Airbuds ergonomici<\/strong><\/p>\n<p data-start=\"120\" data-end=\"168\"><strong>Peso:<\/strong> Auricolari \u2013 4,2 g | Custodia di ricarica \u2013 30,5 g<\/p>\n<p data-start=\"170\" data-end=\"185\">Driver: \u03a6 13 mm<\/p>\n<p data-start=\"187\" data-end=\"201\"><strong>Bluetooth:<\/strong> 5.3<\/p>\n<p data-start=\"203\" data-end=\"238\"><strong>Riduzione del rumore:<\/strong> non specificato<\/p>\n<p data-start=\"240\" data-end=\"262\"><strong>Custodia di ricarica:<\/strong> 400 mAh<\/p>","protected":false},"featured_media":12942,"comment_status":"closed","ping_status":"closed","template":"","meta":{"_acf_changed":false},"product_brand":[],"product_cat":[156,154],"product_tag":[],"class_list":{"0":"post-6764","1":"product","2":"type-product","3":"status-publish","4":"has-post-thumbnail","6":"product_cat-accesorios-blackview-auriculares","7":"product_cat-accesorios-blackview","9":"first","10":"instock","11":"sale","12":"shipping-taxable","13":"purchasable","14":"product-type-variable","15":"has-default-attributes"},"acf":[],"_links":{"self":[{"href":"https:\/\/blackviewphones.com\/it\/wp-json\/wp\/v2\/product\/6764","targetHints":{"allow":["GET"]}}],"collection":[{"href":"https:\/\/blackviewphones.com\/it\/wp-json\/wp\/v2\/product"}],"about":[{"href":"https:\/\/blackviewphones.com\/it\/wp-json\/wp\/v2\/types\/product"}],"replies":[{"embeddable":true,"href":"https:\/\/blackviewphones.com\/it\/wp-json\/wp\/v2\/comments?post=6764"}],"version-history":[{"count":0,"href":"https:\/\/blackviewphones.com\/it\/wp-json\/wp\/v2\/product\/6764\/revisions"}],"wp:featuredmedia":[{"embeddable":true,"href":"https:\/\/blackviewphones.com\/it\/wp-json\/wp\/v2\/media\/12942"}],"wp:attachment":[{"href":"https:\/\/blackviewphones.com\/it\/wp-json\/wp\/v2\/media?parent=6764"}],"wp:term":[{"taxonomy":"product_brand","embeddable":true,"href":"https:\/\/blackviewphones.com\/it\/wp-json\/wp\/v2\/product_brand?post=6764"},{"taxonomy":"product_cat","embeddable":true,"href":"https:\/\/blackviewphones.com\/it\/wp-json\/wp\/v2\/product_cat?post=6764"},{"taxonomy":"product_tag","embeddable":true,"href":"https:\/\/blackviewphones.com\/it\/wp-json\/wp\/v2\/product_tag?post=6764"}],"curies":[{"name":"wp","href":"https:\/\/api.w.org\/{rel}","templated":true}]}}