

{"id":6709,"date":"2025-03-14T09:36:58","date_gmt":"2025-03-14T08:36:58","guid":{"rendered":"https:\/\/blackviewphones.com\/?post_type=product&#038;p=6709"},"modified":"2026-04-30T15:21:14","modified_gmt":"2026-04-30T13:21:14","slug":"blackview-bv5300-pro-4gb-ram-64gb-rom","status":"publish","type":"product","link":"https:\/\/blackviewphones.com\/it\/product\/blackview-bv5300-pro-4gb-ram-64gb-rom\/","title":{"rendered":"Blackview BV5300 PRO | 12 GB di RAM (4 GB + 8 GB) 64 GB di ROM"},"content":{"rendered":"<h1>Blackview BV5300 PRO | 12 GB di RAM (4 GB + 8 GB) + 64 GB di ROM<\/h1>\n<p><strong><span style=\"color: #0000ff;\">Le spedizioni inizieranno il 12\/05\/2026<\/span><\/strong><\/p>\n<p><strong><span style=\"color: #0000ff;\">PREZZO SPECIALE IN PREORDINE CON DATA DI SPEDIZIONE POSTICIPATA. NON DISPONIBILE PER LA SPEDIZIONE PRIMA DELLA DATA INDICATA CON NESSUN METODO DI SPEDIZIONE.<\/span><\/strong><\/p>\n<p>Scopri il <strong>BV5300 Pro<\/strong>, il telefono robusto e potente che ti accompagner\u00e0 in ogni avventura! Grazie al suo design robusto e resistente all&#039;acqua, alla polvere e agli urti, questo dispositivo \u00e8 pronto a resistere alle condizioni pi\u00f9 estreme. Questo cellulare impermeabile ha <strong>Certificazione IP68 e IP69K<\/strong>. Ha <strong>4 GB di RAM<\/strong> e con Android 14, il BV5300 Pro assicura prestazioni fluide ed efficienti, indipendentemente dalle attivit\u00e0 svolte.<\/p>\n<p>Inoltre, il suo schermo da 6,1 pollici offre un&#039;esperienza visiva nitida e vibrante, cos\u00ec puoi goderti appieno foto, video e giochi. Non dovrai preoccuparti della durata della batteria, poich\u00e9 ha una capacit\u00e0 di <strong>6580 mAh<\/strong> che ti dar\u00e0 energia per tutto il giorno. Cattura momenti indimenticabili con la fotocamera posteriore da 13 megapixel e scatta selfie perfetti con quella anteriore da 8 megapixel. Inoltre, con 64 GB di memoria interna e la possibilit\u00e0 di espanderla fino a 512 GB tramite una scheda microSD, avrai spazio pi\u00f9 che sufficiente per archiviare tutti i tuoi file e le tue app.<\/p>\n<p>Non lasciare che nulla ti fermi e acquista subito BV5300 Pro per un&#039;esperienza mobile completa e robusta!<\/p>\n<p style=\"font-weight: 400;\"><strong>Resistenza estrema per qualsiasi ambiente<\/strong><\/p>\n<p>Blackview BV5300 Pro \u00e8 il compagno ideale per gli amanti dell&#039;aria aperta e per chi lavora in ambienti difficili. Il suo design robusto soddisfa gli standard di resistenza IP68 e IP69K, rendendolo resistente all&#039;acqua, alla polvere e agli urti. Puoi immergerlo fino a 1,5 metri di profondit\u00e0 per 30 minuti senza preoccupazioni. Inoltre, \u00e8 progettato per resistere a cadute da altezze fino a 1,5 metri, offrendoti la massima tranquillit\u00e0 in ogni situazione.<\/p>\n<h3><span style=\"font-size: 16px;\">IP68: COSA SI PU\u00d2 FARE E COSA NON SI PU\u00d2 FARE<\/span><\/h3>\n<p>Se un dispositivo \u00e8 certificato IP68, significa che pu\u00f2 essere immerso in acqua. <strong>acqua dolce<\/strong>\u00a0<strong>a profondit\u00e0 fino a un metro per un massimo di 30 minuti, a condizione che le protezioni terminali rimangano adeguatamente sigillate.<\/strong><\/p>\n<p><strong>Vi lasciamo qualche consiglio<\/strong>\u00a0<strong>per qualsiasi terminale con certificazione IP68<\/strong>:<\/p>\n<ul>\n<li>Non esporre lo smartphone IP68 a correnti d&#039;acqua come acqua del rubinetto, onde dell&#039;oceano o cascate.<\/li>\n<li>Inoltre, se il tuo smartphone IP68 \u00e8 stato esposto ad acqua dolce, asciugalo accuratamente con un panno pulito e morbido.<\/li>\n<li>Se lo smartphone IP68 \u00e8 stato esposto a qualsiasi tipo di liquido diverso dall&#039;acqua dolce (ad esempio l&#039;acqua di mare), sciacquare immediatamente il dispositivo con acqua dolce delicata e asciugarlo accuratamente con un panno morbido e pulito.<\/li>\n<li>In caso di dubbi sulla corretta chiusura delle protezioni.\u00a0<strong>NO\u00a0<\/strong>lo bagni.<\/li>\n<li>Evita test aggressivi per dimostrare la tua resistenza<\/li>\n<li>Si sconsiglia di manipolare i pulsanti dell&#039;apparecchio in acqua.<\/li>\n<li>Si raccomanda di NON immergere il dispositivo in acqua salata poich\u00e9 la certificazione IP \u00e8 valida solo per l&#039;acqua dolce.<\/li>\n<\/ul>","protected":false},"excerpt":{"rendered":"<p><strong><span style=\"color: #0000ff;\">Le spedizioni inizieranno il 12\/05\/2026<\/span><\/strong><\/p>\n<p><strong><span style=\"color: #0000ff;\">PREZZO SPECIALE IN PREORDINE CON DATA DI SPEDIZIONE POSTICIPATA. NON DISPONIBILE PER LA SPEDIZIONE PRIMA DELLA DATA INDICATA CON NESSUN METODO DI SPEDIZIONE.<\/span><\/strong><\/p>\n<p>MediaTek Helio P35<\/p>\n<p>4 GB + 8 GB di RAM 64 GB di ROM<\/p>\n<p>Androide 14<\/p>\n<p>Dimensioni: 161,5 x 77,6 x 15,0 mm<\/p>\n<p>Schermo 6.1\u2033 Peso 273 grammi<\/p>\n<p>6580 mAh<\/p>\n<p>Telefono cellulare robusto con NFC<\/p>","protected":false},"featured_media":12668,"comment_status":"closed","ping_status":"closed","template":"","meta":{"_acf_changed":false},"product_brand":[287],"product_cat":[136,166,159,332],"product_tag":[],"class_list":{"0":"post-6709","1":"product","2":"type-product","3":"status-publish","4":"has-post-thumbnail","6":"product_brand-blackview","7":"product_cat-moviles-resistentes-rugerizados","8":"product_cat-moviles-resistentes-rugerizados-nuevos-modelos","9":"product_cat-ofertas","10":"product_cat-reservar-moviles-blackview","12":"first","13":"instock","14":"sale","15":"shipping-taxable","16":"purchasable","17":"product-type-variable","18":"has-default-attributes"},"acf":[],"_links":{"self":[{"href":"https:\/\/blackviewphones.com\/it\/wp-json\/wp\/v2\/product\/6709","targetHints":{"allow":["GET"]}}],"collection":[{"href":"https:\/\/blackviewphones.com\/it\/wp-json\/wp\/v2\/product"}],"about":[{"href":"https:\/\/blackviewphones.com\/it\/wp-json\/wp\/v2\/types\/product"}],"replies":[{"embeddable":true,"href":"https:\/\/blackviewphones.com\/it\/wp-json\/wp\/v2\/comments?post=6709"}],"version-history":[{"count":0,"href":"https:\/\/blackviewphones.com\/it\/wp-json\/wp\/v2\/product\/6709\/revisions"}],"wp:featuredmedia":[{"embeddable":true,"href":"https:\/\/blackviewphones.com\/it\/wp-json\/wp\/v2\/media\/12668"}],"wp:attachment":[{"href":"https:\/\/blackviewphones.com\/it\/wp-json\/wp\/v2\/media?parent=6709"}],"wp:term":[{"taxonomy":"product_brand","embeddable":true,"href":"https:\/\/blackviewphones.com\/it\/wp-json\/wp\/v2\/product_brand?post=6709"},{"taxonomy":"product_cat","embeddable":true,"href":"https:\/\/blackviewphones.com\/it\/wp-json\/wp\/v2\/product_cat?post=6709"},{"taxonomy":"product_tag","embeddable":true,"href":"https:\/\/blackviewphones.com\/it\/wp-json\/wp\/v2\/product_tag?post=6709"}],"curies":[{"name":"wp","href":"https:\/\/api.w.org\/{rel}","templated":true}]}}