

{"id":6424,"date":"2025-03-14T09:15:52","date_gmt":"2025-03-14T08:15:52","guid":{"rendered":"https:\/\/blackviewphones.com\/?post_type=product&#038;p=6424"},"modified":"2025-12-29T16:11:19","modified_gmt":"2025-12-29T15:11:19","slug":"blackview-bv7200-10-gb-6-gb-4-gb-ram-128-gb-rom","status":"publish","type":"product","link":"https:\/\/blackviewphones.com\/it\/product\/blackview-bv7200-10-gb-6gb-4gb-ram-128-gb-rom\/","title":{"rendered":"Smartphone Android 10.0 da 16 GB, con fotocamera da 13 MP e batteria da 1000 mAh. 10 GB (6 GB + 4 GB) di RAM + 128 GB di ROM"},"content":{"rendered":"<h1>Smartphone Android 10.0 da 16 GB, con fotocamera da 13 MP e batteria da 1000 mAh. 10 GB (6 GB + 4 GB) di RAM + 128 GB di ROM<\/h1>\n<p>Blackview BV7200, uno stile di vita robusto e invincibile con il nuovo modello rugged di Blackview, resistente all&#039;acqua e alla polvere. Progettato con una resistenza superiore per resistere alle cadute e agli urti quotidiani. Con spia luminosa, NFC, un gancio per portarlo ovunque senza perderlo e, per facilitarne l&#039;utilizzo, un sensore di impronte digitali 2 in 1 e un pulsante di accensione.<\/p>\n<p>Processore MeadiaTek Helio G85: potenza e velocit\u00e0 per la maggior parte delle esigenze. Dispone di 6 GB di RAM e fino a 128 GB di espansione.<\/p>\n<p>Fotocamera da 50 Megapixel, Dual 4G e schermo da 6,1 pollici. Dispone anche di una modalit\u00e0 subacquea.<\/p>\n<h2>Caratteristiche di Blackview BV7200<\/h2>\n<table style=\"height: 1277px;\" width=\"790\">\n<tbody>\n<tr>\n<td>\n<h3 id=\"sec-design\" class=\"k-h3\">Caratteristiche generali<\/h3>\n<\/td>\n<\/tr>\n<tr>\n<td><strong>Modello:\u00a0<\/strong><\/td>\n<td>MediaTek Helio G85<\/td>\n<\/tr>\n<tr>\n<td><strong>Scheda grafica:<\/strong><\/td>\n<td>2x Corteccia<b class=\"dot\">\u2022<\/b>A75 2,0 GHz + 6x Cortex<b class=\"dot\">\u2022<\/b>A55 1,8 GHz<\/td>\n<\/tr>\n<tr>\n<td><strong>Tipo:<\/strong><\/td>\n<td>Octa-Core<\/td>\n<\/tr>\n<tr>\n<td><strong>Dimensioni:<\/strong><\/td>\n<td>81,6 millimetri \u00b7 165,3 millimetri \u00b7 16 millimetri<\/td>\n<\/tr>\n<tr>\n<td><strong>Peso:<\/strong><\/td>\n<td>288 gr<\/td>\n<\/tr>\n<tr>\n<td><strong>Sistema operativo:<\/strong><\/td>\n<td>Androide 12<\/td>\n<\/tr>\n<tr>\n<td>\n<h3>Capacit\u00e0<\/h3>\n<\/td>\n<\/tr>\n<tr>\n<td><strong>Memoria RAM:<\/strong><\/td>\n<td>6 GB<\/td>\n<\/tr>\n<tr>\n<td><strong>ROM:<\/strong><\/td>\n<td>128 GB<\/td>\n<\/tr>\n<tr>\n<td><strong>Espandibile:<\/strong><\/td>\n<td>S\u00ec<\/td>\n<\/tr>\n<tr>\n<td><strong>Batteria:<\/strong><\/td>\n<td>5180 mAh<\/td>\n<\/tr>\n<tr>\n<td>\n<h3>Schermo<\/h3>\n<\/td>\n<\/tr>\n<tr>\n<td><strong>Misurare:<\/strong><\/td>\n<td>6.1\u2033<\/td>\n<\/tr>\n<tr>\n<td><strong>Tipo:<\/strong><\/td>\n<td>Schermo LCD IPS<\/td>\n<\/tr>\n<tr>\n<td><strong>Risoluzione:<\/strong><\/td>\n<td>720 x 21560 px <b class=\"dot\">\u2022<\/b>\u00a0Full HD+<\/td>\n<\/tr>\n<tr>\n<td><\/td>\n<td><\/td>\n<\/tr>\n<tr>\n<td>\n<h3>Telecamera<\/h3>\n<\/td>\n<\/tr>\n<tr>\n<td><strong>Telecamera posteriore:<\/strong><\/td>\n<td>50 Mpx<\/td>\n<\/tr>\n<tr>\n<td><strong>Fotocamera frontale:<\/strong><\/td>\n<td>8 Mpx<\/td>\n<\/tr>\n<tr>\n<td>\n<h3>Altre caratteristiche<\/h3>\n<\/td>\n<td><\/td>\n<\/tr>\n<tr>\n<td><strong>Doppia SIM<\/strong><\/td>\n<td>S\u00ec<\/td>\n<\/tr>\n<tr>\n<td><strong>Wifi<\/strong><\/td>\n<td>802.11a, 802.11b, 802.11g, 802.11n, 802.11n 5GHz, 802.11ac<\/td>\n<\/tr>\n<tr>\n<td><strong>Bluetooth<\/strong><\/td>\n<td>Versione Bluetooth 5.4<\/td>\n<\/tr>\n<tr>\n<td><strong>Navigazione<\/strong><\/td>\n<td>GPS, A-GPS, GLONASS, Beidou, Galileo<\/td>\n<\/tr>\n<tr>\n<td><strong>Non-FC<\/strong><\/td>\n<td>S\u00ec<\/td>\n<\/tr>\n<tr>\n<td><b>Ingresso cuffie di tipo C<\/b><\/td>\n<\/tr>\n<tr>\n<td>\n<h3>Contenuto della confezione<\/h3>\n<\/td>\n<td><\/td>\n<\/tr>\n<tr>\n<td><strong> Neroview BV7200<\/strong><\/td>\n<td><\/td>\n<\/tr>\n<tr>\n<td><strong>Tappo<\/strong><\/td>\n<td><\/td>\n<\/tr>\n<tr>\n<td><strong>Cavo di ricarica di tipo C<\/strong><\/td>\n<td><\/td>\n<\/tr>\n<\/tbody>\n<\/table>\n<h2><span style=\"font-size: 16px;\">IP68: COSA SI PU\u00d2 FARE E COSA NON SI PU\u00d2 FARE<\/span><\/h2>\n<p>Se un dispositivo \u00e8 certificato IP68, significa che pu\u00f2 essere immerso in acqua. <strong>acqua dolce<\/strong>\u00a0<strong>a profondit\u00e0 fino a un metro per un massimo di 30 minuti, a condizione che le protezioni terminali siano mantenute adeguatamente sigillate.<\/strong><\/p>\n<p><strong>Vi lasciamo qualche consiglio<\/strong>\u00a0<strong>per qualsiasi terminale con certificazione IP68<\/strong>:<\/p>\n<ul>\n<li>Non esporre lo smartphone IP68 a correnti d&#039;acqua come acqua del rubinetto, onde dell&#039;oceano o cascate.<\/li>\n<li>Inoltre, se il tuo smartphone IP68 \u00e8 stato esposto ad acqua dolce, asciugalo accuratamente con un panno pulito e morbido.<\/li>\n<li>Se lo smartphone IP68 \u00e8 stato esposto a qualsiasi tipo di liquido diverso dall&#039;acqua dolce (ad esempio l&#039;acqua di mare), sciacquare immediatamente e delicatamente il dispositivo con acqua dolce e asciugarlo accuratamente con un panno morbido e pulito.<\/li>\n<li>In caso di dubbi sulla corretta chiusura delle protezioni.\u00a0<strong>NO\u00a0<\/strong>lo bagni.<\/li>\n<li>Evita test aggressivi per dimostrare la tua resistenza<\/li>\n<li>Si sconsiglia di manipolare i pulsanti dell&#039;apparecchio in acqua.<\/li>\n<li>Si raccomanda di NON immergere il dispositivo in acqua salata poich\u00e9 la certificazione IP \u00e8 valida solo per l&#039;acqua dolce.<\/li>\n<\/ul>","protected":false},"excerpt":{"rendered":"<p>Blackview BV7200 | 10 GB (6GB + 4GB) RAM + 128 GB ROM Blackview BV7200, un\u00a0 estilo de vida robusto e invencible con el nuevo modelo de Blackview rugerizado, resistente al agua, polvo. Dise\u00f1ado con un nivel superior de durabilidad para sobrevivir a las ca\u00eddas y golpes del d\u00eda a d\u00eda. Con una luz indicadora,<\/p>\n<div class=\"klb-readmore entry-button\"><a class=\"btn read-more\" href=\"https:\/\/blackviewphones.com\/it\/product\/blackview-bv7200-10-gb-6gb-4gb-ram-128-gb-rom\/\">Per saperne di pi\u00f9<\/a><\/div>","protected":false},"featured_media":3651,"comment_status":"closed","ping_status":"closed","template":"","meta":{"_acf_changed":false},"product_brand":[],"product_cat":[349],"product_tag":[],"class_list":{"0":"post-6424","1":"product","2":"type-product","3":"status-publish","4":"has-post-thumbnail","6":"product_cat-sin-categoria","8":"first","9":"outofstock","10":"sale","11":"shipping-taxable","12":"purchasable","13":"product-type-variable","14":"has-default-attributes"},"acf":[],"_links":{"self":[{"href":"https:\/\/blackviewphones.com\/it\/wp-json\/wp\/v2\/product\/6424","targetHints":{"allow":["GET"]}}],"collection":[{"href":"https:\/\/blackviewphones.com\/it\/wp-json\/wp\/v2\/product"}],"about":[{"href":"https:\/\/blackviewphones.com\/it\/wp-json\/wp\/v2\/types\/product"}],"replies":[{"embeddable":true,"href":"https:\/\/blackviewphones.com\/it\/wp-json\/wp\/v2\/comments?post=6424"}],"version-history":[{"count":0,"href":"https:\/\/blackviewphones.com\/it\/wp-json\/wp\/v2\/product\/6424\/revisions"}],"wp:featuredmedia":[{"embeddable":true,"href":"https:\/\/blackviewphones.com\/it\/wp-json\/wp\/v2\/media\/3651"}],"wp:attachment":[{"href":"https:\/\/blackviewphones.com\/it\/wp-json\/wp\/v2\/media?parent=6424"}],"wp:term":[{"taxonomy":"product_brand","embeddable":true,"href":"https:\/\/blackviewphones.com\/it\/wp-json\/wp\/v2\/product_brand?post=6424"},{"taxonomy":"product_cat","embeddable":true,"href":"https:\/\/blackviewphones.com\/it\/wp-json\/wp\/v2\/product_cat?post=6424"},{"taxonomy":"product_tag","embeddable":true,"href":"https:\/\/blackviewphones.com\/it\/wp-json\/wp\/v2\/product_tag?post=6424"}],"curies":[{"name":"wp","href":"https:\/\/api.w.org\/{rel}","templated":true}]}}