

{"id":6361,"date":"2025-03-14T09:11:59","date_gmt":"2025-03-14T08:11:59","guid":{"rendered":"https:\/\/blackviewphones.com\/?post_type=product&#038;p=6361"},"modified":"2026-02-03T13:48:45","modified_gmt":"2026-02-03T12:48:45","slug":"telecamera-termica-blackview-bl8800-pro-5g","status":"publish","type":"product","link":"https:\/\/blackviewphones.com\/it\/product\/blackview-bl8800-pro-5g-camara-termica\/","title":{"rendered":"Smartphone Android 10.0 da 64 GB, con batteria da 128 GB, ... Telecamera termica 5G"},"content":{"rendered":"<h1>Blackview BL8800 Pro 5G \u2013 Con termocamera<\/h1>\n<p>Blackview BL8800 Pro \u2013 5G, arriva sul mercato con telecamera termica integrata.<\/p>\n<p>Ha una capacit\u00e0 di<strong> 8 GB di RAM e 128 GB di ROM<\/strong>, con il processore MediaTek Dimensity 700 (MT6833) di ultima generazione, che ti consentir\u00e0 di gestire pi\u00f9 attivit\u00e0 contemporaneamente e di passare senza problemi da un&#039;applicazione all&#039;altra.<\/p>\n<p>Si tratta inoltre di un dispositivo dotato di una tripla fotocamera da 50 megapixel e coadiuvata da altre due da 2MP e 5MP<\/p>\n<p>Dispositivo testato con grado di protezione IP68 e IP69K.<\/p>\n<p>Lo schermo \u00e8 da 6,58 pollici, la batteria \u00e8 da 8380 mAh e il sistema operativo \u00e8 Android 11.<\/p>\n<h2><span style=\"font-size: 16px;\">IP68: COSA SI PU\u00d2 FARE E COSA NON SI PU\u00d2 FARE<\/span><\/h2>\n<p>Se un dispositivo \u00e8 certificato IP68, significa che pu\u00f2 essere immerso in acqua. <strong>acqua dolce<\/strong>\u00a0<strong>a profondit\u00e0 fino a un metro per un massimo di 30 minuti, a condizione che le protezioni terminali siano mantenute adeguatamente sigillate.<\/strong><\/p>\n<p><strong>Vi lasciamo qualche consiglio<\/strong>\u00a0<strong>per qualsiasi terminale con certificazione IP68<\/strong>:<\/p>\n<ul>\n<li>Non esporre lo smartphone IP68 a correnti d&#039;acqua come acqua del rubinetto, onde dell&#039;oceano o cascate.<\/li>\n<li>Se il tuo smartphone IP68 \u00e8 stato esposto ad acqua dolce, asciugalo accuratamente con un panno pulito e morbido.<\/li>\n<li>Se lo smartphone IP68 \u00e8 stato esposto a qualsiasi tipo di liquido diverso dall&#039;acqua dolce (ad esempio l&#039;acqua di mare), sciacquare immediatamente e delicatamente il dispositivo con acqua dolce e asciugarlo accuratamente con un panno morbido e pulito.<\/li>\n<li>In caso di dubbi sulla corretta chiusura delle protezioni.\u00a0<strong>NO\u00a0<\/strong>lo bagni.<\/li>\n<li>Sconsigliamo di effettuare test aggressivi per dimostrare la propria resistenza.<\/li>\n<li>Si sconsiglia di manipolare i pulsanti dell&#039;apparecchio in acqua.<\/li>\n<li>Si sconsiglia di immergere il dispositivo in acqua salata poich\u00e9 la certificazione IP \u00e8 valida solo per l&#039;acqua dolce.<\/li>\n<\/ul>","protected":false},"excerpt":{"rendered":"<p>Dimensioni MediaTek 700<\/p>\n<p>8 GB di RAM 128 GB di ROM<\/p>\n<p>Android 11 \u2013 5G | Sensore termico<\/p>\n<p>176,2 millimetri * 83,5 millimetri * 17,7 millimetri<\/p>\n<p>Schermo 6.58\u2033 Peso 367 g<\/p>\n<p>8380 mAh<\/p>\n<p>Cellulare robusto con NFC<\/p>","protected":false},"featured_media":3554,"comment_status":"closed","ping_status":"closed","template":"","meta":{"_acf_changed":false},"product_brand":[],"product_cat":[349],"product_tag":[184],"class_list":{"0":"post-6361","1":"product","2":"type-product","3":"status-publish","4":"has-post-thumbnail","6":"product_cat-sin-categoria","7":"product_tag-camara-termica","9":"first","10":"outofstock","11":"sale","12":"shipping-taxable","13":"purchasable","14":"product-type-variable","15":"has-default-attributes"},"acf":[],"_links":{"self":[{"href":"https:\/\/blackviewphones.com\/it\/wp-json\/wp\/v2\/product\/6361","targetHints":{"allow":["GET"]}}],"collection":[{"href":"https:\/\/blackviewphones.com\/it\/wp-json\/wp\/v2\/product"}],"about":[{"href":"https:\/\/blackviewphones.com\/it\/wp-json\/wp\/v2\/types\/product"}],"replies":[{"embeddable":true,"href":"https:\/\/blackviewphones.com\/it\/wp-json\/wp\/v2\/comments?post=6361"}],"version-history":[{"count":0,"href":"https:\/\/blackviewphones.com\/it\/wp-json\/wp\/v2\/product\/6361\/revisions"}],"wp:featuredmedia":[{"embeddable":true,"href":"https:\/\/blackviewphones.com\/it\/wp-json\/wp\/v2\/media\/3554"}],"wp:attachment":[{"href":"https:\/\/blackviewphones.com\/it\/wp-json\/wp\/v2\/media?parent=6361"}],"wp:term":[{"taxonomy":"product_brand","embeddable":true,"href":"https:\/\/blackviewphones.com\/it\/wp-json\/wp\/v2\/product_brand?post=6361"},{"taxonomy":"product_cat","embeddable":true,"href":"https:\/\/blackviewphones.com\/it\/wp-json\/wp\/v2\/product_cat?post=6361"},{"taxonomy":"product_tag","embeddable":true,"href":"https:\/\/blackviewphones.com\/it\/wp-json\/wp\/v2\/product_tag?post=6361"}],"curies":[{"name":"wp","href":"https:\/\/api.w.org\/{rel}","templated":true}]}}