

{"id":6179,"date":"2025-03-14T09:00:24","date_gmt":"2025-03-14T08:00:24","guid":{"rendered":"https:\/\/blackviewphones.com\/?post_type=product&#038;p=6179"},"modified":"2026-04-27T11:35:25","modified_gmt":"2026-04-27T09:35:25","slug":"custodia-orizzontale-per-cellulare-blackview","status":"publish","type":"product","link":"https:\/\/blackviewphones.com\/it\/product\/funda-movil-blackview-horizontal\/","title":{"rendered":"Custodia orizzontale per cellulare Blackview"},"content":{"rendered":"<h1>Custodia orizzontale per cellulare Blackview<\/h1>\n<p><strong>Ideale per portare il tuo dispositivo sempre vicino a te e molto ben protetto nella custodia orizzontale per cellulare Blackview<\/strong><\/p>\n<p><span class=\"a-list-item\">PRATICA E PROTETTA: Grazie alla pratica clip da cintura e da pantaloni della custodia protettiva nera, puoi agganciare facilmente il tuo smartphone, tenendolo sempre a portata di mano e perfettamente protetto nella custodia.<\/span><\/p>\n<p><span class=\"a-list-item\">ELEGANTE: Questa custodia protettiva universale ha dimensioni di 16,5 cm 8,5 cm 1,5 cm ed \u00e8 realizzata in similpelle molto resistente. Massima protezione contro sporco, graffi, urti e cadute.<\/span><\/p>\n<p><span class=\"a-list-item\">COMPATIBILE CON: Quasi tutti i dispositivi Blackview eccetto BV6100, BV9100, BV9500 plus, BV9500 Pro, BV9600, BV9600 Pro, BV9700, BV9800, BV9800 Pro e altri.<\/span><\/p>\n<p><span class=\"a-list-item\">SOBRIO: Questa custodia si abbiner\u00e0 molto bene ai tuoi vestiti e accessori grazie al suo design sobrio e in tinta unita.<\/span><\/p>\n<p><span class=\"a-list-item\">SICURA: la copertura a clip rimarr\u00e0 ferma ovunque la posizioni. Si attaccher\u00e0 saldamente alla tua cintura!<\/span><\/p>","protected":false},"excerpt":{"rendered":"<p>Funda M\u00f3vil Blackview Horizontal Ideal para portar tu dispositivo siempre cerca de ti y muy bien protegido en la Funda M\u00f3vil Blackview Horizontal A MANO Y PROTEGIDO: El pr\u00e1ctico enganche para pantalones y cinturones del case protector negro, tu tel\u00e9fono m\u00f3vil inteligente se podr\u00e1 colocar f\u00e1cilmente, teni\u00e9ndolo siempre a mano y perfectamente protegido en el<\/p>\n<div class=\"klb-readmore entry-button\"><a class=\"btn read-more\" href=\"https:\/\/blackviewphones.com\/it\/product\/funda-movil-blackview-horizontal\/\">Per saperne di pi\u00f9<\/a><\/div>","protected":false},"featured_media":3278,"comment_status":"closed","ping_status":"closed","template":"","meta":{"_acf_changed":false},"product_brand":[],"product_cat":[330,154],"product_tag":[],"class_list":{"0":"post-6179","1":"product","2":"type-product","3":"status-publish","4":"has-post-thumbnail","6":"product_cat-accesorios-blackview-accesorios-para-moviles","7":"product_cat-accesorios-blackview","9":"first","10":"instock","11":"shipping-taxable","12":"purchasable","13":"product-type-variable","14":"has-default-attributes"},"acf":[],"_links":{"self":[{"href":"https:\/\/blackviewphones.com\/it\/wp-json\/wp\/v2\/product\/6179","targetHints":{"allow":["GET"]}}],"collection":[{"href":"https:\/\/blackviewphones.com\/it\/wp-json\/wp\/v2\/product"}],"about":[{"href":"https:\/\/blackviewphones.com\/it\/wp-json\/wp\/v2\/types\/product"}],"replies":[{"embeddable":true,"href":"https:\/\/blackviewphones.com\/it\/wp-json\/wp\/v2\/comments?post=6179"}],"version-history":[{"count":0,"href":"https:\/\/blackviewphones.com\/it\/wp-json\/wp\/v2\/product\/6179\/revisions"}],"wp:featuredmedia":[{"embeddable":true,"href":"https:\/\/blackviewphones.com\/it\/wp-json\/wp\/v2\/media\/3278"}],"wp:attachment":[{"href":"https:\/\/blackviewphones.com\/it\/wp-json\/wp\/v2\/media?parent=6179"}],"wp:term":[{"taxonomy":"product_brand","embeddable":true,"href":"https:\/\/blackviewphones.com\/it\/wp-json\/wp\/v2\/product_brand?post=6179"},{"taxonomy":"product_cat","embeddable":true,"href":"https:\/\/blackviewphones.com\/it\/wp-json\/wp\/v2\/product_cat?post=6179"},{"taxonomy":"product_tag","embeddable":true,"href":"https:\/\/blackviewphones.com\/it\/wp-json\/wp\/v2\/product_tag?post=6179"}],"curies":[{"name":"wp","href":"https:\/\/api.w.org\/{rel}","templated":true}]}}