

{"id":5020,"date":"2025-01-17T16:43:41","date_gmt":"2025-01-17T15:43:41","guid":{"rendered":"https:\/\/blackviewphones.com\/?product=blackview-bv8200-36-gb-ram-256-gb-rom-ai-brillo-linterna-negro"},"modified":"2026-04-14T12:37:08","modified_gmt":"2026-04-14T10:37:08","slug":"blackview-bv8200-36-gb-di-ram-e-256-gb-di-rom-con-torcia-elettrica","status":"publish","type":"product","link":"https:\/\/blackviewphones.com\/it\/product\/blackview-bv8200-36-gb-ram-256-gb-rom-linterna\/","title":{"rendered":"Smartphone Android 10.0 da 16 GB, con fotocamera da 13 MP e batteria da 1000 mAh. 36 GB (12 GB + 24 GB) di RAM 256 GB di ROM"},"content":{"rendered":"<h1>Smartphone Android 10.0 da 16 GB, con fotocamera da 13 MP e batteria da 1000 mAh. 36 GB (12 GB + 24 GB) di RAM 256 GB di ROM<\/h1>\n<p>Vi presentiamo il\u00a0<strong>BV8200, un telefono robusto.<\/strong>\u00a0Progettata per resistere agli ambienti pi\u00f9 difficili, con una torcia elettrica fino a 170 lumen. Dotato di un potente processore\u00a0<strong>MediaTek Helio G100<\/strong>\u00a0E\u00a0<strong>Androide 14<\/strong>. Con\u00a0<strong>12 GB<\/strong>\u00a0<strong>di RAM<\/strong>\u00a0Fino a\u00a0<strong>24 GB<\/strong><strong>\u00a0ulteriore<\/strong>\u00a0espansione, questo dispositivo ti garantisce prestazioni rapide e fluide in tutte le tue attivit\u00e0. Con una capacit\u00e0 di archiviazione interna di\u00a0<strong>256 GB<\/strong>\u00a0e la possibilit\u00e0 di espandere la memoria fino a 2 TB tramite scheda microSD: avrai spazio pi\u00f9 che sufficiente per archiviare file, app e contenuti multimediali.<\/p>\n<p>Il suo doppio schermo\u00a0<strong>CORNING \u00ae GORILLA \u00ae VETRO 5, l<\/strong>un anteriore da 6,5 pollici,\u00a0<strong>Frequenza 120 Hz<\/strong>, offre un&#039;esperienza visiva coinvolgente e vibrante, mentre la sua batteria a lunga durata\u00a0<strong>8800 mAh<\/strong>\u00a0consente di usufruire di un utilizzo prolungato senza preoccuparsi di rimanere senza energia. Ha anche un display posteriore da 1,3\u2033 a 60Hz.<\/p>\n<p>Il BV8200 \u00e8 dotato di una fotocamera posteriore\u00a0<strong>Fotocamera Samsung\u00ae ISOCELL GN5 da 50 MP<\/strong>, che consente di catturare immagini e video di alta qualit\u00e0 anche in condizioni di scarsa illuminazione. Inoltre, la fotocamera frontale da 32 MPx \u00e8 perfetta per scattare selfie spettacolari ed \u00e8 dotata di un editor fotografico basato sull&#039;intelligenza artificiale.<\/p>\n<p>Inoltre, offre prestazioni e capacit\u00e0 di archiviazione elevate. Il BV8200 ha\u00a0<strong>Certificazioni IP68 e IP69K<\/strong>, il che significa che \u00e8 resistente all&#039;acqua dolce e alla polvere. Soddisfa anche gli standard militari.\u00a0<strong>Norma MIL-STD-810H<\/strong>, che ne garantisce la resistenza a condizioni estreme quali cadute, vibrazioni e temperature estreme.<\/p>\n<h2><span style=\"font-size: 16px;\">Non perdere l&#039;occasione di acquistare il BV8200, un telefono robusto e affidabile che ti accompagner\u00e0 nelle tue avventure pi\u00f9 estreme. Scopri prestazioni eccezionali, batteria a lunga durata, torcia potente e una qualit\u00e0 della fotocamera eccezionale. Preparati a portare la tua esperienza mobile a un livello superiore con Blackview BV8200!<\/span><\/h2>\n<h3>IP68: COSA SI PU\u00d2 FARE E COSA NON SI PU\u00d2 FARE<\/h3>\n<p>Se un dispositivo \u00e8 certificato IP68, significa che pu\u00f2 essere immerso in acqua.\u00a0<strong>acqua dolce<\/strong>\u00a0<strong>a profondit\u00e0 fino a un metro per un massimo di 30 minuti, a condizione che le protezioni terminali rimangano adeguatamente sigillate.<\/strong><\/p>\n<p><strong>Vi lasciamo qualche consiglio<\/strong>\u00a0<strong>per qualsiasi terminale con certificazione IP68<\/strong>:<\/p>\n<ul>\n<li>Non esporre lo smartphone IP68 a correnti d&#039;acqua come acqua del rubinetto, onde dell&#039;oceano o cascate.<\/li>\n<li>Inoltre, se il tuo smartphone IP68 \u00e8 stato esposto ad acqua dolce, asciugalo accuratamente con un panno pulito e morbido.<\/li>\n<li>Se lo smartphone IP68 \u00e8 stato esposto a qualsiasi tipo di liquido diverso dall&#039;acqua dolce (ad esempio l&#039;acqua di mare), sciacquare immediatamente e delicatamente il dispositivo con acqua dolce e asciugarlo accuratamente con un panno morbido e pulito.<\/li>\n<li>In caso di dubbi sulla corretta chiusura delle protezioni.\u00a0<strong>NO\u00a0<\/strong>lo bagni.<\/li>\n<li>Evita test aggressivi per dimostrare la tua resistenza<\/li>\n<li>Si sconsiglia di manipolare i pulsanti dell&#039;apparecchio in acqua.<\/li>\n<li>Si raccomanda di NON bagnare il dispositivo in acqua salata, poich\u00e9 la certificazione IP \u00e8 valida solo per l&#039;acqua dolce.<\/li>\n<\/ul>","protected":false},"excerpt":{"rendered":"<p>Cellulare robusto con NFC<\/p>\n<p>MediaTek Helio G100<\/p>\n<p>12 GB + 24 GB di RAM 256 GB di ROM<\/p>\n<p>Android 14 | Torcia elettrica da 170 LM<\/p>\n<p>174,6*81,1*16,5 millimetri<\/p>\n<p>Schermo da 6,5&quot; e 500 nit<\/p>\n<p>8800 mAh Peso 370 g<\/p>\n<div id=\"gtx-trans\" style=\"position: absolute; left: 675px; top: 276.99px;\">\n<div class=\"gtx-trans-icon\"><\/div>\n<\/div>","protected":false},"featured_media":12571,"comment_status":"open","ping_status":"closed","template":"","meta":{"_acf_changed":false},"product_brand":[287],"product_cat":[42,136,166,159],"product_tag":[298],"class_list":{"0":"post-5020","1":"product","2":"type-product","3":"status-publish","4":"has-post-thumbnail","6":"product_brand-blackview","7":"product_cat-moviles-blackview","8":"product_cat-moviles-resistentes-rugerizados","9":"product_cat-moviles-resistentes-rugerizados-nuevos-modelos","10":"product_cat-ofertas","11":"product_tag-linterna","13":"first","14":"outofstock","15":"sale","16":"shipping-taxable","17":"purchasable","18":"product-type-variable"},"acf":[],"_links":{"self":[{"href":"https:\/\/blackviewphones.com\/it\/wp-json\/wp\/v2\/product\/5020","targetHints":{"allow":["GET"]}}],"collection":[{"href":"https:\/\/blackviewphones.com\/it\/wp-json\/wp\/v2\/product"}],"about":[{"href":"https:\/\/blackviewphones.com\/it\/wp-json\/wp\/v2\/types\/product"}],"replies":[{"embeddable":true,"href":"https:\/\/blackviewphones.com\/it\/wp-json\/wp\/v2\/comments?post=5020"}],"version-history":[{"count":0,"href":"https:\/\/blackviewphones.com\/it\/wp-json\/wp\/v2\/product\/5020\/revisions"}],"wp:featuredmedia":[{"embeddable":true,"href":"https:\/\/blackviewphones.com\/it\/wp-json\/wp\/v2\/media\/12571"}],"wp:attachment":[{"href":"https:\/\/blackviewphones.com\/it\/wp-json\/wp\/v2\/media?parent=5020"}],"wp:term":[{"taxonomy":"product_brand","embeddable":true,"href":"https:\/\/blackviewphones.com\/it\/wp-json\/wp\/v2\/product_brand?post=5020"},{"taxonomy":"product_cat","embeddable":true,"href":"https:\/\/blackviewphones.com\/it\/wp-json\/wp\/v2\/product_cat?post=5020"},{"taxonomy":"product_tag","embeddable":true,"href":"https:\/\/blackviewphones.com\/it\/wp-json\/wp\/v2\/product_tag?post=5020"}],"curies":[{"name":"wp","href":"https:\/\/api.w.org\/{rel}","templated":true}]}}