

{"id":4986,"date":"2025-01-17T16:43:29","date_gmt":"2025-01-17T15:43:29","guid":{"rendered":"https:\/\/blackviewphones.com\/?product=portatil-blackview-acebook-12-10th-16-gb-ram-512-gb-rom-gris"},"modified":"2026-01-07T10:46:50","modified_gmt":"2026-01-07T09:46:50","slug":"computer-portatile-blackview-acebook-12-10th-16-gb-di-ram-512-gb-di-rom","status":"publish","type":"product","link":"https:\/\/blackviewphones.com\/it\/product\/portatil-blackview-acebook-12-10th-16-gb-ram-512-gb-rom\/","title":{"rendered":"Blackview Acebook 12 10\u00b0 Laptop | 16 GB di RAM 512 GB di ROM"},"content":{"rendered":"<h1>Blackview Acebook 12 10\u00b0 Laptop | 16 GB di RAM 512 GB di ROM<\/h1>\n<p>Scopri il\u00a0<strong>Notebook Blackview Acebook 12<\/strong>\u00a0Il 10\u00b0 con processore Core i5 1030 NG7 \u00e8 arrivato per rivoluzionare la tua esperienza tecnologica. Con un design elegante e caratteristiche innovative, questo tablet offre potenza, versatilit\u00e0 e prestazioni eccezionali. Ha un display da 16\u2033 a 60Hz, 16 GB di RAM e 512 GB di ROM. Inoltre, \u00e8 dotato di Windows 11 preinstallato con tecnologia AI.<\/p>\n<h2><strong>Laptop con rotazione a 180\u00b0: flessibilit\u00e0 senza pari, sempre pronto<\/strong><\/h2>\n<p>Apple 12 \u00e8 dotato di una cerniera girevole a 180\u00b0, che ti consente di regolare il display su qualsiasi angolazione compresa tra 0\u00b0 e 180\u00b0, adattandolo perfettamente alle tue esigenze. Che tu stia condividendo schermi, collaborando con i colleghi o presentando a un gruppo, troverai sempre l&#039;angolazione perfetta.<\/p>\n<h2><strong>Suono surround 3D, immersione a 360\u00b0: esperienza audio migliore<\/strong><\/h2>\n<p>Senti la profondit\u00e0, sperimenta il suono. Utilizzando algoritmi avanzati di elaborazione audio e simulando il suono multicanale, Apple 12 offre un&#039;esperienza immersiva di qualit\u00e0 cinematografica tramite altoparlanti stereo o cuffie. Ogni nota prende vita e ogni dettaglio \u00e8 cristallino.<\/p>\n<p><strong data-start=\"132\" data-end=\"175\">Informazioni importanti sulla tastiera<\/strong><br data-start=\"175\" data-end=\"178\" \/>Questo prodotto \u00e8 un <strong data-start=\"198\" data-end=\"235\">tastiera QWERTY esterna (separata)<\/strong>, quindi <strong data-start=\"248\" data-end=\"275\">non include il tasto \u201c\u00d1\u201d<\/strong>.<\/p>\n<p><strong style=\"font-size: 16px;\">\u00c8 un portatile del marchio Blackview, ma non \u00e8 IP68, non pu\u00f2 bagnarsi n\u00e9 urtare.<\/strong><\/p>\n<p>\u00a0<\/p>","protected":false},"excerpt":{"rendered":"<p><strong data-start=\"132\" data-end=\"175\">Informazioni importanti sulla tastiera<\/strong><br data-start=\"175\" data-end=\"178\" \/>Questo prodotto \u00e8 un <strong data-start=\"198\" data-end=\"235\">tastiera QWERTY esterna (separata)<\/strong>, quindi <strong data-start=\"248\" data-end=\"275\">non include il tasto \u201c\u00d1\u201d<\/strong>.<\/p>\n<p>Processore Intel\u00ae Core i5 \u2013 1030 NG7<\/p>\n<p>Potente scheda grafica Intel\u00ae Iris\u00ae Plus<\/p>\n<p>359,52*233,83*18 millimetri<\/p>\n<p>Schermo da 16\u2033 | Peso 1,6 Kg<\/p>\n<p>5000 mAh | Windows 11 Pro preinstallato<\/p>\n<p>16 GB di RAM 512 GB di ROM<\/p>","protected":false},"featured_media":4982,"comment_status":"open","ping_status":"closed","template":"","meta":{"_acf_changed":false},"product_brand":[287],"product_cat":[349],"product_tag":[],"class_list":{"0":"post-4986","1":"product","2":"type-product","3":"status-publish","4":"has-post-thumbnail","6":"product_brand-blackview","7":"product_cat-sin-categoria","9":"first","10":"outofstock","11":"sale","12":"featured","13":"shipping-taxable","14":"purchasable","15":"product-type-variable","16":"has-default-attributes"},"acf":[],"_links":{"self":[{"href":"https:\/\/blackviewphones.com\/it\/wp-json\/wp\/v2\/product\/4986","targetHints":{"allow":["GET"]}}],"collection":[{"href":"https:\/\/blackviewphones.com\/it\/wp-json\/wp\/v2\/product"}],"about":[{"href":"https:\/\/blackviewphones.com\/it\/wp-json\/wp\/v2\/types\/product"}],"replies":[{"embeddable":true,"href":"https:\/\/blackviewphones.com\/it\/wp-json\/wp\/v2\/comments?post=4986"}],"version-history":[{"count":0,"href":"https:\/\/blackviewphones.com\/it\/wp-json\/wp\/v2\/product\/4986\/revisions"}],"wp:featuredmedia":[{"embeddable":true,"href":"https:\/\/blackviewphones.com\/it\/wp-json\/wp\/v2\/media\/4982"}],"wp:attachment":[{"href":"https:\/\/blackviewphones.com\/it\/wp-json\/wp\/v2\/media?parent=4986"}],"wp:term":[{"taxonomy":"product_brand","embeddable":true,"href":"https:\/\/blackviewphones.com\/it\/wp-json\/wp\/v2\/product_brand?post=4986"},{"taxonomy":"product_cat","embeddable":true,"href":"https:\/\/blackviewphones.com\/it\/wp-json\/wp\/v2\/product_cat?post=4986"},{"taxonomy":"product_tag","embeddable":true,"href":"https:\/\/blackviewphones.com\/it\/wp-json\/wp\/v2\/product_tag?post=4986"}],"curies":[{"name":"wp","href":"https:\/\/api.w.org\/{rel}","templated":true}]}}